{"id":7073,"date":"2019-01-28T10:34:14","date_gmt":"2019-01-28T14:34:14","guid":{"rendered":"https:\/\/mrcvs.ca\/environment\/"},"modified":"2025-08-14T16:22:24","modified_gmt":"2025-08-14T20:22:24","slug":"environment","status":"publish","type":"page","link":"https:\/\/mrcvs.ca\/en\/citizens\/environment\/","title":{"rendered":"Environment"},"content":{"rendered":"<p>[et_pb_section fb_built=&#8221;1&#8243; fullwidth=&#8221;on&#8221; _builder_version=&#8221;4.16&#8243; background_color=&#8221;#38b449&#8243; custom_padding=&#8221;45px||45px|&#8221; global_colors_info=&#8221;{}&#8221;]<\/p>\n<p>[et_pb_fullwidth_code admin_label=&#8221;Ligne Verte&#8221; _builder_version=&#8221;4.16&#8243; global_colors_info=&#8221;{}&#8221;][\/et_pb_fullwidth_code]<\/p>\n<p>[\/et_pb_section][et_pb_section fb_built=&#8221;1&#8243; _builder_version=&#8221;4.16&#8243; background_image=&#8221;https:\/\/mrcvs.ca\/wp-content\/uploads\/2018\/11\/citoyens_slider_background-7.jpg&#8221; custom_margin=&#8221;0px||0px|&#8221; custom_padding=&#8221;0px||0px|&#8221; global_colors_info=&#8221;{}&#8221;][et_pb_row module_id=&#8221;header-slider&#8221; _builder_version=&#8221;4.16&#8243; width=&#8221;100%&#8221; max_width=&#8221;100%&#8221; custom_margin=&#8221;0px||0px|&#8221; custom_padding=&#8221;0px||0px|&#8221; use_custom_width=&#8221;on&#8221; width_unit=&#8221;off&#8221; custom_width_percent=&#8221;100%&#8221; global_colors_info=&#8221;{}&#8221;][et_pb_column type=&#8221;4_4&#8243; module_class=&#8221;render-slick-events&#8221; _builder_version=&#8221;4.16&#8243; custom_padding=&#8221;|||&#8221; global_colors_info=&#8221;{}&#8221; custom_padding__hover=&#8221;|||&#8221;][et_pb_text admin_label=&#8221;Slide 2&#8243; _builder_version=&#8221;4.16&#8243; text_text_color=&#8221;#ffffff&#8221; text_font_size=&#8221;13px&#8221; text_line_height=&#8221;1.3em&#8221; header_font=&#8221;Nunito|700|||||||&#8221; header_text_color=&#8221;#ffffff&#8221; header_font_size=&#8221;42pt&#8221; header_line_height=&#8221;0.9em&#8221; header_2_font=&#8221;Nunito|700|||||||&#8221; header_2_font_size=&#8221;32pt&#8221; header_3_font=&#8221;Nunito|700|||||||&#8221; header_3_font_size=&#8221;28pt&#8221; header_3_line_height=&#8221;1.1em&#8221; header_4_font=&#8221;Nunito|700|||||||&#8221; header_4_font_size=&#8221;23pt&#8221; background_image=&#8221;https:\/\/mrcvs.ca\/wp-content\/uploads\/2019\/01\/slider_environnement.jpg&#8221; module_alignment=&#8221;left&#8221; z_index_tablet=&#8221;500&#8243; custom_css_main_element=&#8221;letter-spacing: 0.03em !important;&#8221; saved_tabs=&#8221;all&#8221; global_colors_info=&#8221;{}&#8221;]<\/p>\n<h1>Environment<\/h1>\n<p>The MRC coordinates its actions along four lines: Citizen Services, Municipality Services, Planning, and Development.<\/p>\n<p>[\/et_pb_text][et_pb_text disabled_on=&#8221;on|on|on&#8221; admin_label=&#8221;Slide 1&#8243; module_class=&#8221;small-text&#8221; _builder_version=&#8221;4.16&#8243; text_text_color=&#8221;#ffffff&#8221; text_font_size=&#8221;13px&#8221; text_line_height=&#8221;1.3em&#8221; header_font=&#8221;Nunito|700|||||||&#8221; header_text_color=&#8221;#ffffff&#8221; header_font_size=&#8221;42pt&#8221; header_line_height=&#8221;0.9em&#8221; header_2_font=&#8221;Nunito|700|||||||&#8221; header_2_font_size=&#8221;32pt&#8221; header_3_font=&#8221;Nunito|700|||||||&#8221; header_3_font_size=&#8221;28pt&#8221; header_3_line_height=&#8221;1.1em&#8221; header_4_font=&#8221;Nunito|700|||||||&#8221; header_4_font_size=&#8221;23pt&#8221; background_image=&#8221;https:\/\/mrcvs.ca\/wp-content\/uploads\/2018\/08\/PLANIFIER-01.png&#8221; background_size=&#8221;contain&#8221; background_position=&#8221;center_right&#8221; module_alignment=&#8221;left&#8221; custom_css_main_element=&#8221;letter-spacing: 0.03em !important;&#8221; disabled=&#8221;on&#8221; saved_tabs=&#8221;all&#8221; global_colors_info=&#8221;{}&#8221;]<\/p>\n<h1>Development<\/h1>\n<p>The\u00a0<em>Municipalit\u00e9 r\u00e9gionale de comt\u00e9 de Vaudreuil-Soulanges<\/em>\u00a0includes the 23 municipalities within its 855 km<sup>2<\/sup>\u00a0that extends from l\u2019\u00cele-Perrot to the Ontario border. Its mission is to facilitate cooperation and planning as well as management of territory development according to the principles of sustainable development. The MRC coordinates its actions along four lines: Citizen Services, Municipality Services, Planning, and Development.<br \/>\n[\/et_pb_text][et_pb_text admin_label=&#8221;Slide Fi\u00e8rement&#8221; module_id=&#8221;fierement-la-region&#8221; module_class=&#8221;small-text fierement-la-region&#8221; _builder_version=&#8221;4.16&#8243; text_text_color=&#8221;#ffffff&#8221; text_font_size=&#8221;13px&#8221; text_line_height=&#8221;1.3em&#8221; header_font=&#8221;Nunito|700|||||||&#8221; header_text_color=&#8221;#ffffff&#8221; header_font_size=&#8221;42pt&#8221; header_line_height=&#8221;0.9em&#8221; header_2_font=&#8221;Nunito|700|||||||&#8221; header_2_font_size=&#8221;32pt&#8221; header_3_font=&#8221;Nunito|700|||||||&#8221; header_3_font_size=&#8221;28pt&#8221; header_3_line_height=&#8221;1.1em&#8221; header_4_font=&#8221;Nunito|700|||||||&#8221; header_4_font_size=&#8221;23pt&#8221; background_image=&#8221;https:\/\/mrcvs.ca\/wp-content\/uploads\/2018\/11\/MRC-007_banner-fierement-vs-1200-8.png&#8221; background_size=&#8221;initial&#8221; module_alignment=&#8221;left&#8221; z_index_tablet=&#8221;500&#8243; custom_css_main_element=&#8221;letter-spacing: 0.03em !important;&#8221; saved_tabs=&#8221;all&#8221; global_colors_info=&#8221;{}&#8221;]<a class=\"btn btn-decouvrir mt20\" href=\"https:\/\/mrcvs.ca\/en\/the-mrc\/the-region\/\">Discover<\/a><br \/>\n[\/et_pb_text][\/et_pb_column][\/et_pb_row][\/et_pb_section][et_pb_section fb_built=&#8221;1&#8243; _builder_version=&#8221;4.16&#8243; background_color=&#8221;#f1f2f2&#8243; custom_padding=&#8221;60px||0px|&#8221; global_colors_info=&#8221;{}&#8221;][et_pb_row _builder_version=&#8221;4.16&#8243; custom_padding=&#8221;25px||25px|&#8221; global_colors_info=&#8221;{}&#8221;][et_pb_column type=&#8221;4_4&#8243; _builder_version=&#8221;4.16&#8243; custom_padding=&#8221;|||&#8221; global_colors_info=&#8221;{}&#8221; custom_padding__hover=&#8221;|||&#8221;][et_pb_text admin_label=&#8221;R\u00e9seau des \u00e9cocentres&#8221; module_class=&#8221;lien-environnement-ecocentre&#8221; _builder_version=&#8221;4.16&#8243; text_text_color=&#8221;#000000&#8243; background_image=&#8221;https:\/\/mrcvs.ca\/wp-content\/uploads\/2020\/09\/menu_environnement_ecocentre4.jpg&#8221; custom_css_main_element=&#8221;height: 249px;&#8221; global_colors_info=&#8221;{}&#8221;]<a href=\"https:\/\/mrcvs.ca\/en\/citizens\/environment\/ecocentre-network\/\">Ecocentre Network<\/a><br \/>\n[\/et_pb_text][\/et_pb_column][\/et_pb_row][\/et_pb_section][et_pb_section fb_built=&#8221;1&#8243; _builder_version=&#8221;4.16&#8243; background_color=&#8221;#f1f2f2&#8243; custom_padding=&#8221;0px||0px|&#8221; global_colors_info=&#8221;{}&#8221;][et_pb_row _builder_version=&#8221;4.16&#8243; custom_padding=&#8221;25px||25px|&#8221; global_colors_info=&#8221;{}&#8221;][et_pb_column type=&#8221;4_4&#8243; _builder_version=&#8221;4.16&#8243; custom_padding=&#8221;|||&#8221; global_colors_info=&#8221;{}&#8221; custom_padding__hover=&#8221;|||&#8221;][et_pb_text admin_label=&#8221;Collecte des mati\u00e8res recyclables&#8221; module_class=&#8221;lien-environnement-recyclage&#8221; _builder_version=&#8221;4.16&#8243; text_text_color=&#8221;#000000&#8243; background_image=&#8221;https:\/\/mrcvs.ca\/wp-content\/uploads\/2019\/01\/menu_environnement_recyclage.png&#8221; custom_css_main_element=&#8221;height: 249px;&#8221; global_colors_info=&#8221;{}&#8221;]<a href=\"\/en\/citizens\/collection-of-recyclables\/\">Collection of Recyclables<\/a><br \/>\n[\/et_pb_text][\/et_pb_column][\/et_pb_row][\/et_pb_section][et_pb_section fb_built=&#8221;1&#8243; _builder_version=&#8221;4.16&#8243; background_color=&#8221;#f1f2f2&#8243; custom_padding=&#8221;0px||0px|&#8221; global_colors_info=&#8221;{}&#8221;][et_pb_row _builder_version=&#8221;4.16&#8243; custom_padding=&#8221;25px||25px|&#8221; global_colors_info=&#8221;{}&#8221;][et_pb_column type=&#8221;4_4&#8243; _builder_version=&#8221;4.16&#8243; custom_padding=&#8221;|||&#8221; global_colors_info=&#8221;{}&#8221; custom_padding__hover=&#8221;|||&#8221;][et_pb_text admin_label=&#8221;Outil Tricycle&#8221; module_class=&#8221;lien-environnement-tricycle&#8221; _builder_version=&#8221;4.16&#8243; text_text_color=&#8221;#000000&#8243; background_image=&#8221;https:\/\/mrcvs.ca\/wp-content\/uploads\/2021\/01\/menu_environnement_tricycle.png&#8221; link_option_url_new_window=&#8221;on&#8221; custom_css_main_element=&#8221;height: 249px;&#8221; global_colors_info=&#8221;{}&#8221;]<a href=\"https:\/\/tricycle-mrcvs.ca\/en\">Tricycle tool<\/a><br \/>\n[\/et_pb_text][\/et_pb_column][\/et_pb_row][\/et_pb_section][et_pb_section fb_built=&#8221;1&#8243; _builder_version=&#8221;4.16&#8243; background_color=&#8221;#f1f2f2&#8243; custom_padding=&#8221;0px||60px|&#8221; global_colors_info=&#8221;{}&#8221;][et_pb_row _builder_version=&#8221;4.16&#8243; custom_padding=&#8221;25px||25px|&#8221; global_colors_info=&#8221;{}&#8221;][et_pb_column type=&#8221;4_4&#8243; _builder_version=&#8221;4.16&#8243; custom_padding=&#8221;|||&#8221; global_colors_info=&#8221;{}&#8221; custom_padding__hover=&#8221;|||&#8221;][et_pb_text admin_label=&#8221;Cours d\u2019eau&#8221; module_class=&#8221;lien-environnement-courdeau&#8221; _builder_version=&#8221;4.16&#8243; text_text_color=&#8221;#000000&#8243; background_image=&#8221;https:\/\/mrcvs.ca\/wp-content\/uploads\/2019\/04\/menu_environnement_coursdeau_2.jpg&#8221; z_index_tablet=&#8221;500&#8243; custom_css_main_element=&#8221;height: 249px;&#8221; global_colors_info=&#8221;{}&#8221;]<a href=\"\/en\/citizens\/watercourse-management\/\">Watercourses<\/a><br \/>\n[\/et_pb_text][\/et_pb_column][\/et_pb_row][\/et_pb_section][et_pb_section fb_built=&#8221;1&#8243; _builder_version=&#8221;4.16&#8243; background_color=&#8221;#f1f2f2&#8243; custom_padding=&#8221;0px||60px|&#8221; global_colors_info=&#8221;{}&#8221;][et_pb_row _builder_version=&#8221;4.16&#8243; custom_padding=&#8221;25px||25px|&#8221; global_colors_info=&#8221;{}&#8221;][et_pb_column type=&#8221;4_4&#8243; _builder_version=&#8221;4.16&#8243; custom_padding=&#8221;|||&#8221; global_colors_info=&#8221;{}&#8221; custom_padding__hover=&#8221;|||&#8221;][et_pb_text admin_label=&#8221;Centre de compostage&#8221; module_class=&#8221;lien-environnement-courdeau&#8221; _builder_version=&#8221;4.26.1&#8243; text_text_color=&#8221;#000000&#8243; background_image=&#8221;https:\/\/mrcvs.ca\/wp-content\/uploads\/2025\/08\/Bandeau_COMPOST.jpg&#8221; hover_enabled=&#8221;0&#8243; z_index_tablet=&#8221;500&#8243; custom_css_main_element=&#8221;height: 249px;&#8221; global_colors_info=&#8221;{}&#8221; title_text=&#8221;Bandeau_COMPOST&#8221; sticky_enabled=&#8221;0&#8243;]<\/p>\n<p><a href=\"https:\/\/mrcvs.ca\/en\/citizens\/environment\/regional-composting-facility\/\">Centre r\u00e9gional de compostage de Vaudreuil-Soulanges<\/a><\/p>\n<p>[\/et_pb_text][\/et_pb_column][\/et_pb_row][\/et_pb_section]<\/p>\n","protected":false},"excerpt":{"rendered":"<p>Environment The MRC coordinates its actions along four lines: Citizen Services, Municipality Services, Planning, and Development. Development The\u00a0Municipalit\u00e9 r\u00e9gionale de comt\u00e9 de Vaudreuil-Soulanges\u00a0includes the 23 municipalities within its 855 km2\u00a0that extends from l\u2019\u00cele-Perrot to the Ontario border. Its mission is to facilitate cooperation and planning as well as management of territory development according to the [&hellip;]<\/p>\n","protected":false},"author":5,"featured_media":0,"parent":4162,"menu_order":30,"comment_status":"closed","ping_status":"closed","template":"","meta":{"_et_pb_use_builder":"on","_et_pb_old_content":"","_et_gb_content_width":"","footnotes":""},"yoast_head":"<!-- This site is optimized with the Yoast SEO plugin v23.0 - https:\/\/yoast.com\/wordpress\/plugins\/seo\/ -->\n<title>Environment - MRC of Vaudreuil-Soulanges<\/title>\n<meta name=\"description\" content=\"The Environmental Service creates regional plans for managing compost throughout the entire territory of the MRC de Vaudreuil-Soulanges.\" \/>\n<meta name=\"robots\" content=\"index, follow, max-snippet:-1, max-image-preview:large, max-video-preview:-1\" \/>\n<link rel=\"canonical\" href=\"https:\/\/mrcvs.ca\/en\/citizens\/environment\/\" \/>\n<meta property=\"og:locale\" content=\"en_US\" \/>\n<meta property=\"og:type\" content=\"article\" \/>\n<meta property=\"og:title\" content=\"Environment - MRC of Vaudreuil-Soulanges\" \/>\n<meta property=\"og:description\" content=\"The Environmental Service creates regional plans for managing compost throughout the entire territory of the MRC de Vaudreuil-Soulanges.\" \/>\n<meta property=\"og:url\" content=\"https:\/\/mrcvs.ca\/en\/citizens\/environment\/\" \/>\n<meta property=\"og:site_name\" content=\"MRC of Vaudreuil-Soulanges\" \/>\n<meta property=\"article:publisher\" content=\"https:\/\/www.facebook.com\/mrcvaudreuilsoulanges\/\" \/>\n<meta property=\"article:modified_time\" content=\"2025-08-14T20:22:24+00:00\" \/>\n<meta name=\"twitter:card\" content=\"summary_large_image\" \/>\n<meta name=\"twitter:label1\" content=\"Est. reading time\" \/>\n\t<meta name=\"twitter:data1\" content=\"5 minutes\" \/>\n<script type=\"application\/ld+json\" class=\"yoast-schema-graph\">{\"@context\":\"https:\/\/schema.org\",\"@graph\":[{\"@type\":\"WebPage\",\"@id\":\"https:\/\/mrcvs.ca\/en\/citizens\/environment\/\",\"url\":\"https:\/\/mrcvs.ca\/en\/citizens\/environment\/\",\"name\":\"Environment - MRC of Vaudreuil-Soulanges\",\"isPartOf\":{\"@id\":\"https:\/\/mrcvs.ca\/#website\"},\"datePublished\":\"2019-01-28T14:34:14+00:00\",\"dateModified\":\"2025-08-14T20:22:24+00:00\",\"description\":\"The Environmental Service creates regional plans for managing compost throughout the entire territory of the MRC de Vaudreuil-Soulanges.\",\"breadcrumb\":{\"@id\":\"https:\/\/mrcvs.ca\/en\/citizens\/environment\/#breadcrumb\"},\"inLanguage\":\"en-US\",\"potentialAction\":[{\"@type\":\"ReadAction\",\"target\":[\"https:\/\/mrcvs.ca\/en\/citizens\/environment\/\"]}]},{\"@type\":\"BreadcrumbList\",\"@id\":\"https:\/\/mrcvs.ca\/en\/citizens\/environment\/#breadcrumb\",\"itemListElement\":[{\"@type\":\"ListItem\",\"position\":1,\"name\":\"Accueil\",\"item\":\"https:\/\/mrcvs.ca\/en\/\"},{\"@type\":\"ListItem\",\"position\":2,\"name\":\"Citizens\",\"item\":\"https:\/\/mrcvs.ca\/en\/\"},{\"@type\":\"ListItem\",\"position\":3,\"name\":\"Environment\"}]},{\"@type\":\"WebSite\",\"@id\":\"https:\/\/mrcvs.ca\/#website\",\"url\":\"https:\/\/mrcvs.ca\/\",\"name\":\"MRC de Vaudreuil-Soulanges\",\"description\":\"MRC of Vaudreuil-Soulanges \",\"publisher\":{\"@id\":\"https:\/\/mrcvs.ca\/#organization\"},\"potentialAction\":[{\"@type\":\"SearchAction\",\"target\":{\"@type\":\"EntryPoint\",\"urlTemplate\":\"https:\/\/mrcvs.ca\/?s={search_term_string}\"},\"query-input\":\"required name=search_term_string\"}],\"inLanguage\":\"en-US\"},{\"@type\":\"Organization\",\"@id\":\"https:\/\/mrcvs.ca\/#organization\",\"name\":\"MRC Vaudreuil-Soulanges\",\"url\":\"https:\/\/mrcvs.ca\/\",\"logo\":{\"@type\":\"ImageObject\",\"inLanguage\":\"en-US\",\"@id\":\"https:\/\/mrcvs.ca\/#\/schema\/logo\/image\/\",\"url\":\"https:\/\/mrcvs.ca\/wp-content\/uploads\/2018\/10\/MRC_VS_LOGO.png\",\"contentUrl\":\"https:\/\/mrcvs.ca\/wp-content\/uploads\/2018\/10\/MRC_VS_LOGO.png\",\"width\":1080,\"height\":460,\"caption\":\"MRC Vaudreuil-Soulanges\"},\"image\":{\"@id\":\"https:\/\/mrcvs.ca\/#\/schema\/logo\/image\/\"},\"sameAs\":[\"https:\/\/www.facebook.com\/mrcvaudreuilsoulanges\/\"]}]}<\/script>\n<!-- \/ Yoast SEO plugin. -->","yoast_head_json":{"title":"Environment - MRC of Vaudreuil-Soulanges","description":"The Environmental Service creates regional plans for managing compost throughout the entire territory of the MRC de Vaudreuil-Soulanges.","robots":{"index":"index","follow":"follow","max-snippet":"max-snippet:-1","max-image-preview":"max-image-preview:large","max-video-preview":"max-video-preview:-1"},"canonical":"https:\/\/mrcvs.ca\/en\/citizens\/environment\/","og_locale":"en_US","og_type":"article","og_title":"Environment - MRC of Vaudreuil-Soulanges","og_description":"The Environmental Service creates regional plans for managing compost throughout the entire territory of the MRC de Vaudreuil-Soulanges.","og_url":"https:\/\/mrcvs.ca\/en\/citizens\/environment\/","og_site_name":"MRC of Vaudreuil-Soulanges","article_publisher":"https:\/\/www.facebook.com\/mrcvaudreuilsoulanges\/","article_modified_time":"2025-08-14T20:22:24+00:00","twitter_card":"summary_large_image","twitter_misc":{"Est. reading time":"5 minutes"},"schema":{"@context":"https:\/\/schema.org","@graph":[{"@type":"WebPage","@id":"https:\/\/mrcvs.ca\/en\/citizens\/environment\/","url":"https:\/\/mrcvs.ca\/en\/citizens\/environment\/","name":"Environment - MRC of Vaudreuil-Soulanges","isPartOf":{"@id":"https:\/\/mrcvs.ca\/#website"},"datePublished":"2019-01-28T14:34:14+00:00","dateModified":"2025-08-14T20:22:24+00:00","description":"The Environmental Service creates regional plans for managing compost throughout the entire territory of the MRC de Vaudreuil-Soulanges.","breadcrumb":{"@id":"https:\/\/mrcvs.ca\/en\/citizens\/environment\/#breadcrumb"},"inLanguage":"en-US","potentialAction":[{"@type":"ReadAction","target":["https:\/\/mrcvs.ca\/en\/citizens\/environment\/"]}]},{"@type":"BreadcrumbList","@id":"https:\/\/mrcvs.ca\/en\/citizens\/environment\/#breadcrumb","itemListElement":[{"@type":"ListItem","position":1,"name":"Accueil","item":"https:\/\/mrcvs.ca\/en\/"},{"@type":"ListItem","position":2,"name":"Citizens","item":"https:\/\/mrcvs.ca\/en\/"},{"@type":"ListItem","position":3,"name":"Environment"}]},{"@type":"WebSite","@id":"https:\/\/mrcvs.ca\/#website","url":"https:\/\/mrcvs.ca\/","name":"MRC de Vaudreuil-Soulanges","description":"MRC of Vaudreuil-Soulanges ","publisher":{"@id":"https:\/\/mrcvs.ca\/#organization"},"potentialAction":[{"@type":"SearchAction","target":{"@type":"EntryPoint","urlTemplate":"https:\/\/mrcvs.ca\/?s={search_term_string}"},"query-input":"required name=search_term_string"}],"inLanguage":"en-US"},{"@type":"Organization","@id":"https:\/\/mrcvs.ca\/#organization","name":"MRC Vaudreuil-Soulanges","url":"https:\/\/mrcvs.ca\/","logo":{"@type":"ImageObject","inLanguage":"en-US","@id":"https:\/\/mrcvs.ca\/#\/schema\/logo\/image\/","url":"https:\/\/mrcvs.ca\/wp-content\/uploads\/2018\/10\/MRC_VS_LOGO.png","contentUrl":"https:\/\/mrcvs.ca\/wp-content\/uploads\/2018\/10\/MRC_VS_LOGO.png","width":1080,"height":460,"caption":"MRC Vaudreuil-Soulanges"},"image":{"@id":"https:\/\/mrcvs.ca\/#\/schema\/logo\/image\/"},"sameAs":["https:\/\/www.facebook.com\/mrcvaudreuilsoulanges\/"]}]}},"_links":{"self":[{"href":"https:\/\/mrcvs.ca\/en\/wp-json\/wp\/v2\/pages\/7073"}],"collection":[{"href":"https:\/\/mrcvs.ca\/en\/wp-json\/wp\/v2\/pages"}],"about":[{"href":"https:\/\/mrcvs.ca\/en\/wp-json\/wp\/v2\/types\/page"}],"author":[{"embeddable":true,"href":"https:\/\/mrcvs.ca\/en\/wp-json\/wp\/v2\/users\/5"}],"replies":[{"embeddable":true,"href":"https:\/\/mrcvs.ca\/en\/wp-json\/wp\/v2\/comments?post=7073"}],"version-history":[{"count":0,"href":"https:\/\/mrcvs.ca\/en\/wp-json\/wp\/v2\/pages\/7073\/revisions"}],"up":[{"embeddable":true,"href":"https:\/\/mrcvs.ca\/en\/wp-json\/wp\/v2\/pages\/4162"}],"wp:attachment":[{"href":"https:\/\/mrcvs.ca\/en\/wp-json\/wp\/v2\/media?parent=7073"}],"curies":[{"name":"wp","href":"https:\/\/api.w.org\/{rel}","templated":true}]}}