{"id":4562,"date":"2018-11-27T21:49:41","date_gmt":"2018-11-28T01:49:41","guid":{"rendered":"http:\/\/mrcvs.tofudev.com\/municipalites\/securite-incendie-et-civile\/"},"modified":"2023-10-30T08:43:04","modified_gmt":"2023-10-30T12:43:04","slug":"fire-and-civil-safety","status":"publish","type":"page","link":"https:\/\/mrcvs.ca\/en\/municipalities\/fire-and-civil-safety\/","title":{"rendered":"Fire and Civil Safety Service"},"content":{"rendered":"<p>[et_pb_section fb_built=&#8221;1&#8243; _builder_version=&#8221;4.16&#8243; background_color=&#8221;#00a3b4&#8243; custom_padding=&#8221;40px||0px|&#8221; collapsed=&#8221;off&#8221; global_colors_info=&#8221;{}&#8221;][et_pb_row _builder_version=&#8221;4.16&#8243; custom_padding=&#8221;0px||0px|&#8221; global_colors_info=&#8221;{}&#8221;][et_pb_column type=&#8221;4_4&#8243; _builder_version=&#8221;4.16&#8243; custom_padding=&#8221;|||&#8221; global_colors_info=&#8221;{}&#8221; custom_padding__hover=&#8221;|||&#8221;][et_pb_text admin_label=&#8221;S\u00e9curit\u00e9 incendie et civile&#8221; module_class=&#8221;smaller-text page-heading&#8221; _builder_version=&#8221;4.16&#8243; text_font_size=&#8221;11pt&#8221; text_line_height=&#8221;1.2em&#8221; header_font=&#8221;Nunito|700|||||||&#8221; header_text_color=&#8221;#ffffff&#8221; header_font_size=&#8221;42pt&#8221; header_2_font=&#8221;Nunito|700|||||||&#8221; header_2_font_size=&#8221;32pt&#8221; header_3_font=&#8221;Nunito|700|||||||&#8221; header_3_font_size=&#8221;28pt&#8221; header_3_line_height=&#8221;1.1em&#8221; header_4_font=&#8221;Nunito|700|||||||&#8221; header_4_font_size=&#8221;23pt&#8221; custom_css_main_element=&#8221;letter-spacing: 0.03em !important;&#8221; saved_tabs=&#8221;all&#8221; global_colors_info=&#8221;{}&#8221;]<\/p>\n<h1>Fire and Civil Safety<\/h1>\n<p>[\/et_pb_text][\/et_pb_column][\/et_pb_row][\/et_pb_section][et_pb_section fb_built=&#8221;1&#8243; _builder_version=&#8221;4.16&#8243; global_colors_info=&#8221;{}&#8221;][et_pb_row _builder_version=&#8221;4.16&#8243; background_size=&#8221;initial&#8221; background_position=&#8221;top_left&#8221; background_repeat=&#8221;repeat&#8221; global_colors_info=&#8221;{}&#8221;][et_pb_column type=&#8221;4_4&#8243; _builder_version=&#8221;4.16&#8243; custom_padding=&#8221;|||&#8221; global_colors_info=&#8221;{}&#8221; custom_padding__hover=&#8221;|||&#8221;][et_pb_image src=&#8221;https:\/\/mrcvs.ca\/wp-content\/uploads\/2020\/04\/Bandeau_incendie.jpg&#8221; align_tablet=&#8221;center&#8221; align_phone=&#8221;&#8221; align_last_edited=&#8221;on|desktop&#8221; _builder_version=&#8221;4.16&#8243; custom_margin=&#8221;||10px||false|false&#8221; animation_style=&#8221;fade&#8221; global_colors_info=&#8221;{}&#8221;]&nbsp;<\/p>\n<p>&nbsp;<br \/>\n[\/et_pb_image][et_pb_text admin_label=&#8221;L\u00e9gende&#8221; module_class=&#8221;smaller-text&#8221; _builder_version=&#8221;4.16&#8243; text_font=&#8221;||on||||||&#8221; text_text_color=&#8221;#919596&#8243; text_font_size=&#8221;11px&#8221; text_line_height=&#8221;1.2em&#8221; header_font=&#8221;Nunito|700|||||||&#8221; header_font_size=&#8221;42px&#8221; text_orientation=&#8221;right&#8221; global_colors_info=&#8221;{}&#8221;]Photo Credit: Simon Richard[\/et_pb_text][et_pb_text admin_label=&#8221;Le service de s\u00e9curit\u00e9 incendie et civile de la MRC&#8230;&#8221; module_class=&#8221;small-text&#8221; _builder_version=&#8221;4.16&#8243; text_font_size=&#8221;13pt&#8221; text_line_height=&#8221;1.6em&#8221; header_font=&#8221;Nunito|700|||||||&#8221; header_font_size=&#8221;42pt&#8221; header_2_font=&#8221;Nunito|700|||||||&#8221; header_2_font_size=&#8221;32pt&#8221; header_3_font=&#8221;Nunito|700|||||||&#8221; header_3_font_size=&#8221;28pt&#8221; header_3_line_height=&#8221;1.1em&#8221; header_4_font=&#8221;Nunito|700|||||||&#8221; header_4_font_size=&#8221;23pt&#8221; custom_margin=&#8221;||||false|false&#8221; custom_css_main_element=&#8221;letter-spacing: 0.03em !important;&#8221; saved_tabs=&#8221;all&#8221; global_colors_info=&#8221;{}&#8221;]&nbsp;<\/p>\n<p>One of the MRC&#8217;s Fire and Civil Safety Service&#8217;s functions is to facilitate cooperation between stakeholders and regional administrators who are involved with fire and civil safety. Many committees and groups are working together on issues such as revising the plan to lower fire safety risks, training firefighters, and using radiocommunication, etc.<\/p>\n<p>The MRC is responsible for creating a plan to lower fire safety risks (SCRSI) that has concrete goals for fire safety and specifies the steps that need to be taken to succeed in this throughout the whole territory. The MRC is responsible for managing the plan and putting it into effect. This plan lends a strategic vision to fire safety on the regional level for the 23 municipalities and 17 fire safety services that include more than 500 firefighters.<\/p>\n<p>The MRC also manages a telecommunications network made up of six towers and two relay sites dedicated to regionalizing the fire radio system used by fire services (SSI) for emergency calls (9-1-1) and operations throughout the territory. In terms of public safety, the MRC has an agreement with the Minister of Public Safety for providing <em>S\u00fbret\u00e9 du Qu\u00e9bec<\/em> police services in its territory. Therefore, the MRC&#8217;s public safety committee has a mandate to:[\/et_pb_text][\/et_pb_column][\/et_pb_row][et_pb_row column_structure=&#8221;2_3,1_3&#8243; _builder_version=&#8221;4.16&#8243; custom_margin=&#8221;-30px|||&#8221; global_colors_info=&#8221;{}&#8221;][et_pb_column type=&#8221;2_3&#8243; _builder_version=&#8221;4.16&#8243; custom_padding=&#8221;|||&#8221; global_colors_info=&#8221;{}&#8221; custom_padding__hover=&#8221;|||&#8221;][et_pb_text admin_label=&#8221;Le service de s\u00e9curit\u00e9 incendie et civile de la MRC&#8230;&#8221; module_class=&#8221;small-text&#8221; _builder_version=&#8221;4.22.1&#8243; text_font_size=&#8221;13pt&#8221; text_line_height=&#8221;1.6em&#8221; header_font=&#8221;Nunito|700|||||||&#8221; header_font_size=&#8221;42pt&#8221; header_2_font=&#8221;Nunito|700|||||||&#8221; header_2_font_size=&#8221;32pt&#8221; header_3_font=&#8221;Nunito|700|||||||&#8221; header_3_font_size=&#8221;28pt&#8221; header_3_line_height=&#8221;1.1em&#8221; header_4_font=&#8221;Nunito|700|||||||&#8221; header_4_font_size=&#8221;23pt&#8221; hover_enabled=&#8221;0&#8243; z_index_tablet=&#8221;500&#8243; custom_css_main_element=&#8221;letter-spacing: 0.03em !important;&#8221; text_text_shadow_horizontal_length_tablet=&#8221;0px&#8221; text_text_shadow_vertical_length_tablet=&#8221;0px&#8221; text_text_shadow_blur_strength_tablet=&#8221;1px&#8221; link_text_shadow_horizontal_length_tablet=&#8221;0px&#8221; link_text_shadow_vertical_length_tablet=&#8221;0px&#8221; link_text_shadow_blur_strength_tablet=&#8221;1px&#8221; ul_text_shadow_horizontal_length_tablet=&#8221;0px&#8221; ul_text_shadow_vertical_length_tablet=&#8221;0px&#8221; ul_text_shadow_blur_strength_tablet=&#8221;1px&#8221; ol_text_shadow_horizontal_length_tablet=&#8221;0px&#8221; ol_text_shadow_vertical_length_tablet=&#8221;0px&#8221; ol_text_shadow_blur_strength_tablet=&#8221;1px&#8221; quote_text_shadow_horizontal_length_tablet=&#8221;0px&#8221; quote_text_shadow_vertical_length_tablet=&#8221;0px&#8221; quote_text_shadow_blur_strength_tablet=&#8221;1px&#8221; header_text_shadow_horizontal_length_tablet=&#8221;0px&#8221; header_text_shadow_vertical_length_tablet=&#8221;0px&#8221; header_text_shadow_blur_strength_tablet=&#8221;1px&#8221; header_2_text_shadow_horizontal_length_tablet=&#8221;0px&#8221; header_2_text_shadow_vertical_length_tablet=&#8221;0px&#8221; header_2_text_shadow_blur_strength_tablet=&#8221;1px&#8221; header_3_text_shadow_horizontal_length_tablet=&#8221;0px&#8221; header_3_text_shadow_vertical_length_tablet=&#8221;0px&#8221; header_3_text_shadow_blur_strength_tablet=&#8221;1px&#8221; header_4_text_shadow_horizontal_length_tablet=&#8221;0px&#8221; header_4_text_shadow_vertical_length_tablet=&#8221;0px&#8221; header_4_text_shadow_blur_strength_tablet=&#8221;1px&#8221; header_5_text_shadow_horizontal_length_tablet=&#8221;0px&#8221; header_5_text_shadow_vertical_length_tablet=&#8221;0px&#8221; header_5_text_shadow_blur_strength_tablet=&#8221;1px&#8221; header_6_text_shadow_horizontal_length_tablet=&#8221;0px&#8221; header_6_text_shadow_vertical_length_tablet=&#8221;0px&#8221; header_6_text_shadow_blur_strength_tablet=&#8221;1px&#8221; box_shadow_horizontal_tablet=&#8221;0px&#8221; box_shadow_vertical_tablet=&#8221;0px&#8221; box_shadow_blur_tablet=&#8221;40px&#8221; box_shadow_spread_tablet=&#8221;0px&#8221; saved_tabs=&#8221;all&#8221; global_colors_info=&#8221;{}&#8221; sticky_enabled=&#8221;0&#8243;]<\/p>\n<ul>\n<li style=\"list-style-type: none;\">\n<ul>\n<li>Participate in the creation of a targeted semi-annual\u00a0<em>S\u00fbret\u00e9 du Qu\u00e9bec<\/em>\u00a0plan of action in the territory based on agreed-upon priorities that will be identified, and then evaluate this plan;<\/li>\n<li>Approve the organization plan of police resources;<\/li>\n<li>Participate in choosing the location of police departments according to public safety demands and the effectiveness of police services as well as governmental policy regarding the location or acquisition of buildings;<\/li>\n<li>Create evaluation criteria for the performance of the\u00a0<em>S\u00fbret\u00e9 du Qu\u00e9bec<\/em>\u00a0within the framework of the agreement, and, if deemed appropriate, inform the director of the citizen\u2019s feedback about the police services that they receive;<\/li>\n<li>Give its evaluation of the director\u2019s performance;<\/li>\n<li>Give\u00a0<em>S\u00fbret\u00e9 du Qu\u00e9bec<\/em> any and all recommendations that it deems useful and give the Minister opinions about the work organization or the training needs of police officers, as well as about any other issue relating to the police services provided for by the agreement.<\/li>\n<\/ul>\n<\/li>\n<\/ul>\n<p>To access the\u00a0public security committee\u2019s annual report,\u00a0<a href=\"https:\/\/mrcvs.ca\/wp-content\/uploads\/2020\/06\/Rapport_annuel_dActivit%C3%A9s_2019-2020.pdf\" target=\"_blank\" rel=\"noopener noreferrer\">click here\u00a0<\/a>(French only).<\/p>\n<p>For more information, please contact R\u00e9jean Guay, directeur de la s\u00e9curit\u00e9 incendie et civile, environnement et infrastructures email at <a href=\"mailto:rguay@mrcvs.ca\"><span style=\"font-weight: 400;\">rguay@mrcvs.ca<\/span><\/a> or by phone at 450-455-5754 x2230.<\/p>\n<p>[\/et_pb_text][\/et_pb_column][et_pb_column type=&#8221;1_3&#8243; _builder_version=&#8221;4.16&#8243; custom_padding=&#8221;|||&#8221; global_colors_info=&#8221;{}&#8221; custom_padding__hover=&#8221;|||&#8221;][et_pb_image src=&#8221;https:\/\/mrcvs.ca\/wp-content\/uploads\/2018\/08\/Icone_Securite.png&#8221; align_tablet=&#8221;center&#8221; align_phone=&#8221;&#8221; align_last_edited=&#8221;on|desktop&#8221; module_class=&#8221;image-offset-right&#8221; _builder_version=&#8221;4.16&#8243; animation_style=&#8221;slide&#8221; animation_direction=&#8221;right&#8221; global_colors_info=&#8221;{}&#8221;]&nbsp;<\/p>\n<p>&nbsp;<br \/>\n[\/et_pb_image][\/et_pb_column][\/et_pb_row][\/et_pb_section]<\/p>\n","protected":false},"excerpt":{"rendered":"<p>Fire and Civil Safety &nbsp; &nbsp; Photo Credit: Simon Richard&nbsp; One of the MRC&#8217;s Fire and Civil Safety Service&#8217;s functions is to facilitate cooperation between stakeholders and regional administrators who are involved with fire and civil safety. Many committees and groups are working together on issues such as revising the plan to lower fire safety [&hellip;]<\/p>\n","protected":false},"author":5,"featured_media":0,"parent":4537,"menu_order":111,"comment_status":"closed","ping_status":"closed","template":"","meta":{"_et_pb_use_builder":"on","_et_pb_old_content":"","_et_gb_content_width":"","footnotes":""},"yoast_head":"<!-- This site is optimized with the Yoast SEO plugin v23.0 - https:\/\/yoast.com\/wordpress\/plugins\/seo\/ -->\n<title>Fire and Civil Safety Service - MRC of Vaudreuil-Soulanges<\/title>\n<meta name=\"description\" content=\"The MRC de Vaudreuil-Soulanges Fire and Civil Safety Service\u2019s functions is to facilitate cooperation between stakeholders and regional administrators who are involved with fire and civil safety.\" \/>\n<meta name=\"robots\" content=\"index, follow, max-snippet:-1, max-image-preview:large, max-video-preview:-1\" \/>\n<link rel=\"canonical\" href=\"https:\/\/mrcvs.ca\/municipalites\/securite-incendie-et-civile\/\" \/>\n<meta property=\"og:locale\" content=\"en_US\" \/>\n<meta property=\"og:type\" content=\"article\" \/>\n<meta property=\"og:title\" content=\"Fire and Civil Safety Service - MRC of Vaudreuil-Soulanges\" \/>\n<meta property=\"og:description\" content=\"The MRC de Vaudreuil-Soulanges Fire and Civil Safety Service\u2019s functions is to facilitate cooperation between stakeholders and regional administrators who are involved with fire and civil safety.\" \/>\n<meta property=\"og:url\" content=\"https:\/\/mrcvs.ca\/municipalites\/securite-incendie-et-civile\/\" \/>\n<meta property=\"og:site_name\" content=\"MRC of Vaudreuil-Soulanges\" \/>\n<meta property=\"article:publisher\" content=\"https:\/\/www.facebook.com\/mrcvaudreuilsoulanges\/\" \/>\n<meta property=\"article:modified_time\" content=\"2023-10-30T12:43:04+00:00\" \/>\n<meta name=\"twitter:card\" content=\"summary_large_image\" \/>\n<meta name=\"twitter:label1\" content=\"Est. reading time\" \/>\n\t<meta name=\"twitter:data1\" content=\"4 minutes\" \/>\n<script type=\"application\/ld+json\" class=\"yoast-schema-graph\">{\"@context\":\"https:\/\/schema.org\",\"@graph\":[{\"@type\":\"WebPage\",\"@id\":\"https:\/\/mrcvs.ca\/municipalites\/securite-incendie-et-civile\/\",\"url\":\"https:\/\/mrcvs.ca\/municipalites\/securite-incendie-et-civile\/\",\"name\":\"Fire and Civil Safety Service - MRC of Vaudreuil-Soulanges\",\"isPartOf\":{\"@id\":\"https:\/\/mrcvs.ca\/#website\"},\"datePublished\":\"2018-11-28T01:49:41+00:00\",\"dateModified\":\"2023-10-30T12:43:04+00:00\",\"description\":\"The MRC de Vaudreuil-Soulanges Fire and Civil Safety Service\u2019s functions is to facilitate cooperation between stakeholders and regional administrators who are involved with fire and civil safety.\",\"breadcrumb\":{\"@id\":\"https:\/\/mrcvs.ca\/municipalites\/securite-incendie-et-civile\/#breadcrumb\"},\"inLanguage\":\"en-US\",\"potentialAction\":[{\"@type\":\"ReadAction\",\"target\":[\"https:\/\/mrcvs.ca\/municipalites\/securite-incendie-et-civile\/\"]}]},{\"@type\":\"BreadcrumbList\",\"@id\":\"https:\/\/mrcvs.ca\/municipalites\/securite-incendie-et-civile\/#breadcrumb\",\"itemListElement\":[{\"@type\":\"ListItem\",\"position\":1,\"name\":\"Accueil\",\"item\":\"https:\/\/mrcvs.ca\/en\/\"},{\"@type\":\"ListItem\",\"position\":2,\"name\":\"Municipalities\",\"item\":\"https:\/\/mrcvs.ca\/municipalites\/\"},{\"@type\":\"ListItem\",\"position\":3,\"name\":\"Fire and Civil Safety Service\"}]},{\"@type\":\"WebSite\",\"@id\":\"https:\/\/mrcvs.ca\/#website\",\"url\":\"https:\/\/mrcvs.ca\/\",\"name\":\"MRC de Vaudreuil-Soulanges\",\"description\":\"MRC of Vaudreuil-Soulanges \",\"publisher\":{\"@id\":\"https:\/\/mrcvs.ca\/#organization\"},\"potentialAction\":[{\"@type\":\"SearchAction\",\"target\":{\"@type\":\"EntryPoint\",\"urlTemplate\":\"https:\/\/mrcvs.ca\/?s={search_term_string}\"},\"query-input\":\"required name=search_term_string\"}],\"inLanguage\":\"en-US\"},{\"@type\":\"Organization\",\"@id\":\"https:\/\/mrcvs.ca\/#organization\",\"name\":\"MRC Vaudreuil-Soulanges\",\"url\":\"https:\/\/mrcvs.ca\/\",\"logo\":{\"@type\":\"ImageObject\",\"inLanguage\":\"en-US\",\"@id\":\"https:\/\/mrcvs.ca\/#\/schema\/logo\/image\/\",\"url\":\"https:\/\/mrcvs.ca\/wp-content\/uploads\/2018\/10\/MRC_VS_LOGO.png\",\"contentUrl\":\"https:\/\/mrcvs.ca\/wp-content\/uploads\/2018\/10\/MRC_VS_LOGO.png\",\"width\":1080,\"height\":460,\"caption\":\"MRC Vaudreuil-Soulanges\"},\"image\":{\"@id\":\"https:\/\/mrcvs.ca\/#\/schema\/logo\/image\/\"},\"sameAs\":[\"https:\/\/www.facebook.com\/mrcvaudreuilsoulanges\/\"]}]}<\/script>\n<!-- \/ Yoast SEO plugin. -->","yoast_head_json":{"title":"Fire and Civil Safety Service - MRC of Vaudreuil-Soulanges","description":"The MRC de Vaudreuil-Soulanges Fire and Civil Safety Service\u2019s functions is to facilitate cooperation between stakeholders and regional administrators who are involved with fire and civil safety.","robots":{"index":"index","follow":"follow","max-snippet":"max-snippet:-1","max-image-preview":"max-image-preview:large","max-video-preview":"max-video-preview:-1"},"canonical":"https:\/\/mrcvs.ca\/municipalites\/securite-incendie-et-civile\/","og_locale":"en_US","og_type":"article","og_title":"Fire and Civil Safety Service - MRC of Vaudreuil-Soulanges","og_description":"The MRC de Vaudreuil-Soulanges Fire and Civil Safety Service\u2019s functions is to facilitate cooperation between stakeholders and regional administrators who are involved with fire and civil safety.","og_url":"https:\/\/mrcvs.ca\/municipalites\/securite-incendie-et-civile\/","og_site_name":"MRC of Vaudreuil-Soulanges","article_publisher":"https:\/\/www.facebook.com\/mrcvaudreuilsoulanges\/","article_modified_time":"2023-10-30T12:43:04+00:00","twitter_card":"summary_large_image","twitter_misc":{"Est. reading time":"4 minutes"},"schema":{"@context":"https:\/\/schema.org","@graph":[{"@type":"WebPage","@id":"https:\/\/mrcvs.ca\/municipalites\/securite-incendie-et-civile\/","url":"https:\/\/mrcvs.ca\/municipalites\/securite-incendie-et-civile\/","name":"Fire and Civil Safety Service - MRC of Vaudreuil-Soulanges","isPartOf":{"@id":"https:\/\/mrcvs.ca\/#website"},"datePublished":"2018-11-28T01:49:41+00:00","dateModified":"2023-10-30T12:43:04+00:00","description":"The MRC de Vaudreuil-Soulanges Fire and Civil Safety Service\u2019s functions is to facilitate cooperation between stakeholders and regional administrators who are involved with fire and civil safety.","breadcrumb":{"@id":"https:\/\/mrcvs.ca\/municipalites\/securite-incendie-et-civile\/#breadcrumb"},"inLanguage":"en-US","potentialAction":[{"@type":"ReadAction","target":["https:\/\/mrcvs.ca\/municipalites\/securite-incendie-et-civile\/"]}]},{"@type":"BreadcrumbList","@id":"https:\/\/mrcvs.ca\/municipalites\/securite-incendie-et-civile\/#breadcrumb","itemListElement":[{"@type":"ListItem","position":1,"name":"Accueil","item":"https:\/\/mrcvs.ca\/en\/"},{"@type":"ListItem","position":2,"name":"Municipalities","item":"https:\/\/mrcvs.ca\/municipalites\/"},{"@type":"ListItem","position":3,"name":"Fire and Civil Safety Service"}]},{"@type":"WebSite","@id":"https:\/\/mrcvs.ca\/#website","url":"https:\/\/mrcvs.ca\/","name":"MRC de Vaudreuil-Soulanges","description":"MRC of Vaudreuil-Soulanges ","publisher":{"@id":"https:\/\/mrcvs.ca\/#organization"},"potentialAction":[{"@type":"SearchAction","target":{"@type":"EntryPoint","urlTemplate":"https:\/\/mrcvs.ca\/?s={search_term_string}"},"query-input":"required name=search_term_string"}],"inLanguage":"en-US"},{"@type":"Organization","@id":"https:\/\/mrcvs.ca\/#organization","name":"MRC Vaudreuil-Soulanges","url":"https:\/\/mrcvs.ca\/","logo":{"@type":"ImageObject","inLanguage":"en-US","@id":"https:\/\/mrcvs.ca\/#\/schema\/logo\/image\/","url":"https:\/\/mrcvs.ca\/wp-content\/uploads\/2018\/10\/MRC_VS_LOGO.png","contentUrl":"https:\/\/mrcvs.ca\/wp-content\/uploads\/2018\/10\/MRC_VS_LOGO.png","width":1080,"height":460,"caption":"MRC Vaudreuil-Soulanges"},"image":{"@id":"https:\/\/mrcvs.ca\/#\/schema\/logo\/image\/"},"sameAs":["https:\/\/www.facebook.com\/mrcvaudreuilsoulanges\/"]}]}},"_links":{"self":[{"href":"https:\/\/mrcvs.ca\/en\/wp-json\/wp\/v2\/pages\/4562"}],"collection":[{"href":"https:\/\/mrcvs.ca\/en\/wp-json\/wp\/v2\/pages"}],"about":[{"href":"https:\/\/mrcvs.ca\/en\/wp-json\/wp\/v2\/types\/page"}],"author":[{"embeddable":true,"href":"https:\/\/mrcvs.ca\/en\/wp-json\/wp\/v2\/users\/5"}],"replies":[{"embeddable":true,"href":"https:\/\/mrcvs.ca\/en\/wp-json\/wp\/v2\/comments?post=4562"}],"version-history":[{"count":0,"href":"https:\/\/mrcvs.ca\/en\/wp-json\/wp\/v2\/pages\/4562\/revisions"}],"up":[{"embeddable":true,"href":"https:\/\/mrcvs.ca\/en\/wp-json\/wp\/v2\/pages\/4537"}],"wp:attachment":[{"href":"https:\/\/mrcvs.ca\/en\/wp-json\/wp\/v2\/media?parent=4562"}],"curies":[{"name":"wp","href":"https:\/\/api.w.org\/{rel}","templated":true}]}}