{"id":4559,"date":"2018-11-27T21:49:23","date_gmt":"2018-11-28T01:49:23","guid":{"rendered":"http:\/\/mrcvs.tofudev.com\/municipalites\/evaluation-fonciere\/"},"modified":"2025-02-04T09:28:07","modified_gmt":"2025-02-04T14:28:07","slug":"property-assessment","status":"publish","type":"page","link":"https:\/\/mrcvs.ca\/en\/municipalities\/property-assessment\/","title":{"rendered":"Property Assessment"},"content":{"rendered":"<p>[et_pb_section fb_built=&#8221;1&#8243; _builder_version=&#8221;4.16&#8243; background_color=&#8221;#00a3b4&#8243; custom_padding=&#8221;40px||0px|&#8221; collapsed=&#8221;off&#8221; global_colors_info=&#8221;{}&#8221;][et_pb_row _builder_version=&#8221;4.16&#8243; custom_padding=&#8221;0px||0px|&#8221; global_colors_info=&#8221;{}&#8221;][et_pb_column type=&#8221;4_4&#8243; _builder_version=&#8221;4.16&#8243; custom_padding=&#8221;|||&#8221; global_colors_info=&#8221;{}&#8221; custom_padding__hover=&#8221;|||&#8221;][et_pb_text admin_label=&#8221;\u00c9valuation fonci\u00e8re&#8221; module_class=&#8221;smaller-text page-heading&#8221; _builder_version=&#8221;4.16&#8243; text_font_size=&#8221;11pt&#8221; text_line_height=&#8221;1.2em&#8221; header_font=&#8221;Nunito|700|||||||&#8221; header_text_color=&#8221;#ffffff&#8221; header_font_size=&#8221;42pt&#8221; header_2_font=&#8221;Nunito|700|||||||&#8221; header_2_font_size=&#8221;32pt&#8221; header_3_font=&#8221;Nunito|700|||||||&#8221; header_3_font_size=&#8221;28pt&#8221; header_3_line_height=&#8221;1.1em&#8221; header_4_font=&#8221;Nunito|700|||||||&#8221; header_4_font_size=&#8221;23pt&#8221; custom_css_main_element=&#8221;letter-spacing: 0.03em !important;&#8221; saved_tabs=&#8221;all&#8221; global_colors_info=&#8221;{}&#8221;]<\/p>\n<h1>Property Assessment<\/h1>\n<p>[\/et_pb_text][\/et_pb_column][\/et_pb_row][\/et_pb_section][et_pb_section fb_built=&#8221;1&#8243; _builder_version=&#8221;4.16&#8243; global_colors_info=&#8221;{}&#8221;][et_pb_row _builder_version=&#8221;4.16&#8243; background_size=&#8221;initial&#8221; background_position=&#8221;top_left&#8221; background_repeat=&#8221;repeat&#8221; global_colors_info=&#8221;{}&#8221;][et_pb_column type=&#8221;4_4&#8243; _builder_version=&#8221;4.16&#8243; custom_padding=&#8221;|||&#8221; global_colors_info=&#8221;{}&#8221; custom_padding__hover=&#8221;|||&#8221;][et_pb_image src=&#8221;https:\/\/mrcvs.ca\/wp-content\/uploads\/2018\/08\/Evaluation_munici.png&#8221; align_tablet=&#8221;center&#8221; align_phone=&#8221;&#8221; align_last_edited=&#8221;on|desktop&#8221; _builder_version=&#8221;4.16&#8243; custom_margin=&#8221;||10px|&#8221; animation_style=&#8221;fade&#8221; global_colors_info=&#8221;{}&#8221;]<\/p>\n<p>&nbsp; &nbsp;<\/p>\n<p>[\/et_pb_image][et_pb_text admin_label=&#8221;Legende&#8221; module_class=&#8221;smaller-text&#8221; _builder_version=&#8221;4.16&#8243; text_font=&#8221;||on||||||&#8221; text_text_color=&#8221;#9e9e9e&#8221; text_font_size=&#8221;11pt&#8221; text_line_height=&#8221;1.2em&#8221; header_font=&#8221;Nunito|700|||||||&#8221; header_font_size=&#8221;42pt&#8221; header_2_font=&#8221;Nunito|700|||||||&#8221; header_2_font_size=&#8221;32pt&#8221; header_3_font=&#8221;Nunito|700|||||||&#8221; header_3_font_size=&#8221;28pt&#8221; header_3_line_height=&#8221;1.1em&#8221; header_4_font=&#8221;Nunito|700|||||||&#8221; header_4_font_size=&#8221;23pt&#8221; text_orientation=&#8221;right&#8221; custom_margin=&#8221;||10px|&#8221; custom_css_main_element=&#8221;letter-spacing: 0.03em !important;&#8221; saved_tabs=&#8221;all&#8221; global_colors_info=&#8221;{}&#8221;]<\/p>\n<p>Photo Credit: Christian Gonzalez<\/p>\n<p>[\/et_pb_text][et_pb_text admin_label=&#8221;La MRC est responsable de l\u2019\u00e9valuation fonci\u00e8re&#8230;&#8221; module_class=&#8221;small-text&#8221; _builder_version=&#8221;4.16&#8243; text_font_size=&#8221;13pt&#8221; text_line_height=&#8221;1.6em&#8221; header_font=&#8221;Nunito|700|||||||&#8221; header_font_size=&#8221;42pt&#8221; header_2_font=&#8221;Nunito|700|||||||&#8221; header_2_font_size=&#8221;32pt&#8221; header_3_font=&#8221;Nunito|700|||||||&#8221; header_3_font_size=&#8221;28pt&#8221; header_3_line_height=&#8221;1.1em&#8221; header_4_font=&#8221;Nunito|700|||||||&#8221; header_4_font_size=&#8221;23pt&#8221; custom_margin=&#8221;30px||||false|false&#8221; hover_enabled=&#8221;0&#8243; custom_css_main_element=&#8221;letter-spacing: 0.03em !important;&#8221; saved_tabs=&#8221;all&#8221; global_colors_info=&#8221;{}&#8221; sticky_enabled=&#8221;0&#8243;]<\/p>\n<p>The MRC is responsible for property assessment for 19 of its 23 municipalities (all except \u00cele-Perrot, Pincourt, Vaudreuil-Dorion, and \u00cele-Cadieux). The legislation requires property assessments to be based on the current value of the assessed properties.<\/p>\n<p>[\/et_pb_text][\/et_pb_column][\/et_pb_row][et_pb_row _builder_version=&#8221;4.16&#8243; background_size=&#8221;initial&#8221; background_position=&#8221;top_left&#8221; background_repeat=&#8221;repeat&#8221; global_colors_info=&#8221;{}&#8221;][et_pb_column type=&#8221;4_4&#8243; _builder_version=&#8221;4.16&#8243; custom_padding=&#8221;|||&#8221; global_colors_info=&#8221;{}&#8221; custom_padding__hover=&#8221;|||&#8221;][et_pb_text admin_label=&#8221;D\u00e9lai \u00e0 respecter pour une demande de r\u00e9vision&#8221; module_class=&#8221;small-text&#8221; _builder_version=&#8221;4.16&#8243; text_font_size=&#8221;13pt&#8221; text_line_height=&#8221;1.6em&#8221; header_font=&#8221;Nunito|700|||||||&#8221; header_font_size=&#8221;42pt&#8221; header_2_font=&#8221;Nunito|700|||||||&#8221; header_2_font_size=&#8221;32pt&#8221; header_3_font=&#8221;Nunito|700|||||||&#8221; header_3_font_size=&#8221;28pt&#8221; header_3_line_height=&#8221;1.1em&#8221; header_4_font=&#8221;Nunito|700|||||||&#8221; header_4_font_size=&#8221;23pt&#8221; custom_css_main_element=&#8221;letter-spacing: 0.03em !important;&#8221; saved_tabs=&#8221;all&#8221; global_colors_info=&#8221;{}&#8221;]<\/p>\n<h3>Wait Period for Applying for a Revision<\/h3>\n<p>In order for your request for revision to be valid, it must be filed before the latest due date, or within a certain time period before May 1<sup>st<\/sup> of the first year of the triennial role, according to the criteria cited in the Revision of Property Assessment Role Form.<\/p>\n<p>[\/et_pb_text][\/et_pb_column][\/et_pb_row][et_pb_row _builder_version=&#8221;4.16&#8243; background_size=&#8221;initial&#8221; background_position=&#8221;top_left&#8221; background_repeat=&#8221;repeat&#8221; global_colors_info=&#8221;{}&#8221;][et_pb_column type=&#8221;4_4&#8243; _builder_version=&#8221;4.16&#8243; custom_padding=&#8221;|||&#8221; global_colors_info=&#8221;{}&#8221; custom_padding__hover=&#8221;|||&#8221;][et_pb_text admin_label=&#8221;Droit de demander une r\u00e9vision&#8221; module_class=&#8221;small-text&#8221; _builder_version=&#8221;4.16&#8243; text_font_size=&#8221;13pt&#8221; text_line_height=&#8221;1.6em&#8221; header_font=&#8221;Nunito|700|||||||&#8221; header_font_size=&#8221;42pt&#8221; header_2_font=&#8221;Nunito|700|||||||&#8221; header_2_font_size=&#8221;32pt&#8221; header_3_font=&#8221;Nunito|700|||||||&#8221; header_3_font_size=&#8221;28pt&#8221; header_3_line_height=&#8221;1.1em&#8221; header_4_font=&#8221;Nunito|700|||||||&#8221; header_4_font_size=&#8221;23pt&#8221; custom_css_main_element=&#8221;letter-spacing: 0.03em !important;&#8221; saved_tabs=&#8221;all&#8221; global_colors_info=&#8221;{}&#8221;]<\/p>\n<h3>The Right to Apply for a Revision<\/h3>\n<ul>\n<li>In order for your request for revision to be valid, it must be filed before the latest due date, or within a certain time period before May 1st of the first year of the triennial role, according to the criteria cited in the Revision of Property Assessment Role Form.<\/li>\n<li>A person who must pay a tax or compensation to the municipality or school board that uses the assessment roll is deemed to have grounds to file an application for revision.<\/li>\n<\/ul>\n<p>[\/et_pb_text][\/et_pb_column][\/et_pb_row][et_pb_row column_structure=&#8221;1_3,2_3&#8243; _builder_version=&#8221;4.16&#8243; background_size=&#8221;initial&#8221; background_position=&#8221;top_left&#8221; background_repeat=&#8221;repeat&#8221; global_colors_info=&#8221;{}&#8221;][et_pb_column type=&#8221;1_3&#8243; _builder_version=&#8221;4.16&#8243; custom_padding=&#8221;|||&#8221; global_colors_info=&#8221;{}&#8221; custom_padding__hover=&#8221;|||&#8221;][et_pb_image src=&#8221;https:\/\/mrcvs.ca\/wp-content\/uploads\/2020\/07\/Icone_EvaluationForm.png&#8221; url=&#8221;https:\/\/mrcvs.ca\/gouvernement\/pdf\/Formulaire_Demande_de_revision_du_role_d_evaluation_fonciere.pdf&#8221; url_new_window=&#8221;on&#8221; _builder_version=&#8221;4.26.1&#8243; animation_style=&#8221;slide&#8221; animation_direction=&#8221;left&#8221; global_colors_info=&#8221;{}&#8221;][\/et_pb_image][\/et_pb_column][et_pb_column type=&#8221;2_3&#8243; _builder_version=&#8221;4.16&#8243; custom_padding=&#8221;|||&#8221; global_colors_info=&#8221;{}&#8221; custom_padding__hover=&#8221;|||&#8221;][et_pb_text admin_label=&#8221;Proc\u00e9dure \u00e0 suivre&#8221; module_class=&#8221;small-text&#8221; _builder_version=&#8221;4.26.1&#8243; text_font_size=&#8221;13pt&#8221; text_line_height=&#8221;1.6em&#8221; header_font=&#8221;Nunito|700|||||||&#8221; header_font_size=&#8221;42pt&#8221; header_2_font=&#8221;Nunito|700|||||||&#8221; header_2_font_size=&#8221;32pt&#8221; header_3_font=&#8221;Nunito|700|||||||&#8221; header_3_font_size=&#8221;28pt&#8221; header_3_line_height=&#8221;1.1em&#8221; header_4_font=&#8221;Nunito|700|||||||&#8221; header_4_font_size=&#8221;23pt&#8221; hover_enabled=&#8221;0&#8243; z_index_tablet=&#8221;500&#8243; custom_css_main_element=&#8221;letter-spacing: 0.03em !important;&#8221; saved_tabs=&#8221;all&#8221; global_colors_info=&#8221;{}&#8221; sticky_enabled=&#8221;0&#8243;]<\/p>\n<p><strong>Procedure to follow<\/strong><\/p>\n<p>If you wish to apply for a revision, you must:<\/p>\n<ol>\n<li>Fill out the form entitled \u00ab <a href=\"https:\/\/cdn-contenu.quebec.ca\/cdn-contenu\/adm\/min\/affaires-municipales\/publications\/evaluation_fonciere\/documentation\/FOR_demande_revision_role_evaluation_fonciere.pdf\" target=\"_blank\" rel=\"noopener noreferrer\" data-mce-href=\"https:\/\/cdn-contenu.quebec.ca\/cdn-contenu\/adm\/min\/affaires-municipales\/publications\/evaluation_fonciere\/documentation\/FOR_demande_revision_role_evaluation_fonciere.pdf\"><span style=\"color: #00a0b6;\" data-mce-style=\"color: #00a0b6;\"><strong>DEMANDE DE R\u00c9VISION DU R\u00d4LE D&#8217;\u00c9VALUATION FONCI\u00c8RE<\/strong><\/span><\/a> \u00bb (\u201cAPPLICATION FOR A REVISION OF PROPERTY ASSESSMENT ROLE\u201d \u2013 available in French only) (also available in hard-copy format at the MRC offices at 280 Boulevard Harwood, Vaudreuil-Dorion).<\/li>\n<li>Return the fully completed form to the MRC office or send it by registered letter.<\/li>\n<li>Attach payment for the determined sum applied to the entire assessment, if required by the regulations of the responsible municipal body.<\/li>\n<\/ol>\n<p>Please refer to <em>R\u00e8glement 262<\/em> for the terms and conditions governing the payment of the sum of money due upon the filing of an application for administrative review of property assessment.<\/p>\n<p>[\/et_pb_text][et_pb_button button_url=&#8221;https:\/\/mrcvs.ca\/wp-content\/uploads\/2024\/10\/Reglement-262-et-certificat-de-promulgation.pdf&#8221; url_new_window=&#8221;on&#8221; button_text=&#8221;R\u00e8glement 262&#8243; admin_label=&#8221;262&#8243; module_class=&#8221;btn-vert&#8221; _builder_version=&#8221;4.26.1&#8243; custom_button=&#8221;on&#8221; button_text_size=&#8221;16pt&#8221; button_text_color=&#8221;#f1f2f2&#8243; button_bg_color=&#8221;#00a3b4&#8243; button_border_color=&#8221;#00a3b4&#8243; button_border_radius=&#8221;50px&#8221; button_letter_spacing=&#8221;3px&#8221; button_font=&#8221;Nunito|700|||||||&#8221; button_use_icon=&#8221;off&#8221; background_layout=&#8221;dark&#8221; custom_padding=&#8221;5px|60px|5px|60px&#8221; custom_padding_tablet=&#8221;&#8221; custom_padding_phone=&#8221;5px|30px|5px|30px&#8221; custom_padding_last_edited=&#8221;on|phone&#8221; custom_css_main_element=&#8221;letter-spacing: 0.03em !important;&#8221; button_text_color_hover=&#8221;#00a3b4&#8243; button_border_color_hover=&#8221;#00a3b4&#8243; button_border_radius_hover=&#8221;50px&#8221; button_letter_spacing_hover=&#8221;3&#8243; button_bg_color_hover=&#8221;#ffffff&#8221; saved_tabs=&#8221;all&#8221; locked=&#8221;off&#8221; global_colors_info=&#8221;{}&#8221; button_text_size__hover_enabled=&#8221;off&#8221; button_text_size__hover=&#8221;null&#8221; button_one_text_size__hover_enabled=&#8221;off&#8221; button_one_text_size__hover=&#8221;null&#8221; button_two_text_size__hover_enabled=&#8221;off&#8221; button_two_text_size__hover=&#8221;null&#8221; button_text_color__hover_enabled=&#8221;on&#8221; button_text_color__hover=&#8221;#00a3b4&#8243; button_one_text_color__hover_enabled=&#8221;off&#8221; button_one_text_color__hover=&#8221;null&#8221; button_two_text_color__hover_enabled=&#8221;off&#8221; button_two_text_color__hover=&#8221;null&#8221; button_border_width__hover_enabled=&#8221;off&#8221; button_border_width__hover=&#8221;null&#8221; button_one_border_width__hover_enabled=&#8221;off&#8221; button_one_border_width__hover=&#8221;null&#8221; button_two_border_width__hover_enabled=&#8221;off&#8221; button_two_border_width__hover=&#8221;null&#8221; button_border_color__hover_enabled=&#8221;on&#8221; button_border_color__hover=&#8221;#00a3b4&#8243; button_one_border_color__hover_enabled=&#8221;off&#8221; button_one_border_color__hover=&#8221;null&#8221; button_two_border_color__hover_enabled=&#8221;off&#8221; button_two_border_color__hover=&#8221;null&#8221; button_border_radius__hover_enabled=&#8221;on&#8221; button_border_radius__hover=&#8221;50px&#8221; button_one_border_radius__hover_enabled=&#8221;off&#8221; button_one_border_radius__hover=&#8221;null&#8221; button_two_border_radius__hover_enabled=&#8221;off&#8221; button_two_border_radius__hover=&#8221;null&#8221; button_letter_spacing__hover_enabled=&#8221;on&#8221; button_letter_spacing__hover=&#8221;3&#8243; button_one_letter_spacing__hover_enabled=&#8221;off&#8221; button_one_letter_spacing__hover=&#8221;null&#8221; button_two_letter_spacing__hover_enabled=&#8221;off&#8221; button_two_letter_spacing__hover=&#8221;null&#8221; button_bg_color__hover_enabled=&#8221;on&#8221; button_bg_color__hover=&#8221;#ffffff&#8221; button_one_bg_color__hover_enabled=&#8221;off&#8221; button_one_bg_color__hover=&#8221;null&#8221; button_two_bg_color__hover_enabled=&#8221;off&#8221; button_two_bg_color__hover=&#8221;null&#8221;]<\/p>\n<p>&nbsp; &nbsp;<\/p>\n<p>[\/et_pb_button][et_pb_button button_url=&#8221;https:\/\/mrcvs.ca\/wp-content\/uploads\/2025\/01\/TARIFS-2025.pdf&#8221; url_new_window=&#8221;on&#8221; button_text=&#8221;Tarifs 2025&#8243; admin_label=&#8221;Tarifs 2025&#8243; module_class=&#8221;btn-vert&#8221; _builder_version=&#8221;4.26.1&#8243; custom_button=&#8221;on&#8221; button_text_size=&#8221;16pt&#8221; button_text_color=&#8221;#f1f2f2&#8243; button_bg_color=&#8221;#00a3b4&#8243; button_border_color=&#8221;#00a3b4&#8243; button_border_radius=&#8221;50px&#8221; button_letter_spacing=&#8221;3px&#8221; button_font=&#8221;Nunito|700|||||||&#8221; button_use_icon=&#8221;off&#8221; background_layout=&#8221;dark&#8221; custom_padding=&#8221;5px|60px|5px|60px&#8221; custom_padding_tablet=&#8221;&#8221; custom_padding_phone=&#8221;5px|30px|5px|30px&#8221; custom_padding_last_edited=&#8221;on|phone&#8221; custom_css_main_element=&#8221;letter-spacing: 0.03em !important;&#8221; button_text_color_hover=&#8221;#00a3b4&#8243; button_border_color_hover=&#8221;#00a3b4&#8243; button_border_radius_hover=&#8221;50px&#8221; button_letter_spacing_hover=&#8221;3&#8243; button_bg_color_hover=&#8221;#ffffff&#8221; saved_tabs=&#8221;all&#8221; locked=&#8221;off&#8221; global_colors_info=&#8221;{}&#8221; button_text_size__hover_enabled=&#8221;off&#8221; button_text_size__hover=&#8221;null&#8221; button_one_text_size__hover_enabled=&#8221;off&#8221; button_one_text_size__hover=&#8221;null&#8221; button_two_text_size__hover_enabled=&#8221;off&#8221; button_two_text_size__hover=&#8221;null&#8221; button_text_color__hover_enabled=&#8221;on&#8221; button_text_color__hover=&#8221;#00a3b4&#8243; button_one_text_color__hover_enabled=&#8221;off&#8221; button_one_text_color__hover=&#8221;null&#8221; button_two_text_color__hover_enabled=&#8221;off&#8221; button_two_text_color__hover=&#8221;null&#8221; button_border_width__hover_enabled=&#8221;off&#8221; button_border_width__hover=&#8221;null&#8221; button_one_border_width__hover_enabled=&#8221;off&#8221; button_one_border_width__hover=&#8221;null&#8221; button_two_border_width__hover_enabled=&#8221;off&#8221; button_two_border_width__hover=&#8221;null&#8221; button_border_color__hover_enabled=&#8221;on&#8221; button_border_color__hover=&#8221;#00a3b4&#8243; button_one_border_color__hover_enabled=&#8221;off&#8221; button_one_border_color__hover=&#8221;null&#8221; button_two_border_color__hover_enabled=&#8221;off&#8221; button_two_border_color__hover=&#8221;null&#8221; button_border_radius__hover_enabled=&#8221;on&#8221; button_border_radius__hover=&#8221;50px&#8221; button_one_border_radius__hover_enabled=&#8221;off&#8221; button_one_border_radius__hover=&#8221;null&#8221; button_two_border_radius__hover_enabled=&#8221;off&#8221; button_two_border_radius__hover=&#8221;null&#8221; button_letter_spacing__hover_enabled=&#8221;on&#8221; button_letter_spacing__hover=&#8221;3&#8243; button_one_letter_spacing__hover_enabled=&#8221;off&#8221; button_one_letter_spacing__hover=&#8221;null&#8221; button_two_letter_spacing__hover_enabled=&#8221;off&#8221; button_two_letter_spacing__hover=&#8221;null&#8221; button_bg_color__hover_enabled=&#8221;on&#8221; button_bg_color__hover=&#8221;#ffffff&#8221; button_one_bg_color__hover_enabled=&#8221;off&#8221; button_one_bg_color__hover=&#8221;null&#8221; button_two_bg_color__hover_enabled=&#8221;off&#8221; button_two_bg_color__hover=&#8221;null&#8221;]<\/p>\n<p>&nbsp; &nbsp;<\/p>\n<p>[\/et_pb_button][\/et_pb_column][\/et_pb_row][\/et_pb_section]<\/p>\n","protected":false},"excerpt":{"rendered":"<p>Property Assessment &nbsp; &nbsp; Photo Credit: Christian Gonzalez The MRC is responsible for property assessment for 19 of its 23 municipalities (all except \u00cele-Perrot, Pincourt, Vaudreuil-Dorion, and \u00cele-Cadieux). The legislation requires property assessments to be based on the current value of the assessed properties. Wait Period for Applying for a RevisionIn order for your request [&hellip;]<\/p>\n","protected":false},"author":5,"featured_media":0,"parent":4537,"menu_order":110,"comment_status":"closed","ping_status":"closed","template":"","meta":{"_et_pb_use_builder":"on","_et_pb_old_content":"","_et_gb_content_width":"","footnotes":""},"yoast_head":"<!-- This site is optimized with the Yoast SEO plugin v23.0 - https:\/\/yoast.com\/wordpress\/plugins\/seo\/ -->\n<title>Property Assessment - MRC of Vaudreuil-Soulanges<\/title>\n<meta name=\"description\" content=\"The MRC de Vaudreuil-Soulanges is responsible for property assessment for 19 of its 23 municipalities. The legislation requires property assessments to be based on the current value of the assessed properties.\" \/>\n<meta name=\"robots\" content=\"index, follow, max-snippet:-1, max-image-preview:large, max-video-preview:-1\" \/>\n<link rel=\"canonical\" href=\"https:\/\/mrcvs.ca\/municipalites\/evaluation-fonciere\/\" \/>\n<meta property=\"og:locale\" content=\"en_US\" \/>\n<meta property=\"og:type\" content=\"article\" \/>\n<meta property=\"og:title\" content=\"Property Assessment - MRC of Vaudreuil-Soulanges\" \/>\n<meta property=\"og:description\" content=\"The MRC de Vaudreuil-Soulanges is responsible for property assessment for 19 of its 23 municipalities. The legislation requires property assessments to be based on the current value of the assessed properties.\" \/>\n<meta property=\"og:url\" content=\"https:\/\/mrcvs.ca\/municipalites\/evaluation-fonciere\/\" \/>\n<meta property=\"og:site_name\" content=\"MRC of Vaudreuil-Soulanges\" \/>\n<meta property=\"article:publisher\" content=\"https:\/\/www.facebook.com\/mrcvaudreuilsoulanges\/\" \/>\n<meta property=\"article:modified_time\" content=\"2025-02-04T14:28:07+00:00\" \/>\n<meta name=\"twitter:card\" content=\"summary_large_image\" \/>\n<meta name=\"twitter:label1\" content=\"Est. reading time\" \/>\n\t<meta name=\"twitter:data1\" content=\"3 minutes\" \/>\n<script type=\"application\/ld+json\" class=\"yoast-schema-graph\">{\"@context\":\"https:\/\/schema.org\",\"@graph\":[{\"@type\":\"WebPage\",\"@id\":\"https:\/\/mrcvs.ca\/municipalites\/evaluation-fonciere\/\",\"url\":\"https:\/\/mrcvs.ca\/municipalites\/evaluation-fonciere\/\",\"name\":\"Property Assessment - MRC of Vaudreuil-Soulanges\",\"isPartOf\":{\"@id\":\"https:\/\/mrcvs.ca\/#website\"},\"datePublished\":\"2018-11-28T01:49:23+00:00\",\"dateModified\":\"2025-02-04T14:28:07+00:00\",\"description\":\"The MRC de Vaudreuil-Soulanges is responsible for property assessment for 19 of its 23 municipalities. The legislation requires property assessments to be based on the current value of the assessed properties.\",\"breadcrumb\":{\"@id\":\"https:\/\/mrcvs.ca\/municipalites\/evaluation-fonciere\/#breadcrumb\"},\"inLanguage\":\"en-US\",\"potentialAction\":[{\"@type\":\"ReadAction\",\"target\":[\"https:\/\/mrcvs.ca\/municipalites\/evaluation-fonciere\/\"]}]},{\"@type\":\"BreadcrumbList\",\"@id\":\"https:\/\/mrcvs.ca\/municipalites\/evaluation-fonciere\/#breadcrumb\",\"itemListElement\":[{\"@type\":\"ListItem\",\"position\":1,\"name\":\"Accueil\",\"item\":\"https:\/\/mrcvs.ca\/en\/\"},{\"@type\":\"ListItem\",\"position\":2,\"name\":\"Municipalities\",\"item\":\"https:\/\/mrcvs.ca\/municipalites\/\"},{\"@type\":\"ListItem\",\"position\":3,\"name\":\"Property Assessment\"}]},{\"@type\":\"WebSite\",\"@id\":\"https:\/\/mrcvs.ca\/#website\",\"url\":\"https:\/\/mrcvs.ca\/\",\"name\":\"MRC de Vaudreuil-Soulanges\",\"description\":\"MRC of Vaudreuil-Soulanges \",\"publisher\":{\"@id\":\"https:\/\/mrcvs.ca\/#organization\"},\"potentialAction\":[{\"@type\":\"SearchAction\",\"target\":{\"@type\":\"EntryPoint\",\"urlTemplate\":\"https:\/\/mrcvs.ca\/?s={search_term_string}\"},\"query-input\":\"required name=search_term_string\"}],\"inLanguage\":\"en-US\"},{\"@type\":\"Organization\",\"@id\":\"https:\/\/mrcvs.ca\/#organization\",\"name\":\"MRC Vaudreuil-Soulanges\",\"url\":\"https:\/\/mrcvs.ca\/\",\"logo\":{\"@type\":\"ImageObject\",\"inLanguage\":\"en-US\",\"@id\":\"https:\/\/mrcvs.ca\/#\/schema\/logo\/image\/\",\"url\":\"https:\/\/mrcvs.ca\/wp-content\/uploads\/2018\/10\/MRC_VS_LOGO.png\",\"contentUrl\":\"https:\/\/mrcvs.ca\/wp-content\/uploads\/2018\/10\/MRC_VS_LOGO.png\",\"width\":1080,\"height\":460,\"caption\":\"MRC Vaudreuil-Soulanges\"},\"image\":{\"@id\":\"https:\/\/mrcvs.ca\/#\/schema\/logo\/image\/\"},\"sameAs\":[\"https:\/\/www.facebook.com\/mrcvaudreuilsoulanges\/\"]}]}<\/script>\n<!-- \/ Yoast SEO plugin. -->","yoast_head_json":{"title":"Property Assessment - MRC of Vaudreuil-Soulanges","description":"The MRC de Vaudreuil-Soulanges is responsible for property assessment for 19 of its 23 municipalities. The legislation requires property assessments to be based on the current value of the assessed properties.","robots":{"index":"index","follow":"follow","max-snippet":"max-snippet:-1","max-image-preview":"max-image-preview:large","max-video-preview":"max-video-preview:-1"},"canonical":"https:\/\/mrcvs.ca\/municipalites\/evaluation-fonciere\/","og_locale":"en_US","og_type":"article","og_title":"Property Assessment - MRC of Vaudreuil-Soulanges","og_description":"The MRC de Vaudreuil-Soulanges is responsible for property assessment for 19 of its 23 municipalities. The legislation requires property assessments to be based on the current value of the assessed properties.","og_url":"https:\/\/mrcvs.ca\/municipalites\/evaluation-fonciere\/","og_site_name":"MRC of Vaudreuil-Soulanges","article_publisher":"https:\/\/www.facebook.com\/mrcvaudreuilsoulanges\/","article_modified_time":"2025-02-04T14:28:07+00:00","twitter_card":"summary_large_image","twitter_misc":{"Est. reading time":"3 minutes"},"schema":{"@context":"https:\/\/schema.org","@graph":[{"@type":"WebPage","@id":"https:\/\/mrcvs.ca\/municipalites\/evaluation-fonciere\/","url":"https:\/\/mrcvs.ca\/municipalites\/evaluation-fonciere\/","name":"Property Assessment - MRC of Vaudreuil-Soulanges","isPartOf":{"@id":"https:\/\/mrcvs.ca\/#website"},"datePublished":"2018-11-28T01:49:23+00:00","dateModified":"2025-02-04T14:28:07+00:00","description":"The MRC de Vaudreuil-Soulanges is responsible for property assessment for 19 of its 23 municipalities. The legislation requires property assessments to be based on the current value of the assessed properties.","breadcrumb":{"@id":"https:\/\/mrcvs.ca\/municipalites\/evaluation-fonciere\/#breadcrumb"},"inLanguage":"en-US","potentialAction":[{"@type":"ReadAction","target":["https:\/\/mrcvs.ca\/municipalites\/evaluation-fonciere\/"]}]},{"@type":"BreadcrumbList","@id":"https:\/\/mrcvs.ca\/municipalites\/evaluation-fonciere\/#breadcrumb","itemListElement":[{"@type":"ListItem","position":1,"name":"Accueil","item":"https:\/\/mrcvs.ca\/en\/"},{"@type":"ListItem","position":2,"name":"Municipalities","item":"https:\/\/mrcvs.ca\/municipalites\/"},{"@type":"ListItem","position":3,"name":"Property Assessment"}]},{"@type":"WebSite","@id":"https:\/\/mrcvs.ca\/#website","url":"https:\/\/mrcvs.ca\/","name":"MRC de Vaudreuil-Soulanges","description":"MRC of Vaudreuil-Soulanges ","publisher":{"@id":"https:\/\/mrcvs.ca\/#organization"},"potentialAction":[{"@type":"SearchAction","target":{"@type":"EntryPoint","urlTemplate":"https:\/\/mrcvs.ca\/?s={search_term_string}"},"query-input":"required name=search_term_string"}],"inLanguage":"en-US"},{"@type":"Organization","@id":"https:\/\/mrcvs.ca\/#organization","name":"MRC Vaudreuil-Soulanges","url":"https:\/\/mrcvs.ca\/","logo":{"@type":"ImageObject","inLanguage":"en-US","@id":"https:\/\/mrcvs.ca\/#\/schema\/logo\/image\/","url":"https:\/\/mrcvs.ca\/wp-content\/uploads\/2018\/10\/MRC_VS_LOGO.png","contentUrl":"https:\/\/mrcvs.ca\/wp-content\/uploads\/2018\/10\/MRC_VS_LOGO.png","width":1080,"height":460,"caption":"MRC Vaudreuil-Soulanges"},"image":{"@id":"https:\/\/mrcvs.ca\/#\/schema\/logo\/image\/"},"sameAs":["https:\/\/www.facebook.com\/mrcvaudreuilsoulanges\/"]}]}},"_links":{"self":[{"href":"https:\/\/mrcvs.ca\/en\/wp-json\/wp\/v2\/pages\/4559"}],"collection":[{"href":"https:\/\/mrcvs.ca\/en\/wp-json\/wp\/v2\/pages"}],"about":[{"href":"https:\/\/mrcvs.ca\/en\/wp-json\/wp\/v2\/types\/page"}],"author":[{"embeddable":true,"href":"https:\/\/mrcvs.ca\/en\/wp-json\/wp\/v2\/users\/5"}],"replies":[{"embeddable":true,"href":"https:\/\/mrcvs.ca\/en\/wp-json\/wp\/v2\/comments?post=4559"}],"version-history":[{"count":0,"href":"https:\/\/mrcvs.ca\/en\/wp-json\/wp\/v2\/pages\/4559\/revisions"}],"up":[{"embeddable":true,"href":"https:\/\/mrcvs.ca\/en\/wp-json\/wp\/v2\/pages\/4537"}],"wp:attachment":[{"href":"https:\/\/mrcvs.ca\/en\/wp-json\/wp\/v2\/media?parent=4559"}],"curies":[{"name":"wp","href":"https:\/\/api.w.org\/{rel}","templated":true}]}}