{"id":4556,"date":"2018-11-27T21:48:50","date_gmt":"2018-11-28T01:48:50","guid":{"rendered":"http:\/\/mrcvs.tofudev.com\/municipalites\/amenagement-du-territoire\/"},"modified":"2025-12-17T16:29:17","modified_gmt":"2025-12-17T21:29:17","slug":"territory-planning","status":"publish","type":"page","link":"https:\/\/mrcvs.ca\/en\/municipalities\/territory-planning\/","title":{"rendered":"Territory Planning"},"content":{"rendered":"<p>[et_pb_section fb_built=&#8221;1&#8243; _builder_version=&#8221;4.16&#8243; background_color=&#8221;#00a3b4&#8243; custom_padding=&#8221;40px||0px|&#8221; collapsed=&#8221;off&#8221; global_colors_info=&#8221;{}&#8221;][et_pb_row _builder_version=&#8221;4.16&#8243; custom_padding=&#8221;0px||0px|&#8221; global_colors_info=&#8221;{}&#8221;][et_pb_column type=&#8221;4_4&#8243; _builder_version=&#8221;4.16&#8243; custom_padding=&#8221;|||&#8221; global_colors_info=&#8221;{}&#8221; custom_padding__hover=&#8221;|||&#8221;][et_pb_text admin_label=&#8221;Am\u00e9nagement&#8221; module_class=&#8221;smaller-text page-heading&#8221; _builder_version=&#8221;4.16&#8243; text_font_size=&#8221;11pt&#8221; text_line_height=&#8221;1.2em&#8221; header_font=&#8221;Nunito|700|||||||&#8221; header_text_color=&#8221;#ffffff&#8221; header_font_size=&#8221;42pt&#8221; header_2_font=&#8221;Nunito|700|||||||&#8221; header_2_font_size=&#8221;32pt&#8221; header_3_font=&#8221;Nunito|700|||||||&#8221; header_3_font_size=&#8221;28pt&#8221; header_3_line_height=&#8221;1.1em&#8221; header_4_font=&#8221;Nunito|700|||||||&#8221; header_4_font_size=&#8221;23pt&#8221; custom_css_main_element=&#8221;letter-spacing: 0.03em !important;&#8221; saved_tabs=&#8221;all&#8221; global_colors_info=&#8221;{}&#8221;]<\/p>\n<h1>Territory Planning<\/h1>\n<p>[\/et_pb_text][\/et_pb_column][\/et_pb_row][\/et_pb_section][et_pb_section fb_built=&#8221;1&#8243; _builder_version=&#8221;4.16&#8243; global_colors_info=&#8221;{}&#8221;][et_pb_row _builder_version=&#8221;4.16&#8243; background_size=&#8221;initial&#8221; background_position=&#8221;top_left&#8221; background_repeat=&#8221;repeat&#8221; global_colors_info=&#8221;{}&#8221;][et_pb_column type=&#8221;4_4&#8243; _builder_version=&#8221;4.16&#8243; custom_padding=&#8221;|||&#8221; global_colors_info=&#8221;{}&#8221; custom_padding__hover=&#8221;|||&#8221;][et_pb_image src=&#8221;https:\/\/mrcvs.ca\/wp-content\/uploads\/2018\/11\/Amenagement_munici_3.png&#8221; align_tablet=&#8221;center&#8221; align_phone=&#8221;&#8221; align_last_edited=&#8221;on|desktop&#8221; _builder_version=&#8221;4.16&#8243; custom_margin=&#8221;||60px|&#8221; animation_style=&#8221;fade&#8221; global_colors_info=&#8221;{}&#8221;]<\/p>\n<p>&nbsp;<\/p>\n<p>&nbsp;<\/p>\n<p>[\/et_pb_image][et_pb_text admin_label=&#8221;La MRC de Vaudreuil-Soulanges \u00e9labore un Sch\u00e9ma d\u2019am\u00e9nagement &#8230;.&#8221; module_class=&#8221;small-text&#8221; _builder_version=&#8221;4.16&#8243; text_font_size=&#8221;13pt&#8221; text_line_height=&#8221;1.6em&#8221; header_font=&#8221;Nunito|700|||||||&#8221; header_font_size=&#8221;42pt&#8221; header_2_font=&#8221;Nunito|700|||||||&#8221; header_2_font_size=&#8221;32pt&#8221; header_3_font=&#8221;Nunito|700|||||||&#8221; header_3_font_size=&#8221;28pt&#8221; header_3_line_height=&#8221;1.1em&#8221; header_4_font=&#8221;Nunito|700|||||||&#8221; header_4_font_size=&#8221;23pt&#8221; custom_css_main_element=&#8221;letter-spacing: 0.03em !important;&#8221; saved_tabs=&#8221;all&#8221; global_colors_info=&#8221;{}&#8221;]<\/p>\n<p>The MRC de Vaudreuil-Soulanges is creating a regional planning outline and is committed to its realization, ensuring conformance to the urban planning regulations of the municipalities in the Outline. The MRC is also working with the municipalities on their urban and territory planning projects, along with different government bodies including ministries, representatives and agencies of the Qu\u00e9bec government, the Montreal Metropolitan Community, and even the <em>Commission de protection du territoire agricole<\/em>.<\/p>\n<p>[\/et_pb_text][et_pb_divider show_divider=&#8221;off&#8221; _builder_version=&#8221;4.16&#8243; height=&#8221;7px&#8221; global_colors_info=&#8221;{}&#8221;][\/et_pb_divider][\/et_pb_column][\/et_pb_row][et_pb_row column_structure=&#8221;2_3,1_3&#8243; _builder_version=&#8221;4.16&#8243; custom_margin=&#8221;-60px|||&#8221; global_colors_info=&#8221;{}&#8221;][et_pb_column type=&#8221;2_3&#8243; _builder_version=&#8221;4.16&#8243; custom_padding=&#8221;|||&#8221; global_colors_info=&#8221;{}&#8221; custom_padding__hover=&#8221;|||&#8221;][et_pb_text admin_label=&#8221;La MRC de Vaudreuil-Soulanges \u00e9labore un Sch\u00e9ma d\u2019am\u00e9nagement &#8230;.&#8221; module_class=&#8221;small-text&#8221; _builder_version=&#8221;4.16&#8243; text_font_size=&#8221;13pt&#8221; text_line_height=&#8221;1.6em&#8221; header_font=&#8221;Nunito|700|||||||&#8221; header_font_size=&#8221;42pt&#8221; header_2_font=&#8221;Nunito|700|||||||&#8221; header_2_font_size=&#8221;32pt&#8221; header_3_font=&#8221;Nunito|700|||||||&#8221; header_3_font_size=&#8221;28pt&#8221; header_3_line_height=&#8221;1.1em&#8221; header_4_font=&#8221;Nunito|700|||||||&#8221; header_4_font_size=&#8221;23pt&#8221; custom_css_main_element=&#8221;letter-spacing: 0.03em !important;&#8221; saved_tabs=&#8221;all&#8221; global_colors_info=&#8221;{}&#8221;]<\/p>\n<p>The primary tool used for regional planning is the outline for planning and development which standardizes territory planning across the municipalities of the MRC. This tool is used for:<\/p>\n<ul>\n<li>Informing both elected officials and citizens. It provides detailed information about the issues and the primary socioeconomic and physical characteristics of the territory;<\/li>\n<li>Facilitating cooperation between the municipalities, the MRC, the Montreal Metropolitan Community, and the government in order to share a common vision and promote the projects;<\/li>\n<li>Identifying the schedule, partners, and diverse modalities of completing special projects across the region.<\/li>\n<\/ul>\n<p>The Territory Planning Service of the MRC de Vaudreuil-Soulanges is also responsible for the <em>Politique de l\u2019arbre et des bois\u00e9s<\/em> (Forest Management Policy) and the <em>Plan de d\u00e9veloppement de la zone agricole<\/em> (Agricultural Zone Development Plan).<\/p>\n<p>[\/et_pb_text][\/et_pb_column][et_pb_column type=&#8221;1_3&#8243; _builder_version=&#8221;4.16&#8243; custom_padding=&#8221;|||&#8221; global_colors_info=&#8221;{}&#8221; custom_padding__hover=&#8221;|||&#8221;][et_pb_image src=&#8221;https:\/\/mrcvs.ca\/wp-content\/uploads\/2018\/08\/Icone_Amenagement.png&#8221; align_tablet=&#8221;center&#8221; align_phone=&#8221;&#8221; align_last_edited=&#8221;on|desktop&#8221; _builder_version=&#8221;4.16&#8243; animation_style=&#8221;slide&#8221; animation_direction=&#8221;right&#8221; global_colors_info=&#8221;{}&#8221;]<\/p>\n<p>&nbsp;<\/p>\n<p>&nbsp;<\/p>\n<p>[\/et_pb_image][\/et_pb_column][\/et_pb_row][et_pb_row _builder_version=&#8221;4.16&#8243; background_size=&#8221;initial&#8221; background_position=&#8221;top_left&#8221; background_repeat=&#8221;repeat&#8221; global_colors_info=&#8221;{}&#8221;][et_pb_column type=&#8221;4_4&#8243; _builder_version=&#8221;4.16&#8243; custom_padding=&#8221;|||&#8221; global_colors_info=&#8221;{}&#8221; custom_padding__hover=&#8221;|||&#8221;][et_pb_text admin_label=&#8221;Consulter le Sch\u00e9ma d&#8217;am\u00e9nagement et de d\u00e9veloppement&#8221; module_class=&#8221;btn_planification_link&#8221; _builder_version=&#8221;4.26.1&#8243; text_font=&#8221;Nunito|800|||||||&#8221; text_text_color=&#8221;#ffffff&#8221; text_font_size=&#8221;23pt&#8221; header_text_color=&#8221;#ffffff&#8221; header_2_font=&#8221;|800|||||||&#8221; header_2_text_color=&#8221;#ffffff&#8221; background_color=&#8221;#00A4B6&#8243; custom_margin=&#8221;10px|||&#8221; custom_padding=&#8221;20px|20px|20px|20px&#8221; link_option_url=&#8221; https:\/\/mrcvs.ca\/gouvernement\/pdf\/SADR3-Reglement 232_adoption_final.pdf&#8221; locked=&#8221;off&#8221; global_colors_info=&#8221;{}&#8221;]<\/p>\n<h2><a href=\"https:\/\/mrcvs.ca\/gouvernement\/pdf\/SADR3-Reglement 232_adoption_final.pdf\" target=\"_blank\" rel=\"noopener noreferrer\">Consulter le Sch\u00e9ma d&#8217;am\u00e9nagement et de d\u00e9veloppement<\/a><\/h2>\n<p>[\/et_pb_text][\/et_pb_column][\/et_pb_row][et_pb_row _builder_version=&#8221;4.16&#8243; background_size=&#8221;initial&#8221; background_position=&#8221;top_left&#8221; background_repeat=&#8221;repeat&#8221; global_colors_info=&#8221;{}&#8221;][et_pb_column type=&#8221;4_4&#8243; _builder_version=&#8221;4.16&#8243; custom_padding=&#8221;|||&#8221; global_colors_info=&#8221;{}&#8221; custom_padding__hover=&#8221;|||&#8221;][et_pb_button button_url=&#8221;https:\/\/www.ville.rigaud.qc.ca\/mont-rigaud&#8221; url_new_window=&#8221;on&#8221; button_text=&#8221;Fiducie de conservation du patrimoine naturel de Rigaud&#8221; button_alignment=&#8221;left&#8221; admin_label=&#8221;Bouton Fiducie conservation du patrimoine naturel Rigaud&#8221; module_class=&#8221;btn-vert bouton&#8221; _builder_version=&#8221;4.26.1&#8243; custom_button=&#8221;on&#8221; button_text_size=&#8221;16pt&#8221; button_text_color=&#8221;#f1f2f2&#8243; button_bg_color=&#8221;#00a3b4&#8243; button_border_color=&#8221;#00a3b4&#8243; button_border_radius=&#8221;50px&#8221; button_letter_spacing=&#8221;3px&#8221; button_font=&#8221;Nunito|700|||||||&#8221; button_use_icon=&#8221;off&#8221; background_layout=&#8221;dark&#8221; custom_padding=&#8221;5px|60px|5px|60px&#8221; z_index_tablet=&#8221;500&#8243; custom_css_main_element=&#8221;letter-spacing: 0.03em !important;&#8221; saved_tabs=&#8221;all&#8221; locked=&#8221;off&#8221; global_colors_info=&#8221;{}&#8221; button_text_size__hover_enabled=&#8221;off&#8221; button_text_size__hover=&#8221;null&#8221; button_one_text_size__hover_enabled=&#8221;off&#8221; button_one_text_size__hover=&#8221;null&#8221; button_two_text_size__hover_enabled=&#8221;off&#8221; button_two_text_size__hover=&#8221;null&#8221; button_text_color__hover_enabled=&#8221;on&#8221; button_text_color__hover=&#8221;#00a3b4&#8243; button_one_text_color__hover_enabled=&#8221;off&#8221; button_one_text_color__hover=&#8221;null&#8221; button_two_text_color__hover_enabled=&#8221;off&#8221; button_two_text_color__hover=&#8221;null&#8221; button_border_width__hover_enabled=&#8221;off&#8221; button_border_width__hover=&#8221;null&#8221; button_one_border_width__hover_enabled=&#8221;off&#8221; button_one_border_width__hover=&#8221;null&#8221; button_two_border_width__hover_enabled=&#8221;off&#8221; button_two_border_width__hover=&#8221;null&#8221; button_border_color__hover_enabled=&#8221;on&#8221; button_border_color__hover=&#8221;#00a3b4&#8243; button_one_border_color__hover_enabled=&#8221;off&#8221; button_one_border_color__hover=&#8221;null&#8221; button_two_border_color__hover_enabled=&#8221;off&#8221; button_two_border_color__hover=&#8221;null&#8221; button_border_radius__hover_enabled=&#8221;on&#8221; button_border_radius__hover=&#8221;50px&#8221; button_one_border_radius__hover_enabled=&#8221;off&#8221; button_one_border_radius__hover=&#8221;null&#8221; button_two_border_radius__hover_enabled=&#8221;off&#8221; button_two_border_radius__hover=&#8221;null&#8221; button_letter_spacing__hover_enabled=&#8221;on&#8221; button_letter_spacing__hover=&#8221;3&#8243; button_one_letter_spacing__hover_enabled=&#8221;off&#8221; button_one_letter_spacing__hover=&#8221;null&#8221; button_two_letter_spacing__hover_enabled=&#8221;off&#8221; button_two_letter_spacing__hover=&#8221;null&#8221; button_bg_color__hover_enabled=&#8221;on&#8221; button_bg_color__hover=&#8221;#ffffff&#8221; button_one_bg_color__hover_enabled=&#8221;off&#8221; button_one_bg_color__hover=&#8221;null&#8221; button_two_bg_color__hover_enabled=&#8221;off&#8221; button_two_bg_color__hover=&#8221;null&#8221;]<br \/>\n[\/et_pb_button][\/et_pb_column][\/et_pb_row][\/et_pb_section]<\/p>\n","protected":false},"excerpt":{"rendered":"<p>Territory Planning &nbsp; &nbsp; The MRC de Vaudreuil-Soulanges is creating a regional planning outline and is committed to its realization, ensuring conformance to the urban planning regulations of the municipalities in the Outline. The MRC is also working with the municipalities on their urban and territory planning projects, along with different government bodies including ministries, [&hellip;]<\/p>\n","protected":false},"author":5,"featured_media":0,"parent":4537,"menu_order":84,"comment_status":"closed","ping_status":"closed","template":"","meta":{"_et_pb_use_builder":"on","_et_pb_old_content":"","_et_gb_content_width":"","footnotes":""},"yoast_head":"<!-- This site is optimized with the Yoast SEO plugin v23.0 - https:\/\/yoast.com\/wordpress\/plugins\/seo\/ -->\n<title>Territory Planning - MRC of Vaudreuil-Soulanges<\/title>\n<meta name=\"description\" content=\"The MRC de Vaudreuil-Soulanges is creating a regional planning outline and is committed to its realization, ensuring conformance to the urban planning regulations of the municipalities in the Outline.\" \/>\n<meta name=\"robots\" content=\"index, follow, max-snippet:-1, max-image-preview:large, max-video-preview:-1\" \/>\n<link rel=\"canonical\" href=\"https:\/\/mrcvs.ca\/en\/municipalities\/territory-planning\/\" \/>\n<meta property=\"og:locale\" content=\"en_US\" \/>\n<meta property=\"og:type\" content=\"article\" \/>\n<meta property=\"og:title\" content=\"Territory Planning - MRC of Vaudreuil-Soulanges\" \/>\n<meta property=\"og:description\" content=\"The MRC de Vaudreuil-Soulanges is creating a regional planning outline and is committed to its realization, ensuring conformance to the urban planning regulations of the municipalities in the Outline.\" \/>\n<meta property=\"og:url\" content=\"https:\/\/mrcvs.ca\/en\/municipalities\/territory-planning\/\" \/>\n<meta property=\"og:site_name\" content=\"MRC of Vaudreuil-Soulanges\" \/>\n<meta property=\"article:publisher\" content=\"https:\/\/www.facebook.com\/mrcvaudreuilsoulanges\/\" \/>\n<meta property=\"article:modified_time\" content=\"2025-12-17T21:29:17+00:00\" \/>\n<meta name=\"twitter:card\" content=\"summary_large_image\" \/>\n<meta name=\"twitter:label1\" content=\"Est. reading time\" \/>\n\t<meta name=\"twitter:data1\" content=\"2 minutes\" \/>\n<script type=\"application\/ld+json\" class=\"yoast-schema-graph\">{\"@context\":\"https:\/\/schema.org\",\"@graph\":[{\"@type\":\"WebPage\",\"@id\":\"https:\/\/mrcvs.ca\/en\/municipalities\/territory-planning\/\",\"url\":\"https:\/\/mrcvs.ca\/en\/municipalities\/territory-planning\/\",\"name\":\"Territory Planning - MRC of Vaudreuil-Soulanges\",\"isPartOf\":{\"@id\":\"https:\/\/mrcvs.ca\/#website\"},\"datePublished\":\"2018-11-28T01:48:50+00:00\",\"dateModified\":\"2025-12-17T21:29:17+00:00\",\"description\":\"The MRC de Vaudreuil-Soulanges is creating a regional planning outline and is committed to its realization, ensuring conformance to the urban planning regulations of the municipalities in the Outline.\",\"breadcrumb\":{\"@id\":\"https:\/\/mrcvs.ca\/en\/municipalities\/territory-planning\/#breadcrumb\"},\"inLanguage\":\"en-US\",\"potentialAction\":[{\"@type\":\"ReadAction\",\"target\":[\"https:\/\/mrcvs.ca\/en\/municipalities\/territory-planning\/\"]}]},{\"@type\":\"BreadcrumbList\",\"@id\":\"https:\/\/mrcvs.ca\/en\/municipalities\/territory-planning\/#breadcrumb\",\"itemListElement\":[{\"@type\":\"ListItem\",\"position\":1,\"name\":\"Accueil\",\"item\":\"https:\/\/mrcvs.ca\/en\/\"},{\"@type\":\"ListItem\",\"position\":2,\"name\":\"Municipalities\",\"item\":\"https:\/\/mrcvs.ca\/municipalites\/\"},{\"@type\":\"ListItem\",\"position\":3,\"name\":\"Territory Planning\"}]},{\"@type\":\"WebSite\",\"@id\":\"https:\/\/mrcvs.ca\/#website\",\"url\":\"https:\/\/mrcvs.ca\/\",\"name\":\"MRC de Vaudreuil-Soulanges\",\"description\":\"MRC of Vaudreuil-Soulanges \",\"publisher\":{\"@id\":\"https:\/\/mrcvs.ca\/#organization\"},\"potentialAction\":[{\"@type\":\"SearchAction\",\"target\":{\"@type\":\"EntryPoint\",\"urlTemplate\":\"https:\/\/mrcvs.ca\/?s={search_term_string}\"},\"query-input\":\"required name=search_term_string\"}],\"inLanguage\":\"en-US\"},{\"@type\":\"Organization\",\"@id\":\"https:\/\/mrcvs.ca\/#organization\",\"name\":\"MRC Vaudreuil-Soulanges\",\"url\":\"https:\/\/mrcvs.ca\/\",\"logo\":{\"@type\":\"ImageObject\",\"inLanguage\":\"en-US\",\"@id\":\"https:\/\/mrcvs.ca\/#\/schema\/logo\/image\/\",\"url\":\"https:\/\/mrcvs.ca\/wp-content\/uploads\/2018\/10\/MRC_VS_LOGO.png\",\"contentUrl\":\"https:\/\/mrcvs.ca\/wp-content\/uploads\/2018\/10\/MRC_VS_LOGO.png\",\"width\":1080,\"height\":460,\"caption\":\"MRC Vaudreuil-Soulanges\"},\"image\":{\"@id\":\"https:\/\/mrcvs.ca\/#\/schema\/logo\/image\/\"},\"sameAs\":[\"https:\/\/www.facebook.com\/mrcvaudreuilsoulanges\/\"]}]}<\/script>\n<!-- \/ Yoast SEO plugin. -->","yoast_head_json":{"title":"Territory Planning - MRC of Vaudreuil-Soulanges","description":"The MRC de Vaudreuil-Soulanges is creating a regional planning outline and is committed to its realization, ensuring conformance to the urban planning regulations of the municipalities in the Outline.","robots":{"index":"index","follow":"follow","max-snippet":"max-snippet:-1","max-image-preview":"max-image-preview:large","max-video-preview":"max-video-preview:-1"},"canonical":"https:\/\/mrcvs.ca\/en\/municipalities\/territory-planning\/","og_locale":"en_US","og_type":"article","og_title":"Territory Planning - MRC of Vaudreuil-Soulanges","og_description":"The MRC de Vaudreuil-Soulanges is creating a regional planning outline and is committed to its realization, ensuring conformance to the urban planning regulations of the municipalities in the Outline.","og_url":"https:\/\/mrcvs.ca\/en\/municipalities\/territory-planning\/","og_site_name":"MRC of Vaudreuil-Soulanges","article_publisher":"https:\/\/www.facebook.com\/mrcvaudreuilsoulanges\/","article_modified_time":"2025-12-17T21:29:17+00:00","twitter_card":"summary_large_image","twitter_misc":{"Est. reading time":"2 minutes"},"schema":{"@context":"https:\/\/schema.org","@graph":[{"@type":"WebPage","@id":"https:\/\/mrcvs.ca\/en\/municipalities\/territory-planning\/","url":"https:\/\/mrcvs.ca\/en\/municipalities\/territory-planning\/","name":"Territory Planning - MRC of Vaudreuil-Soulanges","isPartOf":{"@id":"https:\/\/mrcvs.ca\/#website"},"datePublished":"2018-11-28T01:48:50+00:00","dateModified":"2025-12-17T21:29:17+00:00","description":"The MRC de Vaudreuil-Soulanges is creating a regional planning outline and is committed to its realization, ensuring conformance to the urban planning regulations of the municipalities in the Outline.","breadcrumb":{"@id":"https:\/\/mrcvs.ca\/en\/municipalities\/territory-planning\/#breadcrumb"},"inLanguage":"en-US","potentialAction":[{"@type":"ReadAction","target":["https:\/\/mrcvs.ca\/en\/municipalities\/territory-planning\/"]}]},{"@type":"BreadcrumbList","@id":"https:\/\/mrcvs.ca\/en\/municipalities\/territory-planning\/#breadcrumb","itemListElement":[{"@type":"ListItem","position":1,"name":"Accueil","item":"https:\/\/mrcvs.ca\/en\/"},{"@type":"ListItem","position":2,"name":"Municipalities","item":"https:\/\/mrcvs.ca\/municipalites\/"},{"@type":"ListItem","position":3,"name":"Territory Planning"}]},{"@type":"WebSite","@id":"https:\/\/mrcvs.ca\/#website","url":"https:\/\/mrcvs.ca\/","name":"MRC de Vaudreuil-Soulanges","description":"MRC of Vaudreuil-Soulanges ","publisher":{"@id":"https:\/\/mrcvs.ca\/#organization"},"potentialAction":[{"@type":"SearchAction","target":{"@type":"EntryPoint","urlTemplate":"https:\/\/mrcvs.ca\/?s={search_term_string}"},"query-input":"required name=search_term_string"}],"inLanguage":"en-US"},{"@type":"Organization","@id":"https:\/\/mrcvs.ca\/#organization","name":"MRC Vaudreuil-Soulanges","url":"https:\/\/mrcvs.ca\/","logo":{"@type":"ImageObject","inLanguage":"en-US","@id":"https:\/\/mrcvs.ca\/#\/schema\/logo\/image\/","url":"https:\/\/mrcvs.ca\/wp-content\/uploads\/2018\/10\/MRC_VS_LOGO.png","contentUrl":"https:\/\/mrcvs.ca\/wp-content\/uploads\/2018\/10\/MRC_VS_LOGO.png","width":1080,"height":460,"caption":"MRC Vaudreuil-Soulanges"},"image":{"@id":"https:\/\/mrcvs.ca\/#\/schema\/logo\/image\/"},"sameAs":["https:\/\/www.facebook.com\/mrcvaudreuilsoulanges\/"]}]}},"_links":{"self":[{"href":"https:\/\/mrcvs.ca\/en\/wp-json\/wp\/v2\/pages\/4556"}],"collection":[{"href":"https:\/\/mrcvs.ca\/en\/wp-json\/wp\/v2\/pages"}],"about":[{"href":"https:\/\/mrcvs.ca\/en\/wp-json\/wp\/v2\/types\/page"}],"author":[{"embeddable":true,"href":"https:\/\/mrcvs.ca\/en\/wp-json\/wp\/v2\/users\/5"}],"replies":[{"embeddable":true,"href":"https:\/\/mrcvs.ca\/en\/wp-json\/wp\/v2\/comments?post=4556"}],"version-history":[{"count":0,"href":"https:\/\/mrcvs.ca\/en\/wp-json\/wp\/v2\/pages\/4556\/revisions"}],"up":[{"embeddable":true,"href":"https:\/\/mrcvs.ca\/en\/wp-json\/wp\/v2\/pages\/4537"}],"wp:attachment":[{"href":"https:\/\/mrcvs.ca\/en\/wp-json\/wp\/v2\/media?parent=4556"}],"curies":[{"name":"wp","href":"https:\/\/api.w.org\/{rel}","templated":true}]}}