{"id":4507,"date":"2018-11-27T21:40:41","date_gmt":"2018-11-27T21:40:41","guid":{"rendered":"http:\/\/mrcvs.tofudev.com\/planification\/culture\/"},"modified":"2026-02-06T11:02:16","modified_gmt":"2026-02-06T16:02:16","slug":"culture","status":"publish","type":"page","link":"https:\/\/mrcvs.ca\/en\/planning\/culture\/","title":{"rendered":"Culture"},"content":{"rendered":"<p>[et_pb_section fb_built=&#8221;1&#8243; _builder_version=&#8221;4.16&#8243; background_color=&#8221;#15a98b&#8221; custom_padding=&#8221;40px||0px|&#8221; collapsed=&#8221;off&#8221; global_colors_info=&#8221;{}&#8221;][et_pb_row _builder_version=&#8221;4.16&#8243; custom_padding=&#8221;0px||0px|&#8221; global_colors_info=&#8221;{}&#8221;][et_pb_column type=&#8221;4_4&#8243; _builder_version=&#8221;4.16&#8243; custom_padding=&#8221;|||&#8221; global_colors_info=&#8221;{}&#8221; custom_padding__hover=&#8221;|||&#8221;][et_pb_text admin_label=&#8221;Culture&#8221; module_class=&#8221;smaller-text page-heading&#8221; _builder_version=&#8221;4.16&#8243; text_font_size=&#8221;11pt&#8221; text_line_height=&#8221;1.2em&#8221; header_font=&#8221;Nunito|700|||||||&#8221; header_text_color=&#8221;#ffffff&#8221; header_font_size=&#8221;42pt&#8221; header_2_font=&#8221;Nunito|700|||||||&#8221; header_2_font_size=&#8221;32pt&#8221; header_3_font=&#8221;Nunito|700|||||||&#8221; header_3_font_size=&#8221;28pt&#8221; header_3_line_height=&#8221;1.1em&#8221; header_4_font=&#8221;Nunito|700|||||||&#8221; header_4_font_size=&#8221;23pt&#8221; custom_css_main_element=&#8221;letter-spacing: 0.03em !important;&#8221; saved_tabs=&#8221;all&#8221; global_colors_info=&#8221;{}&#8221;]<\/p>\n<h1>Culture<\/h1>\n<p>[\/et_pb_text][\/et_pb_column][\/et_pb_row][\/et_pb_section][et_pb_section fb_built=&#8221;1&#8243; module_id=&#8221;politique-culturelle-durable&#8221; _builder_version=&#8221;4.16&#8243; global_colors_info=&#8221;{}&#8221;][et_pb_row _builder_version=&#8221;4.16&#8243; background_size=&#8221;initial&#8221; background_position=&#8221;top_left&#8221; background_repeat=&#8221;repeat&#8221; global_colors_info=&#8221;{}&#8221;][et_pb_column type=&#8221;4_4&#8243; _builder_version=&#8221;4.16&#8243; custom_padding=&#8221;|||&#8221; global_colors_info=&#8221;{}&#8221; custom_padding__hover=&#8221;|||&#8221;][et_pb_image src=&#8221;https:\/\/mrcvs.ca\/wp-content\/uploads\/2019\/01\/bandeau-culture.jpg&#8221; align_tablet=&#8221;center&#8221; align_phone=&#8221;&#8221; align_last_edited=&#8221;on|desktop&#8221; _builder_version=&#8221;4.16&#8243; custom_margin=&#8221;||10px|&#8221; animation_style=&#8221;fade&#8221; global_colors_info=&#8221;{}&#8221;]<\/p>\n<p>&nbsp; &nbsp;<\/p>\n<p>[\/et_pb_image][et_pb_text admin_label=&#8221;Legende&#8221; module_class=&#8221;smaller-text&#8221; _builder_version=&#8221;4.16&#8243; text_font=&#8221;||on||||||&#8221; text_text_color=&#8221;#9e9e9e&#8221; text_font_size=&#8221;11pt&#8221; text_line_height=&#8221;1.2em&#8221; header_font=&#8221;Nunito|700|||||||&#8221; header_font_size=&#8221;42pt&#8221; header_2_font=&#8221;Nunito|700|||||||&#8221; header_2_font_size=&#8221;32pt&#8221; header_3_font=&#8221;Nunito|700|||||||&#8221; header_3_font_size=&#8221;28pt&#8221; header_3_line_height=&#8221;1.1em&#8221; header_4_font=&#8221;Nunito|700|||||||&#8221; header_4_font_size=&#8221;23pt&#8221; text_orientation=&#8221;right&#8221; custom_css_main_element=&#8221;letter-spacing: 0.03em !important;&#8221; saved_tabs=&#8221;all&#8221; global_colors_info=&#8221;{}&#8221;]<\/p>\n<p>Photo credit: Josiane Farand<\/p>\n<p>[\/et_pb_text][\/et_pb_column][\/et_pb_row][et_pb_row column_structure=&#8221;2_3,1_3&#8243; _builder_version=&#8221;4.16&#8243; background_size=&#8221;initial&#8221; background_position=&#8221;top_left&#8221; background_repeat=&#8221;repeat&#8221; global_colors_info=&#8221;{}&#8221;][et_pb_column type=&#8221;2_3&#8243; _builder_version=&#8221;4.16&#8243; custom_padding=&#8221;|||&#8221; global_colors_info=&#8221;{}&#8221; custom_padding__hover=&#8221;|||&#8221;][et_pb_text admin_label=&#8221;Politique culturelle dans la voie du d\u00e9veloppement durable&#8221; module_class=&#8221;small-text&#8221; _builder_version=&#8221;4.16&#8243; text_font_size=&#8221;13pt&#8221; text_line_height=&#8221;1.6em&#8221; header_font=&#8221;Nunito|700|||||||&#8221; header_font_size=&#8221;42pt&#8221; header_2_font=&#8221;Nunito|700|||||||&#8221; header_2_font_size=&#8221;32pt&#8221; header_3_font=&#8221;Nunito|700|||||||&#8221; header_3_font_size=&#8221;28pt&#8221; header_3_line_height=&#8221;1.1em&#8221; header_4_font=&#8221;Nunito|700|||||||&#8221; header_4_font_size=&#8221;23pt&#8221; custom_css_main_element=&#8221;letter-spacing: 0.03em !important;&#8221; saved_tabs=&#8221;all&#8221; global_colors_info=&#8221;{}&#8221;]<\/p>\n<h2><a href=\"https:\/\/mrcvs.ca\/wp-content\/uploads\/2018\/08\/politiqueculturelle_web.pdf\" target=\"_blank\" rel=\"noopener\" data-mce-href=\"https:\/\/mrcvs.ca\/wp-content\/uploads\/2018\/08\/politiqueculturelle_web.pdf\">Download the Politique culturelle dans la voie du d\u00e9veloppement durable (Available in French only)<\/a><\/h2>\n<p>[\/et_pb_text][\/et_pb_column][et_pb_column type=&#8221;1_3&#8243; _builder_version=&#8221;4.16&#8243; custom_padding=&#8221;|||&#8221; global_colors_info=&#8221;{}&#8221; custom_padding__hover=&#8221;|||&#8221;][et_pb_image src=&#8221;https:\/\/mrcvs.ca\/wp-content\/uploads\/2018\/08\/politiqueculturelle_web-1-1.png&#8221; align_tablet=&#8221;center&#8221; align_phone=&#8221;&#8221; align_last_edited=&#8221;on|desktop&#8221; _builder_version=&#8221;4.16&#8243; animation_style=&#8221;slide&#8221; animation_direction=&#8221;right&#8221; box_shadow_style=&#8221;preset3&#8243; global_colors_info=&#8221;{}&#8221;]<\/p>\n<p>&nbsp; &nbsp;<\/p>\n<p>[\/et_pb_image][\/et_pb_column][\/et_pb_row][et_pb_row _builder_version=&#8221;4.16&#8243; background_size=&#8221;initial&#8221; background_position=&#8221;top_left&#8221; background_repeat=&#8221;repeat&#8221; global_colors_info=&#8221;{}&#8221;][et_pb_column type=&#8221;4_4&#8243; _builder_version=&#8221;4.16&#8243; custom_padding=&#8221;|||&#8221; global_colors_info=&#8221;{}&#8221; custom_padding__hover=&#8221;|||&#8221;][et_pb_text admin_label=&#8221;Vous pouvez t\u00e9l\u00e9charger la Politique de l\u2019arbre et des bois\u00e9s&#8221; module_class=&#8221;btn_planification_link break-plan-culture&#8221; _builder_version=&#8221;4.16&#8243; text_font=&#8221;Nunito|800|||||||&#8221; text_text_color=&#8221;#ffffff&#8221; text_font_size=&#8221;23pt&#8221; header_text_color=&#8221;#ffffff&#8221; header_2_font=&#8221;|800|||||||&#8221; header_2_text_color=&#8221;#ffffff&#8221; background_color=&#8221;#15a98b&#8221; custom_margin=&#8221;10px||20px|&#8221; custom_padding=&#8221;20px|20px|20px|20px&#8221; global_colors_info=&#8221;{}&#8221;]<\/p>\n<h2><a href=\"https:\/\/mrcvs.ca\/wp-content\/uploads\/2018\/08\/politiqueculturelle_web.pdf\" target=\"_blank\" rel=\"noopener noreferrer\" data-mce-href=\"https:\/\/mrcvs.ca\/wp-content\/uploads\/2018\/08\/politiqueculturelle_web.pdf\">Download the Politique culturelle dans la voie du d\u00e9veloppement durable (Available in French only)<\/a><\/h2>\n<p>[\/et_pb_text][et_pb_toggle title=&#8221;R\u00e9vision en cours &#8221; open_toggle_background_color=&#8221;#15A98B&#8221; closed_toggle_background_color=&#8221;#15A98B&#8221; _builder_version=&#8221;4.26.1&#8243; _module_preset=&#8221;default&#8221; hover_enabled=&#8221;0&#8243; global_colors_info=&#8221;{}&#8221; admin_label=&#8221;Bascule &#8211; r\u00e9vision en cours&#8221; sticky_enabled=&#8221;0&#8243;]<\/p>\n<p><strong><em>Mise en contexte<\/em><\/strong><\/p>\n<p><\/p>\n<p><strong>\u00a0<\/strong><strong>Accompagner les partenaires du milieu dans l\u2019\u00e9laboration de la prochaine politique culturelle r\u00e9gionale<\/strong><\/p>\n<p><\/p>\n<p>Adopt\u00e9e en 2015, la politique culturelle r\u00e9gionale ax\u00e9e sur le d\u00e9veloppement durable de la MRC de Vaudreuil-Soulanges a jou\u00e9 un r\u00f4le crucial dans la strat\u00e9gie d\u2019action de la MRC pour le d\u00e9veloppement culturel du territoire.<\/p>\n<p><\/p>\n<p>Soutenue par un plan d\u2019action, cette politique a permis la r\u00e9alisation de nombreux projets, illustrant la passion qui anime l\u2019\u00e9cosyst\u00e8me culturel de la r\u00e9gion.<\/p>\n<p><\/p>\n<p>Pour mener \u00e0 bien ces projets, le Conseil des arts et de la culture de Vaudreuil-Soulanges (CACVS) est devenu l\u2019organisme responsable de sa mise en \u0153uvre. D\u00e8s lors, il a \u00e9t\u00e9 charg\u00e9 de planifier le d\u00e9veloppement culturel r\u00e9gional en concertation avec les diff\u00e9rents milieux.<\/p>\n<p><\/p>\n<p>Dix ans plus tard, en 2025, le CACVS souhaitait faire le bilan de la politique culturelle de 2015, consolider les r\u00e9ussites et identifier les axes d\u2019am\u00e9lioration par la mise \u00e0 jour de la politique culturelle de la MRC de Vaudreuil-Soulanges.<\/p>\n<p><\/p>\n<p>Cette initiative ambitieuse implique non seulement les acteurs des secteurs culturels, mais aussi ceux des domaines \u00e9conomiques, sociaux et environnementaux, ainsi que la population.<\/p>\n<p><\/p>\n<p><strong>D\u00e9marche d\u2019\u00e9laboration de la Politique culturelle<\/strong><\/p>\n<p><\/p>\n<p>L\u2019\u00e9quipe en conseil en management de RCGT, sp\u00e9cialis\u00e9e en tourisme, loisir et culture, a accompagn\u00e9 le CACVS dans l\u2019\u00e9laboration de la Politique culturelle. Un comit\u00e9 de suivi compos\u00e9 de partenaires du milieu a \u00e9t\u00e9 form\u00e9 pour suivre et orienter les travaux tout au long de la d\u00e9marche.<\/p>\n<p><\/p>\n<p>Entre avril 2025 et juillet 2026, les activit\u00e9s suivantes ont \u00e9t\u00e9 r\u00e9alis\u00e9es:<\/p>\n<p><\/p>\n<p><strong>Mai \u00e0 juillet 2025<\/strong> \u2013 Bilan de la Politique culturelle 2015-2025: Analyse des documents de contr\u00f4le de la politique culturelle et de son plan d\u2019action. Entrevues avec des leaders du territoire<\/p>\n<p><\/p>\n<p><strong>Ao\u00fbt \u00e0 octobre 2025<\/strong> \u2013 \u00c9tat des lieux et \u00e9laboration du portrait de la situation, portrait culturel r\u00e9gional, recherche et analyse de comparables et tendances dans le domaine des arts et de la culture dans le secteur municipal.<\/p>\n<p><\/p>\n<p><strong>Octobre 2025 \u00e0 f\u00e9vrier 2026<\/strong> \u2013 Consultations\u00a0:<\/p>\n<p><\/p>\n<ul>\n<li>Entrevues avec partenaires du milieu;<\/li>\n<li>Groupes de discussion avec les responsables en culture des municipalit\u00e9s de la MRC;<\/li>\n<li>Sondage aupr\u00e8s des intervenants culturels;<\/li>\n<li>Sondage aupr\u00e8s de la population;<\/li>\n<li>Journ\u00e9e de r\u00e9flexion collective des partenaires du milieu\u00a0:<br \/><em>Le 5 f\u00e9vrier 2026, <\/em><em>ce sont plus de 90 participants issus du milieu municipal, de la culture, du loisir, de la\u00a0vie communautaire, du d\u00e9veloppement social et de l&#8217;am\u00e9nagement du territoire qui se sont r\u00e9unis pour dessiner ensemble une vision d\u2019avenir r\u00e9gionale \u00e0 l\u2019occasion du Forum culturel r\u00e9gional.<\/em><\/li>\n<\/ul>\n<p><\/p>\n<p><strong>F\u00e9vrier \u00e0 mai 2026<\/strong> \u2013 \u00c9laboration de la politique culture et adoption par le conseil de la MRC.<\/p>\n<p><\/p>\n<p><strong>Juin et juillet 2026<\/strong> \u2013 D\u00e9finition de la structure du plan d\u2019action pour la mise en \u0153uvre de la politique.<\/p>\n<p><\/p>\n<p><strong>Objectifs d\u2019une politique culturelle<\/strong><\/p>\n<p><\/p>\n<ul>\n<li>Reconna\u00eetre publiquement l\u2019importance de la culture dans le d\u00e9veloppement d\u2019une collectivit\u00e9;<\/li>\n<li>Exprimer une vision commune et partag\u00e9e de la culture;<\/li>\n<li>D\u00e9finir clairement le r\u00f4le de la culture dans un territoire donn\u00e9;<\/li>\n<li>Mettre en valeur les atouts et les opportunit\u00e9s qui s\u2019offrent \u00e0 la communaut\u00e9.<\/li>\n<\/ul>\n<p><\/p>\n<p>&nbsp;<\/p>\n<p><\/p>\n<p>Cette d\u00e9marche de r\u00e9vision est r\u00e9alis\u00e9e gr\u00e2ce au soutien financier du gouvernement du Qu\u00e9bec et de le MRC de Vaudreuil-Soulanges dans le cadre de l\u2019Entente de d\u00e9veloppement culturel 2025-2027 et t\u00e9moigne de l\u2019engagement continu de nos instances envers le rayonnement culturel de notre r\u00e9gion.<\/p>\n<p><\/p>\n<p><em>Source: Guide d\u2019\u00e9laboration d\u2019une politique culturelle, minist\u00e8re de la Culture et des Communications du Qu\u00e9bec, 2021.<\/em><\/p>\n<p><\/p>\n<p>&nbsp;<\/p>\n<p>[\/et_pb_toggle][\/et_pb_column][\/et_pb_row][et_pb_row _builder_version=&#8221;4.16&#8243; background_size=&#8221;initial&#8221; background_position=&#8221;top_left&#8221; background_repeat=&#8221;repeat&#8221; global_colors_info=&#8221;{}&#8221;][et_pb_column type=&#8221;4_4&#8243; _builder_version=&#8221;4.16&#8243; custom_padding=&#8221;|||&#8221; global_colors_info=&#8221;{}&#8221; custom_padding__hover=&#8221;|||&#8221;][\/et_pb_column][\/et_pb_row][et_pb_row column_structure=&#8221;1_2,1_2&#8243; _builder_version=&#8221;4.16&#8243; module_alignment=&#8221;center&#8221; global_colors_info=&#8221;{}&#8221;][et_pb_column type=&#8221;1_2&#8243; _builder_version=&#8221;4.16&#8243; custom_padding=&#8221;|||&#8221; global_colors_info=&#8221;{}&#8221; custom_padding__hover=&#8221;|||&#8221;][et_pb_text admin_label=&#8221;Paragraphe &#8211; class=small-text&#8221; module_class=&#8221;small-text&#8221; _builder_version=&#8221;4.16&#8243; text_font_size=&#8221;13pt&#8221; text_line_height=&#8221;1.6em&#8221; header_font=&#8221;Nunito|700|||||||&#8221; header_font_size=&#8221;42pt&#8221; header_2_font=&#8221;Nunito|700|||||||&#8221; header_2_font_size=&#8221;32pt&#8221; header_3_font=&#8221;Nunito|700|||||||&#8221; header_3_font_size=&#8221;28pt&#8221; header_3_line_height=&#8221;1.1em&#8221; header_4_font=&#8221;Nunito|700|||||||&#8221; header_4_font_size=&#8221;23pt&#8221; custom_css_main_element=&#8221;letter-spacing: 0.03em !important;&#8221; saved_tabs=&#8221;all&#8221; global_colors_info=&#8221;{}&#8221;]<\/p>\n<p>Since January 2017, the <em>Conseil des arts et de la culture de Vaudreuil-Soulanges<\/em> (CACVS) has been the organization responsible for establishing the MRC de Vaudreuil-Soulanges\u2019 <em>Politique culturelle<\/em>.<\/p>\n<p>Consequently, the organization is now tasked with planning regional cultural development in collaboration with other domains. The CACVS works closely with municipal, social, economic, environmental and cultural domains in order to support the spread of the arts and culture in Vaudreuil-Soulanges.<\/p>\n<p>[\/et_pb_text][\/et_pb_column][et_pb_column type=&#8221;1_2&#8243; _builder_version=&#8221;4.16&#8243; custom_padding=&#8221;|||&#8221; global_colors_info=&#8221;{}&#8221; custom_padding__hover=&#8221;|||&#8221;][et_pb_image src=&#8221;https:\/\/mrcvs.ca\/wp-content\/uploads\/2018\/11\/cacvs_logo_agrandi_2.png&#8221; align=&#8221;center&#8221; align_tablet=&#8221;center&#8221; align_phone=&#8221;&#8221; align_last_edited=&#8221;on|desktop&#8221; _builder_version=&#8221;4.16&#8243; global_colors_info=&#8221;{}&#8221;]<br \/>\n[\/et_pb_image][et_pb_button button_url=&#8221;https:\/\/www.artculturevs.ca\/&#8221; url_new_window=&#8221;on&#8221; button_text=&#8221;Visit the website&#8221; button_alignment=&#8221;center&#8221; admin_label=&#8221;Bouton Services aux citoyens&#8221; module_class=&#8221;btn-vert&#8221; _builder_version=&#8221;4.26.1&#8243; custom_button=&#8221;on&#8221; button_text_size=&#8221;16pt&#8221; button_text_color=&#8221;#f1f2f2&#8243; button_bg_color=&#8221;#15a98b&#8221; button_border_color=&#8221;#15a98b&#8221; button_border_radius=&#8221;50px&#8221; button_letter_spacing=&#8221;3px&#8221; button_font=&#8221;Nunito|700|||||||&#8221; button_use_icon=&#8221;off&#8221; background_layout=&#8221;dark&#8221; custom_margin=&#8221;50px|||&#8221; custom_padding=&#8221;5px|100px|5px|100px&#8221; custom_css_main_element=&#8221;letter-spacing: 0.03em !important;&#8221; saved_tabs=&#8221;all&#8221; global_colors_info=&#8221;{}&#8221; button_text_size__hover_enabled=&#8221;off&#8221; button_text_size__hover=&#8221;null&#8221; button_one_text_size__hover_enabled=&#8221;off&#8221; button_one_text_size__hover=&#8221;null&#8221; button_two_text_size__hover_enabled=&#8221;off&#8221; button_two_text_size__hover=&#8221;null&#8221; button_text_color__hover_enabled=&#8221;on|desktop&#8221; button_text_color__hover=&#8221;#15A98B&#8221; button_one_text_color__hover_enabled=&#8221;off&#8221; button_one_text_color__hover=&#8221;null&#8221; button_two_text_color__hover_enabled=&#8221;off&#8221; button_two_text_color__hover=&#8221;null&#8221; button_border_width__hover_enabled=&#8221;off&#8221; button_border_width__hover=&#8221;null&#8221; button_one_border_width__hover_enabled=&#8221;off&#8221; button_one_border_width__hover=&#8221;null&#8221; button_two_border_width__hover_enabled=&#8221;off&#8221; button_two_border_width__hover=&#8221;null&#8221; button_border_color__hover_enabled=&#8221;on|hover&#8221; button_border_color__hover=&#8221;#15A98B&#8221; button_one_border_color__hover_enabled=&#8221;off&#8221; button_one_border_color__hover=&#8221;null&#8221; button_two_border_color__hover_enabled=&#8221;off&#8221; button_two_border_color__hover=&#8221;null&#8221; button_border_radius__hover_enabled=&#8221;on&#8221; button_border_radius__hover=&#8221;50px&#8221; button_one_border_radius__hover_enabled=&#8221;off&#8221; button_one_border_radius__hover=&#8221;null&#8221; button_two_border_radius__hover_enabled=&#8221;off&#8221; button_two_border_radius__hover=&#8221;null&#8221; button_letter_spacing__hover_enabled=&#8221;on&#8221; button_letter_spacing__hover=&#8221;3&#8243; button_one_letter_spacing__hover_enabled=&#8221;off&#8221; button_one_letter_spacing__hover=&#8221;null&#8221; button_two_letter_spacing__hover_enabled=&#8221;off&#8221; button_two_letter_spacing__hover=&#8221;null&#8221; button_bg_color__hover_enabled=&#8221;on|hover&#8221; button_bg_color__hover=&#8221;#ffffff&#8221; button_one_bg_color__hover_enabled=&#8221;off&#8221; button_one_bg_color__hover=&#8221;null&#8221; button_two_bg_color__hover_enabled=&#8221;off&#8221; button_two_bg_color__hover=&#8221;null&#8221;]<br \/>\n[\/et_pb_button][\/et_pb_column][\/et_pb_row][\/et_pb_section]<\/p>\n","protected":false},"excerpt":{"rendered":"<p>Culture &nbsp; &nbsp; Photo credit: Josiane Farand Download the Politique culturelle dans la voie du d\u00e9veloppement durable (Available in French only) &nbsp; &nbsp; Download the Politique culturelle dans la voie du d\u00e9veloppement durable (Available in French only) Mise en contexte\u00a0Accompagner les partenaires du milieu dans l\u2019\u00e9laboration de la prochaine politique culturelle r\u00e9gionaleAdopt\u00e9e en 2015, la [&hellip;]<\/p>\n","protected":false},"author":5,"featured_media":0,"parent":4451,"menu_order":86,"comment_status":"closed","ping_status":"closed","template":"","meta":{"_et_pb_use_builder":"on","_et_pb_old_content":"","_et_gb_content_width":"","footnotes":""},"yoast_head":"<!-- This site is optimized with the Yoast SEO plugin v23.0 - https:\/\/yoast.com\/wordpress\/plugins\/seo\/ -->\n<title>Culture - MRC of Vaudreuil-Soulanges<\/title>\n<meta name=\"description\" content=\"La Politique culturelle r\u00e9gionale dans la voie du d\u00e9veloppement durable de la MRC de Vaudreuil-Soulanges promeut la diffusion de la culture.\" \/>\n<meta name=\"robots\" content=\"index, follow, max-snippet:-1, max-image-preview:large, max-video-preview:-1\" \/>\n<link rel=\"canonical\" href=\"https:\/\/mrcvs.ca\/planification\/culture\/\" \/>\n<meta property=\"og:locale\" content=\"en_US\" \/>\n<meta property=\"og:type\" content=\"article\" \/>\n<meta property=\"og:title\" content=\"Culture - MRC of Vaudreuil-Soulanges\" \/>\n<meta property=\"og:description\" content=\"La Politique culturelle r\u00e9gionale dans la voie du d\u00e9veloppement durable de la MRC de Vaudreuil-Soulanges promeut la diffusion de la culture.\" \/>\n<meta property=\"og:url\" content=\"https:\/\/mrcvs.ca\/planification\/culture\/\" \/>\n<meta property=\"og:site_name\" content=\"MRC of Vaudreuil-Soulanges\" \/>\n<meta property=\"article:publisher\" content=\"https:\/\/www.facebook.com\/mrcvaudreuilsoulanges\/\" \/>\n<meta property=\"article:modified_time\" content=\"2026-02-06T16:02:16+00:00\" \/>\n<meta name=\"twitter:card\" content=\"summary_large_image\" \/>\n<meta name=\"twitter:label1\" content=\"Est. reading time\" \/>\n\t<meta name=\"twitter:data1\" content=\"9 minutes\" \/>\n<script type=\"application\/ld+json\" class=\"yoast-schema-graph\">{\"@context\":\"https:\/\/schema.org\",\"@graph\":[{\"@type\":\"WebPage\",\"@id\":\"https:\/\/mrcvs.ca\/planification\/culture\/\",\"url\":\"https:\/\/mrcvs.ca\/planification\/culture\/\",\"name\":\"Culture - MRC of Vaudreuil-Soulanges\",\"isPartOf\":{\"@id\":\"https:\/\/mrcvs.ca\/#website\"},\"datePublished\":\"2018-11-27T21:40:41+00:00\",\"dateModified\":\"2026-02-06T16:02:16+00:00\",\"description\":\"La Politique culturelle r\u00e9gionale dans la voie du d\u00e9veloppement durable de la MRC de Vaudreuil-Soulanges promeut la diffusion de la culture.\",\"breadcrumb\":{\"@id\":\"https:\/\/mrcvs.ca\/planification\/culture\/#breadcrumb\"},\"inLanguage\":\"en-US\",\"potentialAction\":[{\"@type\":\"ReadAction\",\"target\":[\"https:\/\/mrcvs.ca\/planification\/culture\/\"]}]},{\"@type\":\"BreadcrumbList\",\"@id\":\"https:\/\/mrcvs.ca\/planification\/culture\/#breadcrumb\",\"itemListElement\":[{\"@type\":\"ListItem\",\"position\":1,\"name\":\"Accueil\",\"item\":\"https:\/\/mrcvs.ca\/en\/\"},{\"@type\":\"ListItem\",\"position\":2,\"name\":\"Planning\",\"item\":\"https:\/\/mrcvs.ca\/en\/planning\/\"},{\"@type\":\"ListItem\",\"position\":3,\"name\":\"Culture\"}]},{\"@type\":\"WebSite\",\"@id\":\"https:\/\/mrcvs.ca\/#website\",\"url\":\"https:\/\/mrcvs.ca\/\",\"name\":\"MRC de Vaudreuil-Soulanges\",\"description\":\"MRC of Vaudreuil-Soulanges \",\"publisher\":{\"@id\":\"https:\/\/mrcvs.ca\/#organization\"},\"potentialAction\":[{\"@type\":\"SearchAction\",\"target\":{\"@type\":\"EntryPoint\",\"urlTemplate\":\"https:\/\/mrcvs.ca\/?s={search_term_string}\"},\"query-input\":\"required name=search_term_string\"}],\"inLanguage\":\"en-US\"},{\"@type\":\"Organization\",\"@id\":\"https:\/\/mrcvs.ca\/#organization\",\"name\":\"MRC Vaudreuil-Soulanges\",\"url\":\"https:\/\/mrcvs.ca\/\",\"logo\":{\"@type\":\"ImageObject\",\"inLanguage\":\"en-US\",\"@id\":\"https:\/\/mrcvs.ca\/#\/schema\/logo\/image\/\",\"url\":\"https:\/\/mrcvs.ca\/wp-content\/uploads\/2018\/10\/MRC_VS_LOGO.png\",\"contentUrl\":\"https:\/\/mrcvs.ca\/wp-content\/uploads\/2018\/10\/MRC_VS_LOGO.png\",\"width\":1080,\"height\":460,\"caption\":\"MRC Vaudreuil-Soulanges\"},\"image\":{\"@id\":\"https:\/\/mrcvs.ca\/#\/schema\/logo\/image\/\"},\"sameAs\":[\"https:\/\/www.facebook.com\/mrcvaudreuilsoulanges\/\"]}]}<\/script>\n<!-- \/ Yoast SEO plugin. -->","yoast_head_json":{"title":"Culture - MRC of Vaudreuil-Soulanges","description":"La Politique culturelle r\u00e9gionale dans la voie du d\u00e9veloppement durable de la MRC de Vaudreuil-Soulanges promeut la diffusion de la culture.","robots":{"index":"index","follow":"follow","max-snippet":"max-snippet:-1","max-image-preview":"max-image-preview:large","max-video-preview":"max-video-preview:-1"},"canonical":"https:\/\/mrcvs.ca\/planification\/culture\/","og_locale":"en_US","og_type":"article","og_title":"Culture - MRC of Vaudreuil-Soulanges","og_description":"La Politique culturelle r\u00e9gionale dans la voie du d\u00e9veloppement durable de la MRC de Vaudreuil-Soulanges promeut la diffusion de la culture.","og_url":"https:\/\/mrcvs.ca\/planification\/culture\/","og_site_name":"MRC of Vaudreuil-Soulanges","article_publisher":"https:\/\/www.facebook.com\/mrcvaudreuilsoulanges\/","article_modified_time":"2026-02-06T16:02:16+00:00","twitter_card":"summary_large_image","twitter_misc":{"Est. reading time":"9 minutes"},"schema":{"@context":"https:\/\/schema.org","@graph":[{"@type":"WebPage","@id":"https:\/\/mrcvs.ca\/planification\/culture\/","url":"https:\/\/mrcvs.ca\/planification\/culture\/","name":"Culture - MRC of Vaudreuil-Soulanges","isPartOf":{"@id":"https:\/\/mrcvs.ca\/#website"},"datePublished":"2018-11-27T21:40:41+00:00","dateModified":"2026-02-06T16:02:16+00:00","description":"La Politique culturelle r\u00e9gionale dans la voie du d\u00e9veloppement durable de la MRC de Vaudreuil-Soulanges promeut la diffusion de la culture.","breadcrumb":{"@id":"https:\/\/mrcvs.ca\/planification\/culture\/#breadcrumb"},"inLanguage":"en-US","potentialAction":[{"@type":"ReadAction","target":["https:\/\/mrcvs.ca\/planification\/culture\/"]}]},{"@type":"BreadcrumbList","@id":"https:\/\/mrcvs.ca\/planification\/culture\/#breadcrumb","itemListElement":[{"@type":"ListItem","position":1,"name":"Accueil","item":"https:\/\/mrcvs.ca\/en\/"},{"@type":"ListItem","position":2,"name":"Planning","item":"https:\/\/mrcvs.ca\/en\/planning\/"},{"@type":"ListItem","position":3,"name":"Culture"}]},{"@type":"WebSite","@id":"https:\/\/mrcvs.ca\/#website","url":"https:\/\/mrcvs.ca\/","name":"MRC de Vaudreuil-Soulanges","description":"MRC of Vaudreuil-Soulanges ","publisher":{"@id":"https:\/\/mrcvs.ca\/#organization"},"potentialAction":[{"@type":"SearchAction","target":{"@type":"EntryPoint","urlTemplate":"https:\/\/mrcvs.ca\/?s={search_term_string}"},"query-input":"required name=search_term_string"}],"inLanguage":"en-US"},{"@type":"Organization","@id":"https:\/\/mrcvs.ca\/#organization","name":"MRC Vaudreuil-Soulanges","url":"https:\/\/mrcvs.ca\/","logo":{"@type":"ImageObject","inLanguage":"en-US","@id":"https:\/\/mrcvs.ca\/#\/schema\/logo\/image\/","url":"https:\/\/mrcvs.ca\/wp-content\/uploads\/2018\/10\/MRC_VS_LOGO.png","contentUrl":"https:\/\/mrcvs.ca\/wp-content\/uploads\/2018\/10\/MRC_VS_LOGO.png","width":1080,"height":460,"caption":"MRC Vaudreuil-Soulanges"},"image":{"@id":"https:\/\/mrcvs.ca\/#\/schema\/logo\/image\/"},"sameAs":["https:\/\/www.facebook.com\/mrcvaudreuilsoulanges\/"]}]}},"_links":{"self":[{"href":"https:\/\/mrcvs.ca\/en\/wp-json\/wp\/v2\/pages\/4507"}],"collection":[{"href":"https:\/\/mrcvs.ca\/en\/wp-json\/wp\/v2\/pages"}],"about":[{"href":"https:\/\/mrcvs.ca\/en\/wp-json\/wp\/v2\/types\/page"}],"author":[{"embeddable":true,"href":"https:\/\/mrcvs.ca\/en\/wp-json\/wp\/v2\/users\/5"}],"replies":[{"embeddable":true,"href":"https:\/\/mrcvs.ca\/en\/wp-json\/wp\/v2\/comments?post=4507"}],"version-history":[{"count":11,"href":"https:\/\/mrcvs.ca\/en\/wp-json\/wp\/v2\/pages\/4507\/revisions"}],"predecessor-version":[{"id":29362,"href":"https:\/\/mrcvs.ca\/en\/wp-json\/wp\/v2\/pages\/4507\/revisions\/29362"}],"up":[{"embeddable":true,"href":"https:\/\/mrcvs.ca\/en\/wp-json\/wp\/v2\/pages\/4451"}],"wp:attachment":[{"href":"https:\/\/mrcvs.ca\/en\/wp-json\/wp\/v2\/media?parent=4507"}],"curies":[{"name":"wp","href":"https:\/\/api.w.org\/{rel}","templated":true}]}}