{"id":4466,"date":"2018-11-27T21:40:05","date_gmt":"2018-11-28T01:40:05","guid":{"rendered":"http:\/\/mrcvs.tofudev.com\/planification\/developpement-social-durable\/"},"modified":"2025-12-03T13:44:45","modified_gmt":"2025-12-03T18:44:45","slug":"sustainable-social-development","status":"publish","type":"page","link":"https:\/\/mrcvs.ca\/en\/planning\/sustainable-social-development\/","title":{"rendered":"Sustainable Social Development"},"content":{"rendered":"<p>[et_pb_section fb_built=&#8221;1&#8243; _builder_version=&#8221;4.16&#8243; background_color=&#8221;#15a98b&#8221; custom_padding=&#8221;40px||0px|&#8221; collapsed=&#8221;off&#8221; global_colors_info=&#8221;{}&#8221;][et_pb_row _builder_version=&#8221;4.16&#8243; custom_padding=&#8221;0px||0px|&#8221; global_colors_info=&#8221;{}&#8221;][et_pb_column type=&#8221;4_4&#8243; _builder_version=&#8221;4.16&#8243; custom_padding=&#8221;|||&#8221; global_colors_info=&#8221;{}&#8221; custom_padding__hover=&#8221;|||&#8221;][et_pb_text admin_label=&#8221;D\u00e9veloppement social durable&#8221; module_class=&#8221;smaller-text page-heading&#8221; _builder_version=&#8221;4.16&#8243; text_font_size=&#8221;11pt&#8221; text_line_height=&#8221;1.2em&#8221; header_font=&#8221;Nunito|700|||||||&#8221; header_text_color=&#8221;#ffffff&#8221; header_font_size=&#8221;42pt&#8221; header_2_font=&#8221;Nunito|700|||||||&#8221; header_2_font_size=&#8221;32pt&#8221; header_3_font=&#8221;Nunito|700|||||||&#8221; header_3_font_size=&#8221;28pt&#8221; header_3_line_height=&#8221;1.1em&#8221; header_4_font=&#8221;Nunito|700|||||||&#8221; header_4_font_size=&#8221;23pt&#8221; custom_css_main_element=&#8221;letter-spacing: 0.03em !important;&#8221; saved_tabs=&#8221;all&#8221; global_colors_info=&#8221;{}&#8221;]<\/p>\n<h1>Sustainable Social Development<\/h1>\n<p>[\/et_pb_text][\/et_pb_column][\/et_pb_row][\/et_pb_section][et_pb_section fb_built=&#8221;1&#8243; module_id=&#8221;politique-social-durable&#8221; _builder_version=&#8221;4.16&#8243; background_color=&#8221;#f1f2f2&#8243; global_colors_info=&#8221;{}&#8221;][et_pb_row _builder_version=&#8221;4.16&#8243; background_size=&#8221;initial&#8221; background_position=&#8221;top_left&#8221; background_repeat=&#8221;repeat&#8221; global_colors_info=&#8221;{}&#8221;][et_pb_column type=&#8221;4_4&#8243; _builder_version=&#8221;4.16&#8243; custom_padding=&#8221;|||&#8221; global_colors_info=&#8221;{}&#8221; custom_padding__hover=&#8221;|||&#8221;][et_pb_image src=&#8221;https:\/\/mrcvs.ca\/wp-content\/uploads\/2019\/05\/Bandeau_developpement_social_durable.jpg&#8221; align_tablet=&#8221;center&#8221; align_phone=&#8221;&#8221; align_last_edited=&#8221;on|desktop&#8221; _builder_version=&#8221;4.16&#8243; custom_margin=&#8221;||10px||false|false&#8221; animation_style=&#8221;fade&#8221; z_index_tablet=&#8221;500&#8243; global_colors_info=&#8221;{}&#8221;]&nbsp;<\/p>\n<p>&nbsp;<br \/>\n[\/et_pb_image][et_pb_text admin_label=&#8221;L\u00e9gende&#8221; module_class=&#8221;smaller-text&#8221; _builder_version=&#8221;4.16&#8243; text_font=&#8221;||on||||||&#8221; text_text_color=&#8221;#919596&#8243; text_font_size=&#8221;11px&#8221; text_line_height=&#8221;1.2em&#8221; header_font=&#8221;Nunito|700|||||||&#8221; header_font_size=&#8221;42px&#8221; text_orientation=&#8221;right&#8221; z_index_tablet=&#8221;500&#8243; custom_css_main_element=&#8221;letter-spacing: 0.03em !important;&#8221; box_shadow_horizontal_tablet=&#8221;0px&#8221; box_shadow_vertical_tablet=&#8221;0px&#8221; box_shadow_blur_tablet=&#8221;40px&#8221; box_shadow_spread_tablet=&#8221;0px&#8221; global_colors_info=&#8221;{}&#8221;]Parc de la Maison-Valois, photo credit: Josiane Farand<br \/>\n[\/et_pb_text][\/et_pb_column][\/et_pb_row][et_pb_row column_structure=&#8221;2_3,1_3&#8243; _builder_version=&#8221;4.16&#8243; background_size=&#8221;initial&#8221; background_position=&#8221;top_left&#8221; background_repeat=&#8221;repeat&#8221; global_colors_info=&#8221;{}&#8221;][et_pb_column type=&#8221;2_3&#8243; _builder_version=&#8221;4.16&#8243; custom_padding=&#8221;|||&#8221; global_colors_info=&#8221;{}&#8221; custom_padding__hover=&#8221;|||&#8221;][et_pb_text admin_label=&#8221;Politique de d\u00e9veloppement social durable&#8221; module_class=&#8221;small-text&#8221; _builder_version=&#8221;4.26.1&#8243; text_font_size=&#8221;13pt&#8221; text_line_height=&#8221;1.6em&#8221; header_font=&#8221;Nunito|700|||||||&#8221; header_font_size=&#8221;42pt&#8221; header_2_font=&#8221;Nunito|700|||||||&#8221; header_2_text_color=&#8221;#002a3e&#8221; header_2_font_size=&#8221;32pt&#8221; header_3_font=&#8221;Nunito|700|||||||&#8221; header_3_font_size=&#8221;28pt&#8221; header_3_line_height=&#8221;1.1em&#8221; header_4_font=&#8221;Nunito|700|||||||&#8221; header_4_font_size=&#8221;23pt&#8221; custom_css_main_element=&#8221;letter-spacing: 0.03em !important;&#8221; saved_tabs=&#8221;all&#8221; global_colors_info=&#8221;{}&#8221;]<\/p>\n<h2><span style=\"color: #004a58;\"><strong>Politique de d\u00e9veloppement social durable (available in French only)<\/strong><\/span><\/h2>\n<p>This policy makes it possible to act locally and regionally in order to support and develop partnerships between local organizations. Its objective is to promote the development of our citizens, while respecting their abilities and interests, and the development of supportive communities in a safe and healthy environment. The <em>Politique de d\u00e9veloppement social durable <\/em>is the result of a regional mobilisation carried out from 2006 to 2008 by a group of partners determined to commit themselves to social development in Vaudreuil-Soulanges. Recently, an update process conducted in 2018-2019 made it possible to renew the policy thanks to the participation of 581 citizens from the territory&#8217;s 23 municipalities, as well as 121 representatives of organizations from the municipal, community, institutional and business sectors. This new version of the policy was adopted on October 30, 2019 by the council of the MRC de Vaudreuil-Soulanges.<\/p>\n<p>[\/et_pb_text][\/et_pb_column][et_pb_column type=&#8221;1_3&#8243; _builder_version=&#8221;4.16&#8243; custom_padding=&#8221;|||&#8221; global_colors_info=&#8221;{}&#8221; custom_padding__hover=&#8221;|||&#8221;][et_pb_image src=&#8221;https:\/\/mrcvs.ca\/wp-content\/uploads\/2019\/11\/Politique_developpement_social_durable_Vaudreuil_Soulanges_2019.png&#8221; align_tablet=&#8221;center&#8221; align_phone=&#8221;&#8221; align_last_edited=&#8221;on|desktop&#8221; _builder_version=&#8221;4.16&#8243; animation_style=&#8221;slide&#8221; animation_direction=&#8221;right&#8221; box_shadow_style=&#8221;preset3&#8243; global_colors_info=&#8221;{}&#8221;]&nbsp;<\/p>\n<p>&nbsp;<br \/>\n[\/et_pb_image][\/et_pb_column][\/et_pb_row][et_pb_row module_class=&#8221;social-durable-btn&#8221; _builder_version=&#8221;4.16&#8243; background_size=&#8221;initial&#8221; background_position=&#8221;top_left&#8221; background_repeat=&#8221;repeat&#8221; link_option_url=&#8221;https:\/\/mrcvs.ca\/wp-content\/uploads\/2019\/11\/Politique-de-d\u00e9veloppement-social-durable_2019-11-06_LR.pdf&#8221; global_colors_info=&#8221;{}&#8221;][et_pb_column type=&#8221;4_4&#8243; _builder_version=&#8221;4.16&#8243; custom_padding=&#8221;|||&#8221; global_colors_info=&#8221;{}&#8221; custom_padding__hover=&#8221;|||&#8221;][et_pb_text admin_label=&#8221;Vous pouvez t\u00e9l\u00e9charger la Politique de d\u00e9veloppement social durable ici.&#8221; module_class=&#8221;btn_planification_link break-plan-social-durable&#8221; _builder_version=&#8221;4.16&#8243; text_font=&#8221;Nunito|800|||||||&#8221; text_text_color=&#8221;#ffffff&#8221; text_font_size=&#8221;23pt&#8221; header_text_color=&#8221;#ffffff&#8221; header_2_font=&#8221;|800|||||||&#8221; header_2_text_color=&#8221;#ffffff&#8221; background_color=&#8221;#15a98b&#8221; custom_margin=&#8221;10px||10px|&#8221; custom_padding=&#8221;20px|20px|20px|20px&#8221; link_option_url=&#8221;https:\/\/mrcvs.ca\/wp-content\/uploads\/2019\/11\/Politique-de-d\u00e9veloppement-social-durable_2019-11-06_LR.pdf&#8221; global_colors_info=&#8221;{}&#8221;]<\/p>\n<h2><a href=\"https:\/\/mrcvs.ca\/wp-content\/uploads\/2019\/11\/Politique-de-d\u00e9veloppement-social-durable_2019-11-06_LR.pdf\" target=\"_blank\" rel=\"noopener noreferrer\">Download the Politique de d\u00e9veloppement social durable (available in French only)<\/a><\/h2>\n<p>[\/et_pb_text][\/et_pb_column][\/et_pb_row][et_pb_row module_class=&#8221;social-durable-btn&#8221; _builder_version=&#8221;4.16&#8243; background_size=&#8221;initial&#8221; background_position=&#8221;top_left&#8221; background_repeat=&#8221;repeat&#8221; global_colors_info=&#8221;{}&#8221;][et_pb_column type=&#8221;4_4&#8243; _builder_version=&#8221;4.16&#8243; custom_padding=&#8221;|||&#8221; global_colors_info=&#8221;{}&#8221; custom_padding__hover=&#8221;|||&#8221;][et_pb_text admin_label=&#8221;Politique de d\u00e9veloppement social durable&#8221; module_class=&#8221;small-text&#8221; _builder_version=&#8221;4.26.1&#8243; text_font_size=&#8221;13pt&#8221; text_line_height=&#8221;1.6em&#8221; header_font=&#8221;Nunito|700|||||||&#8221; header_font_size=&#8221;42pt&#8221; header_2_font=&#8221;Nunito|700|||||||&#8221; header_2_text_color=&#8221;#002a3e&#8221; header_2_font_size=&#8221;32pt&#8221; header_3_font=&#8221;Nunito|700|||||||&#8221; header_3_font_size=&#8221;28pt&#8221; header_3_line_height=&#8221;1.1em&#8221; header_4_font=&#8221;Nunito|700|||||||&#8221; header_4_font_size=&#8221;23pt&#8221; custom_margin=&#8221;50px|||&#8221; custom_css_main_element=&#8221;letter-spacing: 0.03em !important;&#8221; saved_tabs=&#8221;all&#8221; global_colors_info=&#8221;{}&#8221;]<\/p>\n<h4><span style=\"color: #004a58;\">Suivi et mise en \u0153uvre<\/span><\/h4>\n<p>La Table de d\u00e9veloppement social de Vaudreuil-Soulanges est l\u2019espace de concertation ayant pour r\u00f4le de suivre l\u2019\u00e9volution de la Politique, \u00e0 travers diff\u00e9rents chantiers en cours<\/p>\n<p>[\/et_pb_text][et_pb_button button_url=&#8221;https:\/\/mrcvs.ca\/en\/planning\/sustainable-social-development\/politique-de-developpement-social-durable\/&#8221; url_new_window=&#8221;on&#8221; button_text=&#8221;En apprendre davantage&#8221; admin_label=&#8221;Bouton vert &#8211; page d\u00e9veloppement social&#8221; module_class=&#8221;btn-vert&#8221; _builder_version=&#8221;4.26.1&#8243; custom_button=&#8221;on&#8221; button_text_size=&#8221;16pt&#8221; button_text_color=&#8221;#f1f2f2&#8243; button_bg_color=&#8221;#15a98b&#8221; button_border_color=&#8221;#15a98b&#8221; button_border_radius=&#8221;50px&#8221; button_letter_spacing=&#8221;3px&#8221; button_font=&#8221;Nunito|700|||||||&#8221; button_use_icon=&#8221;off&#8221; background_layout=&#8221;dark&#8221; custom_padding=&#8221;5px|60px|5px|60px&#8221; custom_css_main_element=&#8221;letter-spacing: 0.03em !important;&#8221; saved_tabs=&#8221;all&#8221; global_colors_info=&#8221;{}&#8221; button_text_size__hover_enabled=&#8221;off&#8221; button_text_size__hover=&#8221;null&#8221; button_one_text_size__hover_enabled=&#8221;off&#8221; button_one_text_size__hover=&#8221;null&#8221; button_two_text_size__hover_enabled=&#8221;off&#8221; button_two_text_size__hover=&#8221;null&#8221; button_text_color__hover_enabled=&#8221;on&#8221; button_text_color__hover=&#8221;#15a98b&#8221; button_one_text_color__hover_enabled=&#8221;off&#8221; button_one_text_color__hover=&#8221;null&#8221; button_two_text_color__hover_enabled=&#8221;off&#8221; button_two_text_color__hover=&#8221;null&#8221; button_border_width__hover_enabled=&#8221;off&#8221; button_border_width__hover=&#8221;null&#8221; button_one_border_width__hover_enabled=&#8221;off&#8221; button_one_border_width__hover=&#8221;null&#8221; button_two_border_width__hover_enabled=&#8221;off&#8221; button_two_border_width__hover=&#8221;null&#8221; button_border_color__hover_enabled=&#8221;on&#8221; button_border_color__hover=&#8221;#15a98b&#8221; button_one_border_color__hover_enabled=&#8221;off&#8221; button_one_border_color__hover=&#8221;null&#8221; button_two_border_color__hover_enabled=&#8221;off&#8221; button_two_border_color__hover=&#8221;null&#8221; button_border_radius__hover_enabled=&#8221;on&#8221; button_border_radius__hover=&#8221;50px&#8221; button_one_border_radius__hover_enabled=&#8221;off&#8221; button_one_border_radius__hover=&#8221;null&#8221; button_two_border_radius__hover_enabled=&#8221;off&#8221; button_two_border_radius__hover=&#8221;null&#8221; button_letter_spacing__hover_enabled=&#8221;on&#8221; button_letter_spacing__hover=&#8221;3&#8243; button_one_letter_spacing__hover_enabled=&#8221;off&#8221; button_one_letter_spacing__hover=&#8221;null&#8221; button_two_letter_spacing__hover_enabled=&#8221;off&#8221; button_two_letter_spacing__hover=&#8221;null&#8221; button_bg_color__hover_enabled=&#8221;on&#8221; button_bg_color__hover=&#8221;#ffffff&#8221; button_one_bg_color__hover_enabled=&#8221;off&#8221; button_one_bg_color__hover=&#8221;null&#8221; button_two_bg_color__hover_enabled=&#8221;off&#8221; button_two_bg_color__hover=&#8221;null&#8221;]&nbsp;<\/p>\n<p>&nbsp;<br \/>\n[\/et_pb_button][et_pb_text admin_label=&#8221;Politique de d\u00e9veloppement social durable&#8221; module_class=&#8221;small-text&#8221; _builder_version=&#8221;4.26.1&#8243; text_font_size=&#8221;13pt&#8221; text_line_height=&#8221;1.6em&#8221; header_font=&#8221;Nunito|700|||||||&#8221; header_font_size=&#8221;42pt&#8221; header_2_font=&#8221;Nunito|700|||||||&#8221; header_2_text_color=&#8221;#002a3e&#8221; header_2_font_size=&#8221;32pt&#8221; header_3_font=&#8221;Nunito|700|||||||&#8221; header_3_font_size=&#8221;28pt&#8221; header_3_line_height=&#8221;1.1em&#8221; header_4_font=&#8221;Nunito|700|||||||&#8221; header_4_font_size=&#8221;23pt&#8221; custom_margin=&#8221;50px|||&#8221; custom_css_main_element=&#8221;letter-spacing: 0.03em !important;&#8221; saved_tabs=&#8221;all&#8221; global_colors_info=&#8221;{}&#8221;]<\/p>\n<p>Pour toute autre demande, merci de communiquer par courriel au <a href=\"mailto:alouafi@mrcvs.ca\" target=\"_blank\" rel=\"noopener\">ds@mrcvs.ca<\/a> ou par t\u00e9l\u00e9phone au 450 455-5753.<\/p>\n<p>[\/et_pb_text][\/et_pb_column][\/et_pb_row][\/et_pb_section]<\/p>\n","protected":false},"excerpt":{"rendered":"<p>Sustainable Social Development &nbsp; &nbsp; Parc de la Maison-Valois, photo credit: Josiane Farand Politique de d\u00e9veloppement social durable (available in French only) This policy makes it possible to act locally and regionally in order to support and develop partnerships between local organizations. Its objective is to promote the development of our citizens, while respecting their [&hellip;]<\/p>\n","protected":false},"author":5,"featured_media":0,"parent":4451,"menu_order":85,"comment_status":"closed","ping_status":"closed","template":"","meta":{"_et_pb_use_builder":"on","_et_pb_old_content":"","_et_gb_content_width":"","footnotes":""},"yoast_head":"<!-- This site is optimized with the Yoast SEO plugin v23.0 - https:\/\/yoast.com\/wordpress\/plugins\/seo\/ -->\n<title>Sustainable Social Development - MRC of Vaudreuil-Soulanges<\/title>\n<meta name=\"description\" content=\"The Politique de d\u00e9veloppement social durable of the MRC de Vaudreuil-Soulanges aims to improve the wellness and quality of life of citizens in the region.\" \/>\n<meta name=\"robots\" content=\"index, follow, max-snippet:-1, max-image-preview:large, max-video-preview:-1\" \/>\n<link rel=\"canonical\" href=\"https:\/\/mrcvs.ca\/en\/planning\/sustainable-social-development\/\" \/>\n<meta property=\"og:locale\" content=\"en_US\" \/>\n<meta property=\"og:type\" content=\"article\" \/>\n<meta property=\"og:title\" content=\"Sustainable Social Development - MRC of Vaudreuil-Soulanges\" \/>\n<meta property=\"og:description\" content=\"The Politique de d\u00e9veloppement social durable of the MRC de Vaudreuil-Soulanges aims to improve the wellness and quality of life of citizens in the region.\" \/>\n<meta property=\"og:url\" content=\"https:\/\/mrcvs.ca\/en\/planning\/sustainable-social-development\/\" \/>\n<meta property=\"og:site_name\" content=\"MRC of Vaudreuil-Soulanges\" \/>\n<meta property=\"article:publisher\" content=\"https:\/\/www.facebook.com\/mrcvaudreuilsoulanges\/\" \/>\n<meta property=\"article:modified_time\" content=\"2025-12-03T18:44:45+00:00\" \/>\n<meta name=\"twitter:card\" content=\"summary_large_image\" \/>\n<meta name=\"twitter:label1\" content=\"Est. reading time\" \/>\n\t<meta name=\"twitter:data1\" content=\"7 minutes\" \/>\n<script type=\"application\/ld+json\" class=\"yoast-schema-graph\">{\"@context\":\"https:\/\/schema.org\",\"@graph\":[{\"@type\":\"WebPage\",\"@id\":\"https:\/\/mrcvs.ca\/en\/planning\/sustainable-social-development\/\",\"url\":\"https:\/\/mrcvs.ca\/en\/planning\/sustainable-social-development\/\",\"name\":\"Sustainable Social Development - MRC of Vaudreuil-Soulanges\",\"isPartOf\":{\"@id\":\"https:\/\/mrcvs.ca\/#website\"},\"datePublished\":\"2018-11-28T01:40:05+00:00\",\"dateModified\":\"2025-12-03T18:44:45+00:00\",\"description\":\"The Politique de d\u00e9veloppement social durable of the MRC de Vaudreuil-Soulanges aims to improve the wellness and quality of life of citizens in the region.\",\"breadcrumb\":{\"@id\":\"https:\/\/mrcvs.ca\/en\/planning\/sustainable-social-development\/#breadcrumb\"},\"inLanguage\":\"en-US\",\"potentialAction\":[{\"@type\":\"ReadAction\",\"target\":[\"https:\/\/mrcvs.ca\/en\/planning\/sustainable-social-development\/\"]}]},{\"@type\":\"BreadcrumbList\",\"@id\":\"https:\/\/mrcvs.ca\/en\/planning\/sustainable-social-development\/#breadcrumb\",\"itemListElement\":[{\"@type\":\"ListItem\",\"position\":1,\"name\":\"Accueil\",\"item\":\"https:\/\/mrcvs.ca\/en\/\"},{\"@type\":\"ListItem\",\"position\":2,\"name\":\"Planning\",\"item\":\"https:\/\/mrcvs.ca\/en\/planning\/\"},{\"@type\":\"ListItem\",\"position\":3,\"name\":\"Sustainable Social Development\"}]},{\"@type\":\"WebSite\",\"@id\":\"https:\/\/mrcvs.ca\/#website\",\"url\":\"https:\/\/mrcvs.ca\/\",\"name\":\"MRC de Vaudreuil-Soulanges\",\"description\":\"MRC of Vaudreuil-Soulanges \",\"publisher\":{\"@id\":\"https:\/\/mrcvs.ca\/#organization\"},\"potentialAction\":[{\"@type\":\"SearchAction\",\"target\":{\"@type\":\"EntryPoint\",\"urlTemplate\":\"https:\/\/mrcvs.ca\/?s={search_term_string}\"},\"query-input\":\"required name=search_term_string\"}],\"inLanguage\":\"en-US\"},{\"@type\":\"Organization\",\"@id\":\"https:\/\/mrcvs.ca\/#organization\",\"name\":\"MRC Vaudreuil-Soulanges\",\"url\":\"https:\/\/mrcvs.ca\/\",\"logo\":{\"@type\":\"ImageObject\",\"inLanguage\":\"en-US\",\"@id\":\"https:\/\/mrcvs.ca\/#\/schema\/logo\/image\/\",\"url\":\"https:\/\/mrcvs.ca\/wp-content\/uploads\/2018\/10\/MRC_VS_LOGO.png\",\"contentUrl\":\"https:\/\/mrcvs.ca\/wp-content\/uploads\/2018\/10\/MRC_VS_LOGO.png\",\"width\":1080,\"height\":460,\"caption\":\"MRC Vaudreuil-Soulanges\"},\"image\":{\"@id\":\"https:\/\/mrcvs.ca\/#\/schema\/logo\/image\/\"},\"sameAs\":[\"https:\/\/www.facebook.com\/mrcvaudreuilsoulanges\/\"]}]}<\/script>\n<!-- \/ Yoast SEO plugin. -->","yoast_head_json":{"title":"Sustainable Social Development - MRC of Vaudreuil-Soulanges","description":"The Politique de d\u00e9veloppement social durable of the MRC de Vaudreuil-Soulanges aims to improve the wellness and quality of life of citizens in the region.","robots":{"index":"index","follow":"follow","max-snippet":"max-snippet:-1","max-image-preview":"max-image-preview:large","max-video-preview":"max-video-preview:-1"},"canonical":"https:\/\/mrcvs.ca\/en\/planning\/sustainable-social-development\/","og_locale":"en_US","og_type":"article","og_title":"Sustainable Social Development - MRC of Vaudreuil-Soulanges","og_description":"The Politique de d\u00e9veloppement social durable of the MRC de Vaudreuil-Soulanges aims to improve the wellness and quality of life of citizens in the region.","og_url":"https:\/\/mrcvs.ca\/en\/planning\/sustainable-social-development\/","og_site_name":"MRC of Vaudreuil-Soulanges","article_publisher":"https:\/\/www.facebook.com\/mrcvaudreuilsoulanges\/","article_modified_time":"2025-12-03T18:44:45+00:00","twitter_card":"summary_large_image","twitter_misc":{"Est. reading time":"7 minutes"},"schema":{"@context":"https:\/\/schema.org","@graph":[{"@type":"WebPage","@id":"https:\/\/mrcvs.ca\/en\/planning\/sustainable-social-development\/","url":"https:\/\/mrcvs.ca\/en\/planning\/sustainable-social-development\/","name":"Sustainable Social Development - MRC of Vaudreuil-Soulanges","isPartOf":{"@id":"https:\/\/mrcvs.ca\/#website"},"datePublished":"2018-11-28T01:40:05+00:00","dateModified":"2025-12-03T18:44:45+00:00","description":"The Politique de d\u00e9veloppement social durable of the MRC de Vaudreuil-Soulanges aims to improve the wellness and quality of life of citizens in the region.","breadcrumb":{"@id":"https:\/\/mrcvs.ca\/en\/planning\/sustainable-social-development\/#breadcrumb"},"inLanguage":"en-US","potentialAction":[{"@type":"ReadAction","target":["https:\/\/mrcvs.ca\/en\/planning\/sustainable-social-development\/"]}]},{"@type":"BreadcrumbList","@id":"https:\/\/mrcvs.ca\/en\/planning\/sustainable-social-development\/#breadcrumb","itemListElement":[{"@type":"ListItem","position":1,"name":"Accueil","item":"https:\/\/mrcvs.ca\/en\/"},{"@type":"ListItem","position":2,"name":"Planning","item":"https:\/\/mrcvs.ca\/en\/planning\/"},{"@type":"ListItem","position":3,"name":"Sustainable Social Development"}]},{"@type":"WebSite","@id":"https:\/\/mrcvs.ca\/#website","url":"https:\/\/mrcvs.ca\/","name":"MRC de Vaudreuil-Soulanges","description":"MRC of Vaudreuil-Soulanges ","publisher":{"@id":"https:\/\/mrcvs.ca\/#organization"},"potentialAction":[{"@type":"SearchAction","target":{"@type":"EntryPoint","urlTemplate":"https:\/\/mrcvs.ca\/?s={search_term_string}"},"query-input":"required name=search_term_string"}],"inLanguage":"en-US"},{"@type":"Organization","@id":"https:\/\/mrcvs.ca\/#organization","name":"MRC Vaudreuil-Soulanges","url":"https:\/\/mrcvs.ca\/","logo":{"@type":"ImageObject","inLanguage":"en-US","@id":"https:\/\/mrcvs.ca\/#\/schema\/logo\/image\/","url":"https:\/\/mrcvs.ca\/wp-content\/uploads\/2018\/10\/MRC_VS_LOGO.png","contentUrl":"https:\/\/mrcvs.ca\/wp-content\/uploads\/2018\/10\/MRC_VS_LOGO.png","width":1080,"height":460,"caption":"MRC Vaudreuil-Soulanges"},"image":{"@id":"https:\/\/mrcvs.ca\/#\/schema\/logo\/image\/"},"sameAs":["https:\/\/www.facebook.com\/mrcvaudreuilsoulanges\/"]}]}},"_links":{"self":[{"href":"https:\/\/mrcvs.ca\/en\/wp-json\/wp\/v2\/pages\/4466"}],"collection":[{"href":"https:\/\/mrcvs.ca\/en\/wp-json\/wp\/v2\/pages"}],"about":[{"href":"https:\/\/mrcvs.ca\/en\/wp-json\/wp\/v2\/types\/page"}],"author":[{"embeddable":true,"href":"https:\/\/mrcvs.ca\/en\/wp-json\/wp\/v2\/users\/5"}],"replies":[{"embeddable":true,"href":"https:\/\/mrcvs.ca\/en\/wp-json\/wp\/v2\/comments?post=4466"}],"version-history":[{"count":0,"href":"https:\/\/mrcvs.ca\/en\/wp-json\/wp\/v2\/pages\/4466\/revisions"}],"up":[{"embeddable":true,"href":"https:\/\/mrcvs.ca\/en\/wp-json\/wp\/v2\/pages\/4451"}],"wp:attachment":[{"href":"https:\/\/mrcvs.ca\/en\/wp-json\/wp\/v2\/media?parent=4466"}],"curies":[{"name":"wp","href":"https:\/\/api.w.org\/{rel}","templated":true}]}}