{"id":4451,"date":"2018-11-27T21:39:34","date_gmt":"2018-11-28T01:39:34","guid":{"rendered":"http:\/\/mrcvs.tofudev.com\/planification\/"},"modified":"2020-09-03T10:41:42","modified_gmt":"2020-09-03T14:41:42","slug":"planning","status":"publish","type":"page","link":"https:\/\/mrcvs.ca\/en\/planning\/","title":{"rendered":"Planning"},"content":{"rendered":"<p>[et_pb_section fb_built=&#8221;1&#8243; fullwidth=&#8221;on&#8221; _builder_version=&#8221;3.22&#8243; background_color=&#8221;#15a98b&#8221; custom_padding=&#8221;45px||45px|&#8221;][et_pb_fullwidth_code admin_label=&#8221;Ligne Bleue&#8221; _builder_version=&#8221;3.17.2&#8243;][\/et_pb_fullwidth_code][\/et_pb_section][et_pb_section fb_built=&#8221;1&#8243; _builder_version=&#8221;3.22&#8243; background_image=&#8221;https:\/\/mrcvs.ca\/wp-content\/uploads\/2018\/07\/planification_slider_background.jpg&#8221; custom_margin=&#8221;0px||0px|&#8221; custom_padding=&#8221;0px||0px|&#8221;][et_pb_row module_id=&#8221;header-slider&#8221; _builder_version=&#8221;3.25&#8243; width=&#8221;100%&#8221; max_width=&#8221;100%&#8221; custom_margin=&#8221;0px||0px|&#8221; custom_padding=&#8221;0px||0px|&#8221; use_custom_width=&#8221;on&#8221; width_unit=&#8221;off&#8221; custom_width_percent=&#8221;100%&#8221;][et_pb_column type=&#8221;4_4&#8243; module_class=&#8221;render-slick-events&#8221; _builder_version=&#8221;3.25&#8243; custom_padding=&#8221;|||&#8221; custom_padding__hover=&#8221;|||&#8221;][et_pb_text admin_label=&#8221;Slide 2&#8243; _builder_version=&#8221;4.2.2&#8243; text_text_color=&#8221;#ffffff&#8221; text_font_size=&#8221;13px&#8221; text_line_height=&#8221;1.3em&#8221; header_font=&#8221;Nunito|700|||||||&#8221; header_text_color=&#8221;#ffffff&#8221; header_font_size=&#8221;42pt&#8221; header_line_height=&#8221;0.9em&#8221; header_2_font=&#8221;Nunito|700|||||||&#8221; header_2_font_size=&#8221;32pt&#8221; header_3_font=&#8221;Nunito|700|||||||&#8221; header_3_font_size=&#8221;28pt&#8221; header_3_line_height=&#8221;1.1em&#8221; header_4_font=&#8221;Nunito|700|||||||&#8221; header_4_font_size=&#8221;23pt&#8221; background_image=&#8221;https:\/\/mrcvs.ca\/wp-content\/uploads\/2020\/05\/Planification_slide_rev.png&#8221; module_alignment=&#8221;left&#8221; custom_css_main_element=&#8221;letter-spacing: 0.03em !important;&#8221; saved_tabs=&#8221;all&#8221;]<\/p>\n<h1>Planning<\/h1>\n<p>The MRC&#8217;s mission is to facilitate cooperation and planning as well as management of territory development according to the principles of sustainable development.<br \/>\n[\/et_pb_text][et_pb_text disabled_on=&#8221;on|on|on&#8221; admin_label=&#8221;Slide 1&#8243; module_class=&#8221;small-text&#8221; _builder_version=&#8221;3.27.4&#8243; text_text_color=&#8221;#ffffff&#8221; text_font_size=&#8221;13px&#8221; text_line_height=&#8221;1.3em&#8221; header_font=&#8221;Nunito|700|||||||&#8221; header_text_color=&#8221;#ffffff&#8221; header_font_size=&#8221;42pt&#8221; header_line_height=&#8221;0.9em&#8221; header_2_font=&#8221;Nunito|700|||||||&#8221; header_2_font_size=&#8221;32pt&#8221; header_3_font=&#8221;Nunito|700|||||||&#8221; header_3_font_size=&#8221;28pt&#8221; header_3_line_height=&#8221;1.1em&#8221; header_4_font=&#8221;Nunito|700|||||||&#8221; header_4_font_size=&#8221;23pt&#8221; background_image=&#8221;https:\/\/mrcvs.ca\/wp-content\/uploads\/2018\/08\/PLANIFIER-01.png&#8221; background_size=&#8221;contain&#8221; background_position=&#8221;center_right&#8221; module_alignment=&#8221;left&#8221; custom_css_main_element=&#8221;letter-spacing: 0.03em !important;&#8221; disabled=&#8221;on&#8221; saved_tabs=&#8221;all&#8221;]<\/p>\n<h1>Planning<\/h1>\n<p>The MRC&#8217;s mission is to facilitate cooperation and planning as well as management of territory development according to the principles of sustainable development.<br \/>\n[\/et_pb_text][et_pb_text admin_label=&#8221;Slide Fi\u00e8rement&#8221; module_id=&#8221;fierement-la-region&#8221; module_class=&#8221;small-text fierement-la-region&#8221; _builder_version=&#8221;4.2.2&#8243; text_text_color=&#8221;#ffffff&#8221; text_font_size=&#8221;13px&#8221; text_line_height=&#8221;1.3em&#8221; header_font=&#8221;Nunito|700|||||||&#8221; header_text_color=&#8221;#ffffff&#8221; header_font_size=&#8221;42pt&#8221; header_line_height=&#8221;0.9em&#8221; header_2_font=&#8221;Nunito|700|||||||&#8221; header_2_font_size=&#8221;32pt&#8221; header_3_font=&#8221;Nunito|700|||||||&#8221; header_3_font_size=&#8221;28pt&#8221; header_3_line_height=&#8221;1.1em&#8221; header_4_font=&#8221;Nunito|700|||||||&#8221; header_4_font_size=&#8221;23pt&#8221; background_image=&#8221;https:\/\/mrcvs.ca\/wp-content\/uploads\/2020\/08\/MRC-007_banner-fierementvs-1200-19-1024&#215;256-2.png&#8221; background_size=&#8221;initial&#8221; module_alignment=&#8221;left&#8221; custom_css_main_element=&#8221;letter-spacing: 0.03em !important;&#8221; saved_tabs=&#8221;all&#8221;]<a class=\"btn btn-decouvrir mt20\" href=\"https:\/\/mrcvs.ca\/en\/the-mrc\/the-region\/\">Discover<\/a><br \/>\n[\/et_pb_text][\/et_pb_column][\/et_pb_row][\/et_pb_section][et_pb_section fb_built=&#8221;1&#8243; module_class=&#8221;transparent-bgd&#8221; _builder_version=&#8221;3.22&#8243;][et_pb_row module_class=&#8221;planification-links-container&#8221; _builder_version=&#8221;3.25&#8243; background_image=&#8221;https:\/\/mrcvs.ca\/wp-content\/uploads\/2018\/07\/amenagement.jpg&#8221;][et_pb_column type=&#8221;4_4&#8243; _builder_version=&#8221;3.25&#8243; custom_padding=&#8221;|||&#8221; custom_padding__hover=&#8221;|||&#8221;][et_pb_text admin_label=&#8221;Am\u00e9nagement&#8221; module_class=&#8221;menu_planification&#8221; _builder_version=&#8221;3.27.4&#8243; text_font=&#8221;Nunito|700|||||||&#8221; text_text_color=&#8221;#004a58&#8243; text_font_size=&#8221;23pt&#8221; text_line_height=&#8221;1.1em&#8221; link_font=&#8221;Nunito|700|||||||&#8221; link_text_color=&#8221;#ffffff&#8221; link_font_size=&#8221;23pt&#8221; link_line_height=&#8221;1.1em&#8221; header_font=&#8221;Nunito|700|||||||&#8221; header_font_size=&#8221;42pt&#8221; header_2_font=&#8221;Nunito|700|||||||&#8221; header_2_font_size=&#8221;32pt&#8221; header_3_font=&#8221;Nunito|700|||||||&#8221; header_3_text_color=&#8221;#ffffff&#8221; header_3_font_size=&#8221;23pt&#8221; header_3_line_height=&#8221;1.1em&#8221; header_4_font=&#8221;Nunito|700|||||||&#8221; header_4_font_size=&#8221;23pt&#8221; background_color=&#8221;#ffffff&#8221; background_size=&#8221;initial&#8221; background_position=&#8221;bottom_right&#8221; custom_padding=&#8221;20px|20px|20px|20px&#8221; custom_css_main_element=&#8221;letter-spacing: 0.03em !important;&#8221; saved_tabs=&#8221;all&#8221;]<\/p>\n<h3><a href=\"https:\/\/mrcvs.ca\/en\/planning\/territory-management\/\">Territory Management<\/a><\/h3>\n<ul>\n<li><a href=\"https:\/\/mrcvs.ca\/en\/planning\/territory-management\/#schema-amen\">Sch\u00e9ma d&#8217;am\u00e9nagement et de d\u00e9veloppement<\/a><\/li>\n<li><a href=\"https:\/\/mrcvs.ca\/en\/planning\/territory-management\/#politique-arbre\">Politique des arbres et des bois\u00e9s<\/a><\/li>\n<li><a href=\"https:\/\/mrcvs.ca\/en\/planning\/territory-management\/#plan-zone-agricole&quot;\">Plan de d\u00e9veloppement de la zone agricole<\/a><\/li>\n<\/ul>\n<p>[\/et_pb_text][\/et_pb_column][\/et_pb_row][\/et_pb_section][et_pb_section fb_built=&#8221;1&#8243; module_class=&#8221;transparent-bgd&#8221; _builder_version=&#8221;3.22&#8243;][et_pb_row module_class=&#8221;planification-links-container&#8221; _builder_version=&#8221;3.25&#8243; background_image=&#8221;https:\/\/mrcvs.ca\/wp-content\/uploads\/2018\/08\/planification_enviro.jpg&#8221;][et_pb_column type=&#8221;4_4&#8243; _builder_version=&#8221;3.25&#8243; custom_padding=&#8221;|||&#8221; custom_padding__hover=&#8221;|||&#8221;][et_pb_text admin_label=&#8221;Environnement&#8221; module_class=&#8221;menu_planification&#8221; _builder_version=&#8221;4.0.7&#8243; text_font=&#8221;Nunito|700|||||||&#8221; text_text_color=&#8221;#004a58&#8243; text_font_size=&#8221;23pt&#8221; text_line_height=&#8221;1.1em&#8221; link_font=&#8221;Nunito|700|||||||&#8221; link_text_color=&#8221;#ffffff&#8221; link_font_size=&#8221;23pt&#8221; link_line_height=&#8221;1.1em&#8221; header_font=&#8221;Nunito|700|||||||&#8221; header_font_size=&#8221;42pt&#8221; header_2_font=&#8221;Nunito|700|||||||&#8221; header_2_font_size=&#8221;32pt&#8221; header_3_font=&#8221;Nunito|700|||||||&#8221; header_3_text_color=&#8221;#ffffff&#8221; header_3_font_size=&#8221;23pt&#8221; header_3_line_height=&#8221;1.1em&#8221; header_4_font=&#8221;Nunito|700|||||||&#8221; header_4_font_size=&#8221;23pt&#8221; background_color=&#8221;#ffffff&#8221; background_size=&#8221;initial&#8221; background_position=&#8221;bottom_right&#8221; custom_padding=&#8221;20px|20px|20px|20px&#8221; custom_css_main_element=&#8221;letter-spacing: 0.03em !important;&#8221; saved_tabs=&#8221;all&#8221;]<\/p>\n<h3><a href=\"https:\/\/mrcvs.ca\/en\/planning\/environment\/\">Environment<\/a><\/h3>\n<ul>\n<li><a href=\"https:\/\/mrcvs.ca\/en\/planning\/environment\/#plans-matieres\">Plans de gestion des mati\u00e8res r\u00e9siduelles<\/a><\/li>\n<li><a href=\"https:\/\/mrcvs.ca\/en\/planning\/environment\/#politique-cours-eau\">Politique relative \u00e0 la gestion des cours d\u2019eau<\/a><\/li>\n<li><a href=\"https:\/\/mrcvs.ca\/en\/planning\/environment\/#plan-ges\">Plan d&#8217;action r\u00e9gional de r\u00e9duction des GES<\/a><\/li>\n<\/ul>\n<p>[\/et_pb_text][\/et_pb_column][\/et_pb_row][\/et_pb_section][et_pb_section fb_built=&#8221;1&#8243; module_class=&#8221;transparent-bgd&#8221; _builder_version=&#8221;3.22&#8243;][et_pb_row module_class=&#8221;planification-links-container&#8221; _builder_version=&#8221;3.25&#8243; background_image=&#8221;https:\/\/mrcvs.ca\/wp-content\/uploads\/2018\/08\/planification_securite.jpg&#8221;][et_pb_column type=&#8221;4_4&#8243; _builder_version=&#8221;3.25&#8243; custom_padding=&#8221;|||&#8221; custom_padding__hover=&#8221;|||&#8221;][et_pb_text admin_label=&#8221;S\u00e9curit\u00e9 des biens et des personnes&#8221; module_class=&#8221;menu_planification&#8221; _builder_version=&#8221;3.27.4&#8243; text_font=&#8221;Nunito|700|||||||&#8221; text_text_color=&#8221;#004a58&#8243; text_font_size=&#8221;23pt&#8221; text_line_height=&#8221;1.1em&#8221; link_font=&#8221;Nunito|700|||||||&#8221; link_text_color=&#8221;#ffffff&#8221; link_font_size=&#8221;23pt&#8221; link_line_height=&#8221;1.1em&#8221; header_font=&#8221;Nunito|700|||||||&#8221; header_font_size=&#8221;42pt&#8221; header_2_font=&#8221;Nunito|700|||||||&#8221; header_2_font_size=&#8221;32pt&#8221; header_3_font=&#8221;Nunito|700|||||||&#8221; header_3_text_color=&#8221;#ffffff&#8221; header_3_font_size=&#8221;23pt&#8221; header_3_line_height=&#8221;1.1em&#8221; header_4_font=&#8221;Nunito|700|||||||&#8221; header_4_font_size=&#8221;23pt&#8221; background_color=&#8221;#ffffff&#8221; background_size=&#8221;initial&#8221; background_position=&#8221;bottom_right&#8221; custom_padding=&#8221;20px|20px|20px|20px&#8221; custom_css_main_element=&#8221;letter-spacing: 0.03em !important;&#8221; saved_tabs=&#8221;all&#8221;]<\/p>\n<h3><a href=\"https:\/\/mrcvs.ca\/en\/planning\/public-safety\/\">Public Safety<\/a><\/h3>\n<ul>\n<li><a href=\"https:\/\/mrcvs.ca\/en\/planning\/public-safety\/#schema-couverture\">Sch\u00e9ma de couverture de risques en s\u00e9curit\u00e9 d\u2019incendie<\/a><\/li>\n<\/ul>\n<p>[\/et_pb_text][\/et_pb_column][\/et_pb_row][\/et_pb_section][et_pb_section fb_built=&#8221;1&#8243; module_class=&#8221;transparent-bgd&#8221; _builder_version=&#8221;3.22&#8243;][et_pb_row module_class=&#8221;planification-links-container&#8221; _builder_version=&#8221;3.25&#8243; background_image=&#8221;https:\/\/mrcvs.ca\/wp-content\/uploads\/2018\/08\/bandeau-culture-planification.jpg&#8221;][et_pb_column type=&#8221;4_4&#8243; _builder_version=&#8221;3.25&#8243; custom_padding=&#8221;|||&#8221; custom_padding__hover=&#8221;|||&#8221;][et_pb_text admin_label=&#8221;Culture&#8221; module_class=&#8221;menu_planification&#8221; _builder_version=&#8221;3.27.4&#8243; text_font=&#8221;Nunito|700|||||||&#8221; text_text_color=&#8221;#004a58&#8243; text_font_size=&#8221;23pt&#8221; text_line_height=&#8221;1.1em&#8221; link_font=&#8221;Nunito|700|||||||&#8221; link_text_color=&#8221;#ffffff&#8221; link_font_size=&#8221;23pt&#8221; link_line_height=&#8221;1.1em&#8221; header_font=&#8221;Nunito|700|||||||&#8221; header_font_size=&#8221;42pt&#8221; header_2_font=&#8221;Nunito|700|||||||&#8221; header_2_font_size=&#8221;32pt&#8221; header_3_font=&#8221;Nunito|700|||||||&#8221; header_3_text_color=&#8221;#ffffff&#8221; header_3_font_size=&#8221;23pt&#8221; header_3_line_height=&#8221;1.1em&#8221; header_4_font=&#8221;Nunito|700|||||||&#8221; header_4_font_size=&#8221;23pt&#8221; background_color=&#8221;#ffffff&#8221; background_size=&#8221;initial&#8221; background_position=&#8221;bottom_right&#8221; custom_padding=&#8221;20px|20px|20px|20px&#8221; custom_css_main_element=&#8221;letter-spacing: 0.03em !important;&#8221; saved_tabs=&#8221;all&#8221;]<\/p>\n<h3><a href=\"https:\/\/mrcvs.ca\/en\/planning\/culture\/\">Culture<\/a><\/h3>\n<ul>\n<li><a href=\"https:\/\/mrcvs.ca\/en\/planning\/culture\/#politique-culturelle-durable\">Politique culturelle dans la voie du d\u00e9veloppement durable<\/a><\/li>\n<\/ul>\n<p>[\/et_pb_text][\/et_pb_column][\/et_pb_row][\/et_pb_section][et_pb_section fb_built=&#8221;1&#8243; module_class=&#8221;transparent-bgd&#8221; _builder_version=&#8221;3.22&#8243;][et_pb_row module_class=&#8221;planification-links-container&#8221; _builder_version=&#8221;3.25&#8243; background_image=&#8221;https:\/\/mrcvs.ca\/wp-content\/uploads\/2018\/08\/bandeau_developpement-social_planification.jpg&#8221;][et_pb_column type=&#8221;4_4&#8243; _builder_version=&#8221;3.25&#8243; custom_padding=&#8221;|||&#8221; custom_padding__hover=&#8221;|||&#8221;][et_pb_text admin_label=&#8221;D\u00e9veloppement social durable&#8221; module_class=&#8221;menu_planification&#8221; _builder_version=&#8221;3.27.4&#8243; text_font=&#8221;Nunito|700|||||||&#8221; text_text_color=&#8221;#004a58&#8243; text_font_size=&#8221;23pt&#8221; text_line_height=&#8221;1.1em&#8221; link_font=&#8221;Nunito|700|||||||&#8221; link_text_color=&#8221;#ffffff&#8221; link_font_size=&#8221;23pt&#8221; link_line_height=&#8221;1.1em&#8221; header_font=&#8221;Nunito|700|||||||&#8221; header_font_size=&#8221;42pt&#8221; header_2_font=&#8221;Nunito|700|||||||&#8221; header_2_font_size=&#8221;32pt&#8221; header_3_font=&#8221;Nunito|700|||||||&#8221; header_3_text_color=&#8221;#ffffff&#8221; header_3_font_size=&#8221;23pt&#8221; header_3_line_height=&#8221;1.1em&#8221; header_4_font=&#8221;Nunito|700|||||||&#8221; header_4_font_size=&#8221;23pt&#8221; background_color=&#8221;#ffffff&#8221; background_size=&#8221;initial&#8221; custom_padding=&#8221;20px|20px|20px|20px&#8221; z_index_tablet=&#8221;500&#8243; custom_css_main_element=&#8221;letter-spacing: 0.03em !important;&#8221; saved_tabs=&#8221;all&#8221;]<\/p>\n<h3><a href=\"https:\/\/mrcvs.ca\/en\/planning\/sustainable-social-development\/\">Sustainable Social Development<\/a><\/h3>\n<ul>\n<li><a href=\"https:\/\/mrcvs.ca\/en\/planning\/sustainable-social-development\/#politique-social-durable\">Politique de d\u00e9veloppement social durable<\/a><\/li>\n<\/ul>\n<p>[\/et_pb_text][\/et_pb_column][\/et_pb_row][\/et_pb_section]<\/p>\n","protected":false},"excerpt":{"rendered":"<p>Planning The MRC&#8217;s mission is to facilitate cooperation and planning as well as management of territory development according to the principles of sustainable development. Planning The MRC&#8217;s mission is to facilitate cooperation and planning as well as management of territory development according to the principles of sustainable development. Discover Territory Management Sch\u00e9ma d&#8217;am\u00e9nagement et de [&hellip;]<\/p>\n","protected":false},"author":5,"featured_media":0,"parent":0,"menu_order":45,"comment_status":"closed","ping_status":"closed","template":"","meta":{"_et_pb_use_builder":"on","_et_pb_old_content":"","_et_gb_content_width":"","footnotes":""},"yoast_head":"<!-- This site is optimized with the Yoast SEO plugin v23.0 - https:\/\/yoast.com\/wordpress\/plugins\/seo\/ -->\n<title>Planning - MRC of Vaudreuil-Soulanges<\/title>\n<meta name=\"description\" content=\"The MRC de Vaudreuil-Soulanges&#039; mission is to facilitate cooperation and planning and management of territory development according to the principles of sustainable development.\" \/>\n<meta name=\"robots\" content=\"index, follow, max-snippet:-1, max-image-preview:large, max-video-preview:-1\" \/>\n<link rel=\"canonical\" href=\"https:\/\/mrcvs.ca\/en\/planning\/\" \/>\n<meta property=\"og:locale\" content=\"en_US\" \/>\n<meta property=\"og:type\" content=\"article\" \/>\n<meta property=\"og:title\" content=\"Planning - MRC of Vaudreuil-Soulanges\" \/>\n<meta property=\"og:description\" content=\"The MRC de Vaudreuil-Soulanges&#039; mission is to facilitate cooperation and planning and management of territory development according to the principles of sustainable development.\" \/>\n<meta property=\"og:url\" content=\"https:\/\/mrcvs.ca\/en\/planning\/\" \/>\n<meta property=\"og:site_name\" content=\"MRC of Vaudreuil-Soulanges\" \/>\n<meta property=\"article:publisher\" content=\"https:\/\/www.facebook.com\/mrcvaudreuilsoulanges\/\" \/>\n<meta property=\"article:modified_time\" content=\"2020-09-03T14:41:42+00:00\" \/>\n<meta name=\"twitter:card\" content=\"summary_large_image\" \/>\n<meta name=\"twitter:label1\" content=\"Est. reading time\" \/>\n\t<meta name=\"twitter:data1\" content=\"7 minutes\" \/>\n<script type=\"application\/ld+json\" class=\"yoast-schema-graph\">{\"@context\":\"https:\/\/schema.org\",\"@graph\":[{\"@type\":\"WebPage\",\"@id\":\"https:\/\/mrcvs.ca\/en\/planning\/\",\"url\":\"https:\/\/mrcvs.ca\/en\/planning\/\",\"name\":\"Planning - MRC of Vaudreuil-Soulanges\",\"isPartOf\":{\"@id\":\"https:\/\/mrcvs.ca\/#website\"},\"datePublished\":\"2018-11-28T01:39:34+00:00\",\"dateModified\":\"2020-09-03T14:41:42+00:00\",\"description\":\"The MRC de Vaudreuil-Soulanges' mission is to facilitate cooperation and planning and management of territory development according to the principles of sustainable development.\",\"breadcrumb\":{\"@id\":\"https:\/\/mrcvs.ca\/en\/planning\/#breadcrumb\"},\"inLanguage\":\"en-US\",\"potentialAction\":[{\"@type\":\"ReadAction\",\"target\":[\"https:\/\/mrcvs.ca\/en\/planning\/\"]}]},{\"@type\":\"BreadcrumbList\",\"@id\":\"https:\/\/mrcvs.ca\/en\/planning\/#breadcrumb\",\"itemListElement\":[{\"@type\":\"ListItem\",\"position\":1,\"name\":\"Accueil\",\"item\":\"https:\/\/mrcvs.ca\/en\/\"},{\"@type\":\"ListItem\",\"position\":2,\"name\":\"Planning\"}]},{\"@type\":\"WebSite\",\"@id\":\"https:\/\/mrcvs.ca\/#website\",\"url\":\"https:\/\/mrcvs.ca\/\",\"name\":\"MRC de Vaudreuil-Soulanges\",\"description\":\"MRC of Vaudreuil-Soulanges \",\"publisher\":{\"@id\":\"https:\/\/mrcvs.ca\/#organization\"},\"potentialAction\":[{\"@type\":\"SearchAction\",\"target\":{\"@type\":\"EntryPoint\",\"urlTemplate\":\"https:\/\/mrcvs.ca\/?s={search_term_string}\"},\"query-input\":\"required name=search_term_string\"}],\"inLanguage\":\"en-US\"},{\"@type\":\"Organization\",\"@id\":\"https:\/\/mrcvs.ca\/#organization\",\"name\":\"MRC Vaudreuil-Soulanges\",\"url\":\"https:\/\/mrcvs.ca\/\",\"logo\":{\"@type\":\"ImageObject\",\"inLanguage\":\"en-US\",\"@id\":\"https:\/\/mrcvs.ca\/#\/schema\/logo\/image\/\",\"url\":\"https:\/\/mrcvs.ca\/wp-content\/uploads\/2018\/10\/MRC_VS_LOGO.png\",\"contentUrl\":\"https:\/\/mrcvs.ca\/wp-content\/uploads\/2018\/10\/MRC_VS_LOGO.png\",\"width\":1080,\"height\":460,\"caption\":\"MRC Vaudreuil-Soulanges\"},\"image\":{\"@id\":\"https:\/\/mrcvs.ca\/#\/schema\/logo\/image\/\"},\"sameAs\":[\"https:\/\/www.facebook.com\/mrcvaudreuilsoulanges\/\"]}]}<\/script>\n<!-- \/ Yoast SEO plugin. -->","yoast_head_json":{"title":"Planning - MRC of Vaudreuil-Soulanges","description":"The MRC de Vaudreuil-Soulanges' mission is to facilitate cooperation and planning and management of territory development according to the principles of sustainable development.","robots":{"index":"index","follow":"follow","max-snippet":"max-snippet:-1","max-image-preview":"max-image-preview:large","max-video-preview":"max-video-preview:-1"},"canonical":"https:\/\/mrcvs.ca\/en\/planning\/","og_locale":"en_US","og_type":"article","og_title":"Planning - MRC of Vaudreuil-Soulanges","og_description":"The MRC de Vaudreuil-Soulanges' mission is to facilitate cooperation and planning and management of territory development according to the principles of sustainable development.","og_url":"https:\/\/mrcvs.ca\/en\/planning\/","og_site_name":"MRC of Vaudreuil-Soulanges","article_publisher":"https:\/\/www.facebook.com\/mrcvaudreuilsoulanges\/","article_modified_time":"2020-09-03T14:41:42+00:00","twitter_card":"summary_large_image","twitter_misc":{"Est. reading time":"7 minutes"},"schema":{"@context":"https:\/\/schema.org","@graph":[{"@type":"WebPage","@id":"https:\/\/mrcvs.ca\/en\/planning\/","url":"https:\/\/mrcvs.ca\/en\/planning\/","name":"Planning - MRC of Vaudreuil-Soulanges","isPartOf":{"@id":"https:\/\/mrcvs.ca\/#website"},"datePublished":"2018-11-28T01:39:34+00:00","dateModified":"2020-09-03T14:41:42+00:00","description":"The MRC de Vaudreuil-Soulanges' mission is to facilitate cooperation and planning and management of territory development according to the principles of sustainable development.","breadcrumb":{"@id":"https:\/\/mrcvs.ca\/en\/planning\/#breadcrumb"},"inLanguage":"en-US","potentialAction":[{"@type":"ReadAction","target":["https:\/\/mrcvs.ca\/en\/planning\/"]}]},{"@type":"BreadcrumbList","@id":"https:\/\/mrcvs.ca\/en\/planning\/#breadcrumb","itemListElement":[{"@type":"ListItem","position":1,"name":"Accueil","item":"https:\/\/mrcvs.ca\/en\/"},{"@type":"ListItem","position":2,"name":"Planning"}]},{"@type":"WebSite","@id":"https:\/\/mrcvs.ca\/#website","url":"https:\/\/mrcvs.ca\/","name":"MRC de Vaudreuil-Soulanges","description":"MRC of Vaudreuil-Soulanges ","publisher":{"@id":"https:\/\/mrcvs.ca\/#organization"},"potentialAction":[{"@type":"SearchAction","target":{"@type":"EntryPoint","urlTemplate":"https:\/\/mrcvs.ca\/?s={search_term_string}"},"query-input":"required name=search_term_string"}],"inLanguage":"en-US"},{"@type":"Organization","@id":"https:\/\/mrcvs.ca\/#organization","name":"MRC Vaudreuil-Soulanges","url":"https:\/\/mrcvs.ca\/","logo":{"@type":"ImageObject","inLanguage":"en-US","@id":"https:\/\/mrcvs.ca\/#\/schema\/logo\/image\/","url":"https:\/\/mrcvs.ca\/wp-content\/uploads\/2018\/10\/MRC_VS_LOGO.png","contentUrl":"https:\/\/mrcvs.ca\/wp-content\/uploads\/2018\/10\/MRC_VS_LOGO.png","width":1080,"height":460,"caption":"MRC Vaudreuil-Soulanges"},"image":{"@id":"https:\/\/mrcvs.ca\/#\/schema\/logo\/image\/"},"sameAs":["https:\/\/www.facebook.com\/mrcvaudreuilsoulanges\/"]}]}},"_links":{"self":[{"href":"https:\/\/mrcvs.ca\/en\/wp-json\/wp\/v2\/pages\/4451"}],"collection":[{"href":"https:\/\/mrcvs.ca\/en\/wp-json\/wp\/v2\/pages"}],"about":[{"href":"https:\/\/mrcvs.ca\/en\/wp-json\/wp\/v2\/types\/page"}],"author":[{"embeddable":true,"href":"https:\/\/mrcvs.ca\/en\/wp-json\/wp\/v2\/users\/5"}],"replies":[{"embeddable":true,"href":"https:\/\/mrcvs.ca\/en\/wp-json\/wp\/v2\/comments?post=4451"}],"version-history":[{"count":0,"href":"https:\/\/mrcvs.ca\/en\/wp-json\/wp\/v2\/pages\/4451\/revisions"}],"wp:attachment":[{"href":"https:\/\/mrcvs.ca\/en\/wp-json\/wp\/v2\/media?parent=4451"}],"curies":[{"name":"wp","href":"https:\/\/api.w.org\/{rel}","templated":true}]}}