{"id":4160,"date":"2018-11-27T21:22:45","date_gmt":"2018-11-28T01:22:45","guid":{"rendered":"http:\/\/mrcvs.tofudev.com\/outil-tricycle\/"},"modified":"2019-04-10T10:18:40","modified_gmt":"2019-04-10T14:18:40","slug":"tricycle-tool","status":"publish","type":"page","link":"https:\/\/mrcvs.ca\/en\/tricycle-tool\/","title":{"rendered":"TRICYCLE Tool"},"content":{"rendered":"<p>[et_pb_section bb_built=&#8221;1&#8243; specialty=&#8221;off&#8221; _builder_version=&#8221;3.5.1&#8243; background_color=&#8221;#38b449&#8243; custom_padding=&#8221;40px||0px|&#8221; collapsed=&#8221;off&#8221; next_background_color=&#8221;#ffffff&#8221;][et_pb_row _builder_version=&#8221;3.5.1&#8243; custom_padding=&#8221;0px||0px|&#8221;][et_pb_column type=&#8221;4_4&#8243;][et_pb_text admin_label=&#8221;Ent\u00eate Environnement&#8221; _builder_version=&#8221;3.15&#8243; header_font=&#8221;Nunito|700|||||||&#8221; header_font_size=&#8221;42pt&#8221; header_2_font=&#8221;Nunito|700|||||||&#8221; header_2_font_size=&#8221;32pt&#8221; header_3_font=&#8221;Nunito|700|||||||&#8221; header_3_font_size=&#8221;28pt&#8221; header_3_line_height=&#8221;1.1em&#8221; header_4_font=&#8221;Nunito|700|||||||&#8221; header_4_font_size=&#8221;23pt&#8221; saved_tabs=&#8221;all&#8221; module_class=&#8221;smaller-text page-heading&#8221; text_font_size=&#8221;11pt&#8221; text_line_height=&#8221;1.2em&#8221; custom_css_main_element=&#8221;letter-spacing: 0.03em !important;&#8221; header_text_color=&#8221;#ffffff&#8221;]<\/p>\n<h1>Environment<\/h1>\n<p>[\/et_pb_text][\/et_pb_column][\/et_pb_row][\/et_pb_section][et_pb_section bb_built=&#8221;1&#8243; admin_label=&#8221;Regions&#8221; specialty=&#8221;off&#8221; _builder_version=&#8221;3.5.1&#8243; background_image=&#8221;https:\/\/mrcvs.ca\/wp-content\/uploads\/2018\/07\/outil-tricycle-bgd-image.jpg&#8221; custom_padding=&#8221;90px||90px|&#8221; module_class=&#8221;accueil-regions&#8221; prev_background_color=&#8221;#38b449&#8243;][et_pb_row _builder_version=&#8221;3.15&#8243; padding_left_1=&#8221;150px&#8221; module_class=&#8221;tricycle-header-text-image&#8221;][et_pb_column type=&#8221;4_4&#8243;][et_pb_text admin_label=&#8221;L\u2019outil TRICYCLE&#8221; _builder_version=&#8221;3.15&#8243; header_font=&#8221;Nunito|700|||||||&#8221; header_font_size=&#8221;42pt&#8221; header_2_font=&#8221;Nunito|700|||||||&#8221; header_2_font_size=&#8221;32pt&#8221; header_3_font=&#8221;Nunito|700|||||||&#8221; header_3_font_size=&#8221;28pt&#8221; header_3_line_height=&#8221;1.1em&#8221; header_4_font=&#8221;Nunito|700|||||||&#8221; header_4_font_size=&#8221;23pt&#8221; saved_tabs=&#8221;all&#8221; module_class=&#8221;smaller-text&#8221; text_font_size=&#8221;11pt&#8221; text_line_height=&#8221;1.2em&#8221; custom_css_main_element=&#8221;letter-spacing: 0.03em !important;&#8221; text_text_color=&#8221;#f1f2f2&#8243; header_3_text_color=&#8221;#f1f2f2&#8243; custom_padding=&#8221;60px||0px|&#8221;]<\/p>\n<h3>TRICYCLE Tool<\/h3>\n<p>Tricycle est un outil d\u2019aide au TRI d\u00e9velopp\u00e9 par la MRC de Vaudreuil-Soulanges qui s\u2019inscrit dans le CYCLE de la r\u00e9duction, de la r\u00e9utilisation, du recyclage et de la valorisation des mati\u00e8res r\u00e9siduelles.<\/p>\n<p>[\/et_pb_text][et_pb_button admin_label=&#8221;Visiter le site web&#8221; _builder_version=&#8221;3.9&#8243; button_text=&#8221;Visit the Website&#8221; button_url=&#8221;https:\/\/tricycle-mrcvs.ca\/en&#8221; background_layout=&#8221;dark&#8221; custom_button=&#8221;on&#8221; button_text_size=&#8221;16pt&#8221; button_text_color=&#8221;#ffffff&#8221; button_bg_color=&#8221;rgba(255,255,255,0)&#8221; button_border_color=&#8221;#ffffff&#8221; button_border_radius=&#8221;50px&#8221; button_letter_spacing=&#8221;3px&#8221; button_font=&#8221;Nunito|700|||||||&#8221; button_use_icon=&#8221;off&#8221; button_text_color_hover=&#8221;#38b449&#8243; button_bg_color_hover=&#8221;#ffffff&#8221; button_border_color_hover=&#8221;#ffffff&#8221; button_border_radius_hover=&#8221;50px&#8221; button_letter_spacing_hover=&#8221;3&#8243; module_class=&#8221;btn-vert&#8221; custom_padding=&#8221;5px|60px|5px|60px&#8221; custom_css_main_element=&#8221;letter-spacing: 0.03em !important;&#8221; saved_tabs=&#8221;all&#8221; \/][\/et_pb_column][\/et_pb_row][\/et_pb_section]<\/p>\n","protected":false},"excerpt":{"rendered":"<p>Environment TRICYCLE Tool Tricycle est un outil d\u2019aide au TRI d\u00e9velopp\u00e9 par la MRC de Vaudreuil-Soulanges qui s\u2019inscrit dans le CYCLE de la r\u00e9duction, de la r\u00e9utilisation, du recyclage et de la valorisation des mati\u00e8res r\u00e9siduelles.<\/p>\n","protected":false},"author":5,"featured_media":0,"parent":0,"menu_order":65,"comment_status":"closed","ping_status":"closed","template":"","meta":{"_et_pb_use_builder":"on","_et_pb_old_content":"","_et_gb_content_width":"","footnotes":""},"yoast_head":"<!-- This site is optimized with the Yoast SEO plugin v23.0 - https:\/\/yoast.com\/wordpress\/plugins\/seo\/ -->\n<title>TRICYCLE Tool - MRC of Vaudreuil-Soulanges<\/title>\n<meta name=\"robots\" content=\"index, follow, max-snippet:-1, max-image-preview:large, max-video-preview:-1\" \/>\n<link rel=\"canonical\" href=\"https:\/\/mrcvs.ca\/en\/tricycle-tool\/\" \/>\n<meta property=\"og:locale\" content=\"en_US\" \/>\n<meta property=\"og:type\" content=\"article\" \/>\n<meta property=\"og:title\" content=\"TRICYCLE Tool - MRC of Vaudreuil-Soulanges\" \/>\n<meta property=\"og:description\" content=\"Environment TRICYCLE Tool Tricycle est un outil d\u2019aide au TRI d\u00e9velopp\u00e9 par la MRC de Vaudreuil-Soulanges qui s\u2019inscrit dans le CYCLE de la r\u00e9duction, de la r\u00e9utilisation, du recyclage et de la valorisation des mati\u00e8res r\u00e9siduelles.\" \/>\n<meta property=\"og:url\" content=\"https:\/\/mrcvs.ca\/en\/tricycle-tool\/\" \/>\n<meta property=\"og:site_name\" content=\"MRC of Vaudreuil-Soulanges\" \/>\n<meta property=\"article:publisher\" content=\"https:\/\/www.facebook.com\/mrcvaudreuilsoulanges\/\" \/>\n<meta property=\"article:modified_time\" content=\"2019-04-10T14:18:40+00:00\" \/>\n<meta name=\"twitter:card\" content=\"summary_large_image\" \/>\n<meta name=\"twitter:label1\" content=\"Est. reading time\" \/>\n\t<meta name=\"twitter:data1\" content=\"2 minutes\" \/>\n<script type=\"application\/ld+json\" class=\"yoast-schema-graph\">{\"@context\":\"https:\/\/schema.org\",\"@graph\":[{\"@type\":\"WebPage\",\"@id\":\"https:\/\/mrcvs.ca\/en\/tricycle-tool\/\",\"url\":\"https:\/\/mrcvs.ca\/en\/tricycle-tool\/\",\"name\":\"TRICYCLE Tool - MRC of Vaudreuil-Soulanges\",\"isPartOf\":{\"@id\":\"https:\/\/mrcvs.ca\/#website\"},\"datePublished\":\"2018-11-28T01:22:45+00:00\",\"dateModified\":\"2019-04-10T14:18:40+00:00\",\"breadcrumb\":{\"@id\":\"https:\/\/mrcvs.ca\/en\/tricycle-tool\/#breadcrumb\"},\"inLanguage\":\"en-US\",\"potentialAction\":[{\"@type\":\"ReadAction\",\"target\":[\"https:\/\/mrcvs.ca\/en\/tricycle-tool\/\"]}]},{\"@type\":\"BreadcrumbList\",\"@id\":\"https:\/\/mrcvs.ca\/en\/tricycle-tool\/#breadcrumb\",\"itemListElement\":[{\"@type\":\"ListItem\",\"position\":1,\"name\":\"Accueil\",\"item\":\"https:\/\/mrcvs.ca\/en\/\"},{\"@type\":\"ListItem\",\"position\":2,\"name\":\"TRICYCLE Tool\"}]},{\"@type\":\"WebSite\",\"@id\":\"https:\/\/mrcvs.ca\/#website\",\"url\":\"https:\/\/mrcvs.ca\/\",\"name\":\"MRC de Vaudreuil-Soulanges\",\"description\":\"MRC of Vaudreuil-Soulanges \",\"publisher\":{\"@id\":\"https:\/\/mrcvs.ca\/#organization\"},\"potentialAction\":[{\"@type\":\"SearchAction\",\"target\":{\"@type\":\"EntryPoint\",\"urlTemplate\":\"https:\/\/mrcvs.ca\/?s={search_term_string}\"},\"query-input\":\"required name=search_term_string\"}],\"inLanguage\":\"en-US\"},{\"@type\":\"Organization\",\"@id\":\"https:\/\/mrcvs.ca\/#organization\",\"name\":\"MRC Vaudreuil-Soulanges\",\"url\":\"https:\/\/mrcvs.ca\/\",\"logo\":{\"@type\":\"ImageObject\",\"inLanguage\":\"en-US\",\"@id\":\"https:\/\/mrcvs.ca\/#\/schema\/logo\/image\/\",\"url\":\"https:\/\/mrcvs.ca\/wp-content\/uploads\/2018\/10\/MRC_VS_LOGO.png\",\"contentUrl\":\"https:\/\/mrcvs.ca\/wp-content\/uploads\/2018\/10\/MRC_VS_LOGO.png\",\"width\":1080,\"height\":460,\"caption\":\"MRC Vaudreuil-Soulanges\"},\"image\":{\"@id\":\"https:\/\/mrcvs.ca\/#\/schema\/logo\/image\/\"},\"sameAs\":[\"https:\/\/www.facebook.com\/mrcvaudreuilsoulanges\/\"]}]}<\/script>\n<!-- \/ Yoast SEO plugin. -->","yoast_head_json":{"title":"TRICYCLE Tool - MRC of Vaudreuil-Soulanges","robots":{"index":"index","follow":"follow","max-snippet":"max-snippet:-1","max-image-preview":"max-image-preview:large","max-video-preview":"max-video-preview:-1"},"canonical":"https:\/\/mrcvs.ca\/en\/tricycle-tool\/","og_locale":"en_US","og_type":"article","og_title":"TRICYCLE Tool - MRC of Vaudreuil-Soulanges","og_description":"Environment TRICYCLE Tool Tricycle est un outil d\u2019aide au TRI d\u00e9velopp\u00e9 par la MRC de Vaudreuil-Soulanges qui s\u2019inscrit dans le CYCLE de la r\u00e9duction, de la r\u00e9utilisation, du recyclage et de la valorisation des mati\u00e8res r\u00e9siduelles.","og_url":"https:\/\/mrcvs.ca\/en\/tricycle-tool\/","og_site_name":"MRC of Vaudreuil-Soulanges","article_publisher":"https:\/\/www.facebook.com\/mrcvaudreuilsoulanges\/","article_modified_time":"2019-04-10T14:18:40+00:00","twitter_card":"summary_large_image","twitter_misc":{"Est. reading time":"2 minutes"},"schema":{"@context":"https:\/\/schema.org","@graph":[{"@type":"WebPage","@id":"https:\/\/mrcvs.ca\/en\/tricycle-tool\/","url":"https:\/\/mrcvs.ca\/en\/tricycle-tool\/","name":"TRICYCLE Tool - MRC of Vaudreuil-Soulanges","isPartOf":{"@id":"https:\/\/mrcvs.ca\/#website"},"datePublished":"2018-11-28T01:22:45+00:00","dateModified":"2019-04-10T14:18:40+00:00","breadcrumb":{"@id":"https:\/\/mrcvs.ca\/en\/tricycle-tool\/#breadcrumb"},"inLanguage":"en-US","potentialAction":[{"@type":"ReadAction","target":["https:\/\/mrcvs.ca\/en\/tricycle-tool\/"]}]},{"@type":"BreadcrumbList","@id":"https:\/\/mrcvs.ca\/en\/tricycle-tool\/#breadcrumb","itemListElement":[{"@type":"ListItem","position":1,"name":"Accueil","item":"https:\/\/mrcvs.ca\/en\/"},{"@type":"ListItem","position":2,"name":"TRICYCLE Tool"}]},{"@type":"WebSite","@id":"https:\/\/mrcvs.ca\/#website","url":"https:\/\/mrcvs.ca\/","name":"MRC de Vaudreuil-Soulanges","description":"MRC of Vaudreuil-Soulanges ","publisher":{"@id":"https:\/\/mrcvs.ca\/#organization"},"potentialAction":[{"@type":"SearchAction","target":{"@type":"EntryPoint","urlTemplate":"https:\/\/mrcvs.ca\/?s={search_term_string}"},"query-input":"required name=search_term_string"}],"inLanguage":"en-US"},{"@type":"Organization","@id":"https:\/\/mrcvs.ca\/#organization","name":"MRC Vaudreuil-Soulanges","url":"https:\/\/mrcvs.ca\/","logo":{"@type":"ImageObject","inLanguage":"en-US","@id":"https:\/\/mrcvs.ca\/#\/schema\/logo\/image\/","url":"https:\/\/mrcvs.ca\/wp-content\/uploads\/2018\/10\/MRC_VS_LOGO.png","contentUrl":"https:\/\/mrcvs.ca\/wp-content\/uploads\/2018\/10\/MRC_VS_LOGO.png","width":1080,"height":460,"caption":"MRC Vaudreuil-Soulanges"},"image":{"@id":"https:\/\/mrcvs.ca\/#\/schema\/logo\/image\/"},"sameAs":["https:\/\/www.facebook.com\/mrcvaudreuilsoulanges\/"]}]}},"_links":{"self":[{"href":"https:\/\/mrcvs.ca\/en\/wp-json\/wp\/v2\/pages\/4160"}],"collection":[{"href":"https:\/\/mrcvs.ca\/en\/wp-json\/wp\/v2\/pages"}],"about":[{"href":"https:\/\/mrcvs.ca\/en\/wp-json\/wp\/v2\/types\/page"}],"author":[{"embeddable":true,"href":"https:\/\/mrcvs.ca\/en\/wp-json\/wp\/v2\/users\/5"}],"replies":[{"embeddable":true,"href":"https:\/\/mrcvs.ca\/en\/wp-json\/wp\/v2\/comments?post=4160"}],"version-history":[{"count":0,"href":"https:\/\/mrcvs.ca\/en\/wp-json\/wp\/v2\/pages\/4160\/revisions"}],"wp:attachment":[{"href":"https:\/\/mrcvs.ca\/en\/wp-json\/wp\/v2\/media?parent=4160"}],"curies":[{"name":"wp","href":"https:\/\/api.w.org\/{rel}","templated":true}]}}